{"id":7034,"date":"2024-12-16T09:35:58","date_gmt":"2024-12-16T09:35:58","guid":{"rendered":"http:\/\/www.waterworld-italy.com\/contatti\/"},"modified":"2025-01-24T17:13:50","modified_gmt":"2025-01-24T17:13:50","slug":"contacts","status":"publish","type":"page","link":"https:\/\/www.waterworld-italy.com\/fr\/contacts\/","title":{"rendered":"Contacts"},"content":{"rendered":"<p>Nous sommes l\u00e0 pour r\u00e9pondre \u00e0 vos questions, vous fournir des informations suppl\u00e9mentaires et vous aider de toutes les mani\u00e8res possibles. N\u2019h\u00e9sitez pas \u00e0 nous contacter via les canaux de contact suivants.<\/p>\n","protected":false},"excerpt":{"rendered":"<p>Nous sommes l\u00e0 pour r\u00e9pondre \u00e0 vos questions, vous fournir des informations suppl\u00e9mentaires et vous aider de toutes les mani\u00e8res possibles. N\u2019h\u00e9sitez pas \u00e0 nous contacter via les canaux de contact suivants.<\/p>\n","protected":false},"author":1,"featured_media":0,"parent":0,"menu_order":0,"comment_status":"closed","ping_status":"closed","template":"page-contatti.php","meta":{"footnotes":""},"class_list":["post-7034","page","type-page","status-publish","hentry"],"_links":{"self":[{"href":"https:\/\/www.waterworld-italy.com\/fr\/wp-json\/wp\/v2\/pages\/7034","targetHints":{"allow":["GET"]}}],"collection":[{"href":"https:\/\/www.waterworld-italy.com\/fr\/wp-json\/wp\/v2\/pages"}],"about":[{"href":"https:\/\/www.waterworld-italy.com\/fr\/wp-json\/wp\/v2\/types\/page"}],"author":[{"embeddable":true,"href":"https:\/\/www.waterworld-italy.com\/fr\/wp-json\/wp\/v2\/users\/1"}],"replies":[{"embeddable":true,"href":"https:\/\/www.waterworld-italy.com\/fr\/wp-json\/wp\/v2\/comments?post=7034"}],"version-history":[{"count":2,"href":"https:\/\/www.waterworld-italy.com\/fr\/wp-json\/wp\/v2\/pages\/7034\/revisions"}],"predecessor-version":[{"id":7040,"href":"https:\/\/www.waterworld-italy.com\/fr\/wp-json\/wp\/v2\/pages\/7034\/revisions\/7040"}],"wp:attachment":[{"href":"https:\/\/www.waterworld-italy.com\/fr\/wp-json\/wp\/v2\/media?parent=7034"}],"curies":[{"name":"wp","href":"https:\/\/api.w.org\/{rel}","templated":true}]}}