{"id":116,"date":"2020-04-15T00:09:42","date_gmt":"2020-04-15T00:09:42","guid":{"rendered":"http:\/\/www.waterworld-italy.com\/wp-admin\/?post_type=product&#038;p=116"},"modified":"2024-11-27T15:37:36","modified_gmt":"2024-11-27T15:37:36","slug":"puits-filtrant-a-feuilles-avec-tuyaux-a-panier-filtrant-extractible-125-3","status":"publish","type":"product","link":"https:\/\/www.waterworld-italy.com\/fr\/produits\/reservoirs-deau-en-polyethylene\/accessoires-reservoirs-deau-en-polyethylene\/puits-filtrant-a-feuilles-avec-tuyaux-a-panier-filtrant-extractible-125-3\/","title":{"rendered":"Puisard filtrant \u00e0 feuilles avec panier filtrant amovible 125 tubes"},"content":{"rendered":"<p>Puits filtrant \u00e0 feuilles d&rsquo;un diam\u00e8tre de 420 mm. et la hauteur 780 est sp\u00e9cifique pour \u00eatre install\u00e9e sur les r\u00e9servoirs d&rsquo;eau de pluie. Les tuyaux d&rsquo;entr\u00e9e et de sortie ont un diam\u00e8tre de 125 mm<\/p>\n","protected":false},"excerpt":{"rendered":"<p><strong><a title=SCHEDA href=http:\/\/www.waterworld-italy.com\/st\/Scheda_pozzetto_filtro_foglie_FAPI.pdf target=_blank rel=noopener>SCHEDA TECNICA<\/a><br \/><\/strong><\/p>\n","protected":false},"featured_media":111,"comment_status":"open","ping_status":"closed","template":"","meta":[],"product_brand":[],"product_cat":[53],"product_tag":[],"class_list":{"0":"post-116","1":"product","2":"type-product","3":"status-publish","4":"has-post-thumbnail","6":"product_cat-accessoires-reservoirs-deau-en-polyethylene","7":"pa_prezzo-spedizione-in-italia-inclusa-fr","9":"first","10":"instock","11":"shipping-taxable","12":"purchasable","13":"product-type-simple"},"_links":{"self":[{"href":"https:\/\/www.waterworld-italy.com\/fr\/wp-json\/wp\/v2\/product\/116","targetHints":{"allow":["GET"]}}],"collection":[{"href":"https:\/\/www.waterworld-italy.com\/fr\/wp-json\/wp\/v2\/product"}],"about":[{"href":"https:\/\/www.waterworld-italy.com\/fr\/wp-json\/wp\/v2\/types\/product"}],"replies":[{"embeddable":true,"href":"https:\/\/www.waterworld-italy.com\/fr\/wp-json\/wp\/v2\/comments?post=116"}],"wp:featuredmedia":[{"embeddable":true,"href":"https:\/\/www.waterworld-italy.com\/fr\/wp-json\/wp\/v2\/media\/111"}],"wp:attachment":[{"href":"https:\/\/www.waterworld-italy.com\/fr\/wp-json\/wp\/v2\/media?parent=116"}],"wp:term":[{"taxonomy":"product_brand","embeddable":true,"href":"https:\/\/www.waterworld-italy.com\/fr\/wp-json\/wp\/v2\/product_brand?post=116"},{"taxonomy":"product_cat","embeddable":true,"href":"https:\/\/www.waterworld-italy.com\/fr\/wp-json\/wp\/v2\/product_cat?post=116"},{"taxonomy":"product_tag","embeddable":true,"href":"https:\/\/www.waterworld-italy.com\/fr\/wp-json\/wp\/v2\/product_tag?post=116"}],"curies":[{"name":"wp","href":"https:\/\/api.w.org\/{rel}","templated":true}]}}