{"id":178,"date":"2020-04-15T23:16:04","date_gmt":"2020-04-15T23:16:04","guid":{"rendered":"http:\/\/www.waterworld-italy.com\/wp-admin\/?post_type=product&#038;p=178"},"modified":"2024-11-27T15:37:38","modified_gmt":"2024-11-27T15:37:38","slug":"bac-a-graisse-piege-a-sable-lisse-500-3","status":"publish","type":"product","link":"https:\/\/www.waterworld-italy.com\/fr\/produits\/stations-depuration-des-eaux-usees\/bacs-a-graisse\/bac-a-graisse-piege-a-sable-lisse-500-3\/","title":{"rendered":"Bac \u00e0 graisse\/sableur lisse 500"},"content":{"rendered":"<p>Bac \u00e0 graisse en poly\u00e9thyl\u00e8ne utilis\u00e9 comme s\u00e9parateur d&rsquo;huiles et de graisses v\u00e9g\u00e9tales et animales. Ce bac \u00e0 graisse est conforme \u00e0 la norme uni-en 1825, \u00e9quip\u00e9 d&rsquo;une douille en PVC avec joint \u00e9tanche, d&rsquo;un \u00e9vent biogaz et de couvercles de visite qui permettent \u00e0 la fois une purge et un entretien correct. Les secteurs o\u00f9 le bac \u00e0 graisse est le plus utilis\u00e9 sont les cuisines industrielles, les \u00e9tablissements de restauration rapide, les restaurants, les h\u00f4tels et les \u00e9tablissements d&rsquo;h\u00e9bergement en g\u00e9n\u00e9ral. Les dimensions du bac \u00e0 graisse sont : diam\u00e8tre 79 cm.  et hauteur 79 cm.<\/p>\n","protected":false},"excerpt":{"rendered":"<p><strong><a title=SCHEDA href=http:\/\/www.waterworld-italy.com\/st\/Scheda_tecnica-Manuale_Degrassatori.pdf target=_blank rel=noopener>SCHEDA TECNICA<\/a><br \/><\/strong><\/p>\n","protected":false},"featured_media":179,"comment_status":"open","ping_status":"closed","template":"","meta":[],"product_brand":[],"product_cat":[125,129],"product_tag":[],"class_list":{"0":"post-178","1":"product","2":"type-product","3":"status-publish","4":"has-post-thumbnail","6":"product_cat-stations-depuration-des-eaux-usees","7":"product_cat-bacs-a-graisse","8":"pa_abitanti-equivalenti-15-fr","9":"pa_installazione-sous-sol","10":"pa_prezzo-spedizione-in-italia-inclusa-fr","11":"pa_variante-standard-italia-fr","13":"first","14":"instock","15":"shipping-taxable","16":"purchasable","17":"product-type-simple"},"_links":{"self":[{"href":"https:\/\/www.waterworld-italy.com\/fr\/wp-json\/wp\/v2\/product\/178","targetHints":{"allow":["GET"]}}],"collection":[{"href":"https:\/\/www.waterworld-italy.com\/fr\/wp-json\/wp\/v2\/product"}],"about":[{"href":"https:\/\/www.waterworld-italy.com\/fr\/wp-json\/wp\/v2\/types\/product"}],"replies":[{"embeddable":true,"href":"https:\/\/www.waterworld-italy.com\/fr\/wp-json\/wp\/v2\/comments?post=178"}],"wp:featuredmedia":[{"embeddable":true,"href":"https:\/\/www.waterworld-italy.com\/fr\/wp-json\/wp\/v2\/media\/179"}],"wp:attachment":[{"href":"https:\/\/www.waterworld-italy.com\/fr\/wp-json\/wp\/v2\/media?parent=178"}],"wp:term":[{"taxonomy":"product_brand","embeddable":true,"href":"https:\/\/www.waterworld-italy.com\/fr\/wp-json\/wp\/v2\/product_brand?post=178"},{"taxonomy":"product_cat","embeddable":true,"href":"https:\/\/www.waterworld-italy.com\/fr\/wp-json\/wp\/v2\/product_cat?post=178"},{"taxonomy":"product_tag","embeddable":true,"href":"https:\/\/www.waterworld-italy.com\/fr\/wp-json\/wp\/v2\/product_tag?post=178"}],"curies":[{"name":"wp","href":"https:\/\/api.w.org\/{rel}","templated":true}]}}