{"id":190,"date":"2020-04-15T23:16:04","date_gmt":"2020-04-15T23:16:04","guid":{"rendered":"http:\/\/www.waterworld-italy.com\/wp-admin\/?post_type=product&#038;p=190"},"modified":"2024-11-27T15:37:38","modified_gmt":"2024-11-27T15:37:38","slug":"bac-a-graisse-sous-levier-3","status":"publish","type":"product","link":"https:\/\/www.waterworld-italy.com\/fr\/produits\/stations-depuration-des-eaux-usees\/bacs-a-graisse\/bac-a-graisse-sous-levier-3\/","title":{"rendered":"Bac \u00e0 graisse sous \u00e9vier"},"content":{"rendered":"<p>Bacs \u00e0 graisse sous \u00e9vier en poly\u00e9thyl\u00e8ne pour huiles d&rsquo;origine animale et v\u00e9g\u00e9tale. Les bacs \u00e0 graisse sous \u00e9vier sont destin\u00e9s \u00e0 retenir les huiles alimentaires et peuvent \u00eatre positionn\u00e9s \u00e0 l&rsquo;int\u00e9rieur<\/p>\n","protected":false},"excerpt":{"rendered":"<p><strong><a title=SCHEDA href=http:\/\/www.waterworld-italy.com\/st\/Scheda_tecnica_NDD25SL_sottolavello.pdf target=_blank rel=noopener>SCHEDA TECNICA<\/a><br \/><\/strong><\/p>\n","protected":false},"featured_media":191,"comment_status":"open","ping_status":"closed","template":"","meta":[],"product_brand":[],"product_cat":[125,129],"product_tag":[],"class_list":{"0":"post-190","1":"product","2":"type-product","3":"status-publish","4":"has-post-thumbnail","6":"product_cat-stations-depuration-des-eaux-usees","7":"product_cat-bacs-a-graisse","8":"pa_installazione-hors-sol","9":"pa_prezzo-spedizione-in-italia-inclusa-fr","10":"pa_variante-sottolavello-fr","12":"first","13":"instock","14":"shipping-taxable","15":"purchasable","16":"product-type-simple"},"_links":{"self":[{"href":"https:\/\/www.waterworld-italy.com\/fr\/wp-json\/wp\/v2\/product\/190","targetHints":{"allow":["GET"]}}],"collection":[{"href":"https:\/\/www.waterworld-italy.com\/fr\/wp-json\/wp\/v2\/product"}],"about":[{"href":"https:\/\/www.waterworld-italy.com\/fr\/wp-json\/wp\/v2\/types\/product"}],"replies":[{"embeddable":true,"href":"https:\/\/www.waterworld-italy.com\/fr\/wp-json\/wp\/v2\/comments?post=190"}],"wp:featuredmedia":[{"embeddable":true,"href":"https:\/\/www.waterworld-italy.com\/fr\/wp-json\/wp\/v2\/media\/191"}],"wp:attachment":[{"href":"https:\/\/www.waterworld-italy.com\/fr\/wp-json\/wp\/v2\/media?parent=190"}],"wp:term":[{"taxonomy":"product_brand","embeddable":true,"href":"https:\/\/www.waterworld-italy.com\/fr\/wp-json\/wp\/v2\/product_brand?post=190"},{"taxonomy":"product_cat","embeddable":true,"href":"https:\/\/www.waterworld-italy.com\/fr\/wp-json\/wp\/v2\/product_cat?post=190"},{"taxonomy":"product_tag","embeddable":true,"href":"https:\/\/www.waterworld-italy.com\/fr\/wp-json\/wp\/v2\/product_tag?post=190"}],"curies":[{"name":"wp","href":"https:\/\/api.w.org\/{rel}","templated":true}]}}