{"id":226,"date":"2020-04-15T23:16:05","date_gmt":"2020-04-15T23:16:05","guid":{"rendered":"http:\/\/www.waterworld-italy.com\/wp-admin\/?post_type=product&#038;p=226"},"modified":"2024-11-27T15:37:39","modified_gmt":"2024-11-27T15:37:39","slug":"bac-pour-phytoremediation-de-5-m2-3","status":"publish","type":"product","link":"https:\/\/www.waterworld-italy.com\/fr\/produits\/stations-depuration-des-eaux-usees\/plante-de-phytoremediation\/bac-pour-phytoremediation-de-5-m2-3\/","title":{"rendered":"Bac de phytorem\u00e9diation de 5m2"},"content":{"rendered":"<p>Le bac pour zone humide am\u00e9nag\u00e9e est du type poly\u00e9thyl\u00e8ne lin\u00e9aire haute densit\u00e9 (LLDPE) et a une superficie de 5 m2. Il est constitu\u00e9 de canalisations et de joints de cloison. La fonction du bac de phytorem\u00e9diation est de traiter l&rsquo;eau et d&rsquo;affiner les eaux us\u00e9es pour permettre leur acheminement soit vers TAB.3, soit vers TAB.4. S&rsquo;il est correctement dimensionn\u00e9, le syst\u00e8me permet la recirculation de l&rsquo;eau, permettant ainsi un circuit ferm\u00e9.<\/p>\n","protected":false},"excerpt":{"rendered":"<p><strong><a title=SCHEDA href=http:\/\/www.waterworld-italy.com\/st\/Scheda_tecnica_GENERALE_FITODEPURAZIONE_FITO_VS5_Rev_00.pdf target=_blank rel=noopener>SCHEDA TECNICA<\/a><br \/><\/strong><\/p>\n","protected":false},"featured_media":227,"comment_status":"open","ping_status":"open","template":"","meta":[],"product_brand":[],"product_cat":[125,153],"product_tag":[],"class_list":{"0":"post-226","1":"product","2":"type-product","3":"status-publish","4":"has-post-thumbnail","6":"product_cat-stations-depuration-des-eaux-usees","7":"product_cat-plante-de-phytoremediation","8":"pa_installazione-sous-sol","9":"pa_prezzo-spedizione-in-italia-inclusa-fr","11":"first","12":"instock","13":"shipping-taxable","14":"purchasable","15":"product-type-simple"},"_links":{"self":[{"href":"https:\/\/www.waterworld-italy.com\/fr\/wp-json\/wp\/v2\/product\/226","targetHints":{"allow":["GET"]}}],"collection":[{"href":"https:\/\/www.waterworld-italy.com\/fr\/wp-json\/wp\/v2\/product"}],"about":[{"href":"https:\/\/www.waterworld-italy.com\/fr\/wp-json\/wp\/v2\/types\/product"}],"replies":[{"embeddable":true,"href":"https:\/\/www.waterworld-italy.com\/fr\/wp-json\/wp\/v2\/comments?post=226"}],"wp:featuredmedia":[{"embeddable":true,"href":"https:\/\/www.waterworld-italy.com\/fr\/wp-json\/wp\/v2\/media\/227"}],"wp:attachment":[{"href":"https:\/\/www.waterworld-italy.com\/fr\/wp-json\/wp\/v2\/media?parent=226"}],"wp:term":[{"taxonomy":"product_brand","embeddable":true,"href":"https:\/\/www.waterworld-italy.com\/fr\/wp-json\/wp\/v2\/product_brand?post=226"},{"taxonomy":"product_cat","embeddable":true,"href":"https:\/\/www.waterworld-italy.com\/fr\/wp-json\/wp\/v2\/product_cat?post=226"},{"taxonomy":"product_tag","embeddable":true,"href":"https:\/\/www.waterworld-italy.com\/fr\/wp-json\/wp\/v2\/product_tag?post=226"}],"curies":[{"name":"wp","href":"https:\/\/api.w.org\/{rel}","templated":true}]}}