{"id":2332,"date":"2020-05-03T17:23:22","date_gmt":"2020-05-03T17:23:22","guid":{"rendered":"http:\/\/www.waterworld-italy.com\/wp-admin\/?post_type=product&#038;p=2332"},"modified":"2025-02-22T09:42:21","modified_gmt":"2025-02-22T09:42:21","slug":"fosses-septiques-imhoff-emilie-romagne-ombrie","status":"publish","type":"product","link":"https:\/\/www.waterworld-italy.com\/fr\/produits\/stations-depuration-des-eaux-usees\/sia-imhoff\/fosses-septiques-imhoff-emilie-romagne-ombrie\/","title":{"rendered":"FOSSES SEPTIQUES IMHOFF \u00c9MILIE ROMAGNE\/OMBRIE"},"content":{"rendered":"<p>Fosses septiques pour la r\u00e9gion \u00c9milie-Romagne en poly\u00e9thyl\u00e8ne pour les eaux us\u00e9es des toilettes domestiques. Les fosses imhoff Emilia Romagna sont destin\u00e9es \u00e0 la r\u00e9tention de solides et permettent de r\u00e9aliser un premier traitement d\u00e9fini comme primaire. Ces fosses imhoff sont enti\u00e8rement r\u00e9alis\u00e9es en poly\u00e9thyl\u00e8ne et sont de type vertical et sont dimensionn\u00e9es pour 3 \u00e0 48 \u00e9quivalents habitants. Les fosses imhoff ont une surface lisse, de forte \u00e9paisseur ou ondul\u00e9e, con\u00e7ue pour r\u00e9sister ad\u00e9quatement aux op\u00e9rations de remblayage. Les imhoffs sont dot\u00e9s de dispositions pour l&rsquo;arriv\u00e9e et le trop-plein des eaux us\u00e9es. Au sommet l\u00e0<\/p>\n","protected":false},"excerpt":{"rendered":"<p><a href=\"http:\/\/www.waterworld-italy.com\/st\/Scheda_tecnica-Manuale_Imhoff_ER_Rev_03.pdf\" target=\"_blank\" rel=\"noopener\"><span style=\"font-size: 14pt; color: #ffcc00;\"><strong>SCHEDA TECNICA<\/strong><\/span><\/a><\/p>\n","protected":false},"featured_media":2357,"comment_status":"open","ping_status":"closed","template":"","meta":[],"product_brand":[],"product_cat":[133],"product_tag":[],"class_list":{"0":"post-2332","1":"product","2":"type-product","3":"status-publish","4":"has-post-thumbnail","6":"product_cat-sia-imhoff","7":"pa_abitanti-equivalenti-1-4","8":"pa_abitanti-equivalenti-110-4","9":"pa_abitanti-equivalenti-126-4","10":"pa_abitanti-equivalenti-160-4","11":"pa_abitanti-equivalenti-2-4","12":"pa_abitanti-equivalenti-200-4","13":"pa_abitanti-equivalenti-50-8","14":"pa_abitanti-equivalenti-75-4","15":"pa_abitanti-equivalenti-80-4","16":"pa_abitanti-equivalenti-10-fr","17":"pa_abitanti-equivalenti-10-12-fr","18":"pa_abitanti-equivalenti-108-fr","19":"pa_abitanti-equivalenti-11-fr","20":"pa_abitanti-equivalenti-12-fr","21":"pa_abitanti-equivalenti-13-fr","22":"pa_abitanti-equivalenti-14-fr","23":"pa_abitanti-equivalenti-140-fr","24":"pa_abitanti-equivalenti-15-fr","25":"pa_abitanti-equivalenti-15-18-fr","26":"pa_abitanti-equivalenti-16-fr","27":"pa_abitanti-equivalenti-165-fr","28":"pa_abitanti-equivalenti-17-fr","29":"pa_abitanti-equivalenti-17-22-fr","30":"pa_abitanti-equivalenti-18-fr","31":"pa_abitanti-equivalenti-18-23-fr","32":"pa_abitanti-equivalenti-20-fr","33":"pa_abitanti-equivalenti-21-fr","34":"pa_abitanti-equivalenti-210-fr","35":"pa_abitanti-equivalenti-22-fr","36":"pa_abitanti-equivalenti-23-fr","37":"pa_abitanti-equivalenti-24-fr","38":"pa_abitanti-equivalenti-25-fr","39":"pa_abitanti-equivalenti-25-30-fr","40":"pa_abitanti-equivalenti-250-fr","41":"pa_abitanti-equivalenti-26-fr","42":"pa_abitanti-equivalenti-27-fr","43":"pa_abitanti-equivalenti-28-fr","44":"pa_abitanti-equivalenti-3-fr","45":"pa_abitanti-equivalenti-30-fr","46":"pa_abitanti-equivalenti-31-fr","47":"pa_abitanti-equivalenti-32-fr","48":"pa_abitanti-equivalenti-33-fr","49":"pa_abitanti-equivalenti-35-fr","50":"pa_abitanti-equivalenti-36-fr","51":"pa_abitanti-equivalenti-39-fr","52":"pa_abitanti-equivalenti-4-fr","53":"pa_abitanti-equivalenti-4-5-fr","54":"pa_abitanti-equivalenti-40-fr","55":"pa_abitanti-equivalenti-40-50-fr","56":"pa_abitanti-equivalenti-42-fr","57":"pa_abitanti-equivalenti-45-fr","58":"pa_abitanti-equivalenti-47-fr","59":"pa_abitanti-equivalenti-48-fr","60":"pa_abitanti-equivalenti-5-fr","61":"pa_abitanti-equivalenti-52-fr","62":"pa_abitanti-equivalenti-55-fr","63":"pa_abitanti-equivalenti-6-fr","64":"pa_abitanti-equivalenti-6-8-fr","65":"pa_abitanti-equivalenti-60-fr","66":"pa_abitanti-equivalenti-7-fr","67":"pa_abitanti-equivalenti-70-fr","68":"pa_abitanti-equivalenti-72-fr","69":"pa_abitanti-equivalenti-8-fr","70":"pa_abitanti-equivalenti-8-10-fr","71":"pa_abitanti-equivalenti-84-fr","72":"pa_abitanti-equivalenti-9-fr","73":"pa_abitanti-equivalenti-90-fr","74":"pa_prezzo-spedizione-in-italia-inclusa-fr","76":"first","77":"outofstock","78":"shipping-taxable","79":"purchasable","80":"product-type-variable"},"_links":{"self":[{"href":"https:\/\/www.waterworld-italy.com\/fr\/wp-json\/wp\/v2\/product\/2332","targetHints":{"allow":["GET"]}}],"collection":[{"href":"https:\/\/www.waterworld-italy.com\/fr\/wp-json\/wp\/v2\/product"}],"about":[{"href":"https:\/\/www.waterworld-italy.com\/fr\/wp-json\/wp\/v2\/types\/product"}],"replies":[{"embeddable":true,"href":"https:\/\/www.waterworld-italy.com\/fr\/wp-json\/wp\/v2\/comments?post=2332"}],"wp:featuredmedia":[{"embeddable":true,"href":"https:\/\/www.waterworld-italy.com\/fr\/wp-json\/wp\/v2\/media\/2357"}],"wp:attachment":[{"href":"https:\/\/www.waterworld-italy.com\/fr\/wp-json\/wp\/v2\/media?parent=2332"}],"wp:term":[{"taxonomy":"product_brand","embeddable":true,"href":"https:\/\/www.waterworld-italy.com\/fr\/wp-json\/wp\/v2\/product_brand?post=2332"},{"taxonomy":"product_cat","embeddable":true,"href":"https:\/\/www.waterworld-italy.com\/fr\/wp-json\/wp\/v2\/product_cat?post=2332"},{"taxonomy":"product_tag","embeddable":true,"href":"https:\/\/www.waterworld-italy.com\/fr\/wp-json\/wp\/v2\/product_tag?post=2332"}],"curies":[{"name":"wp","href":"https:\/\/api.w.org\/{rel}","templated":true}]}}