{"id":234,"date":"2020-04-15T23:16:05","date_gmt":"2020-04-15T23:16:05","guid":{"rendered":"http:\/\/www.waterworld-italy.com\/wp-admin\/?post_type=product&#038;p=234"},"modified":"2024-11-27T15:37:39","modified_gmt":"2024-11-27T15:37:39","slug":"puits-de-tete-pour-bassin-devapotranspiration-3","status":"publish","type":"product","link":"https:\/\/www.waterworld-italy.com\/fr\/produits\/stations-depuration-des-eaux-usees\/plante-de-phytoremediation\/puits-de-tete-pour-bassin-devapotranspiration-3\/","title":{"rendered":"Cap bien vers le bassin d\u2019\u00e9vapotranspiration"},"content":{"rendered":"<p>Le puits de r\u00e9cup\u00e9ration permet de r\u00e9aliser ce qu&rsquo;on appelle l&rsquo;\u00e9vapotranspiration. C&rsquo;est \u00e0 dire la relance de l&rsquo;eau en amont de la station de phyto\u00e9puration.<\/p>\n","protected":false},"excerpt":{"rendered":"<p><strong><a title=SCHEDA href=http:\/\/www.waterworld-italy.com\/st\/Scheda_tecnica_GENERALE_FITODEPURAZIONE_FITO_VS5_Rev_00.pdf target=_blank rel=noopener>SCHEDA TECNICA<\/a><br \/><\/strong><\/p>\n","protected":false},"featured_media":235,"comment_status":"open","ping_status":"open","template":"","meta":[],"product_brand":[],"product_cat":[125,153],"product_tag":[],"class_list":{"0":"post-234","1":"product","2":"type-product","3":"status-publish","4":"has-post-thumbnail","6":"product_cat-stations-depuration-des-eaux-usees","7":"product_cat-plante-de-phytoremediation","8":"pa_installazione-sous-sol","9":"pa_prezzo-spedizione-in-italia-inclusa-fr","11":"first","12":"instock","13":"shipping-taxable","14":"purchasable","15":"product-type-simple"},"_links":{"self":[{"href":"https:\/\/www.waterworld-italy.com\/fr\/wp-json\/wp\/v2\/product\/234","targetHints":{"allow":["GET"]}}],"collection":[{"href":"https:\/\/www.waterworld-italy.com\/fr\/wp-json\/wp\/v2\/product"}],"about":[{"href":"https:\/\/www.waterworld-italy.com\/fr\/wp-json\/wp\/v2\/types\/product"}],"replies":[{"embeddable":true,"href":"https:\/\/www.waterworld-italy.com\/fr\/wp-json\/wp\/v2\/comments?post=234"}],"wp:featuredmedia":[{"embeddable":true,"href":"https:\/\/www.waterworld-italy.com\/fr\/wp-json\/wp\/v2\/media\/235"}],"wp:attachment":[{"href":"https:\/\/www.waterworld-italy.com\/fr\/wp-json\/wp\/v2\/media?parent=234"}],"wp:term":[{"taxonomy":"product_brand","embeddable":true,"href":"https:\/\/www.waterworld-italy.com\/fr\/wp-json\/wp\/v2\/product_brand?post=234"},{"taxonomy":"product_cat","embeddable":true,"href":"https:\/\/www.waterworld-italy.com\/fr\/wp-json\/wp\/v2\/product_cat?post=234"},{"taxonomy":"product_tag","embeddable":true,"href":"https:\/\/www.waterworld-italy.com\/fr\/wp-json\/wp\/v2\/product_tag?post=234"}],"curies":[{"name":"wp","href":"https:\/\/api.w.org\/{rel}","templated":true}]}}