{"id":242,"date":"2020-04-15T23:16:06","date_gmt":"2020-04-15T23:16:06","guid":{"rendered":"http:\/\/www.waterworld-italy.com\/wp-admin\/?post_type=product&#038;p=242"},"modified":"2024-11-27T15:37:40","modified_gmt":"2024-11-27T15:37:40","slug":"station-de-relevage-120-lt-pompe-single-enrg1-3","status":"publish","type":"product","link":"https:\/\/www.waterworld-italy.com\/fr\/produits\/stations-depuration-des-eaux-usees\/stations-de-relevage-deau\/station-de-relevage-120-lt-pompe-single-enrg1-3\/","title":{"rendered":"Station de relevage ENRG1 monopompe 120 litres"},"content":{"rendered":"<p>La station de relevage des eaux us\u00e9es est fabriqu\u00e9e en poly\u00e9thyl\u00e8ne et est \u00e9quip\u00e9e d&rsquo;une pompe avec une roue encastr\u00e9e pour des surpressions \u00e0 faible hauteur. Il est \u00e9quip\u00e9 d&rsquo;une pompe \u00e9lectrique immerg\u00e9e et d&rsquo;un clapet anti-retour \u00e0 bille en fonte, d&rsquo;un bouchon de visite et d&rsquo;un raccord d&rsquo;\u00e9vent. Les dimensions sont de 58 cm de diam\u00e8tre. pour une longueur de 66 cm. Pompe de 0,3 kW<\/p>\n","protected":false},"excerpt":{"rendered":"<p><strong><a title=SCHEDA href=http:\/\/www.waterworld-italy.com\/st\/Scheda-tecnica-Manuale-Stazioni-Di-Sollevamento_generale.pdf target=_blank rel=noopener>SCHEDA TECNICA<\/a><br \/><\/strong><\/p>\n","protected":false},"featured_media":243,"comment_status":"open","ping_status":"closed","template":"","meta":[],"product_brand":[],"product_cat":[125,173],"product_tag":[],"class_list":{"0":"post-242","1":"product","2":"type-product","3":"status-publish","4":"has-post-thumbnail","6":"product_cat-stations-depuration-des-eaux-usees","7":"product_cat-stations-de-relevage-deau","8":"pa_prezzo-spedizione-in-italia-inclusa-fr","9":"pa_variante-1-pompa-sol345-fr","11":"first","12":"outofstock","13":"shipping-taxable","14":"purchasable","15":"product-type-simple"},"_links":{"self":[{"href":"https:\/\/www.waterworld-italy.com\/fr\/wp-json\/wp\/v2\/product\/242","targetHints":{"allow":["GET"]}}],"collection":[{"href":"https:\/\/www.waterworld-italy.com\/fr\/wp-json\/wp\/v2\/product"}],"about":[{"href":"https:\/\/www.waterworld-italy.com\/fr\/wp-json\/wp\/v2\/types\/product"}],"replies":[{"embeddable":true,"href":"https:\/\/www.waterworld-italy.com\/fr\/wp-json\/wp\/v2\/comments?post=242"}],"wp:featuredmedia":[{"embeddable":true,"href":"https:\/\/www.waterworld-italy.com\/fr\/wp-json\/wp\/v2\/media\/243"}],"wp:attachment":[{"href":"https:\/\/www.waterworld-italy.com\/fr\/wp-json\/wp\/v2\/media?parent=242"}],"wp:term":[{"taxonomy":"product_brand","embeddable":true,"href":"https:\/\/www.waterworld-italy.com\/fr\/wp-json\/wp\/v2\/product_brand?post=242"},{"taxonomy":"product_cat","embeddable":true,"href":"https:\/\/www.waterworld-italy.com\/fr\/wp-json\/wp\/v2\/product_cat?post=242"},{"taxonomy":"product_tag","embeddable":true,"href":"https:\/\/www.waterworld-italy.com\/fr\/wp-json\/wp\/v2\/product_tag?post=242"}],"curies":[{"name":"wp","href":"https:\/\/api.w.org\/{rel}","templated":true}]}}