{"id":2576,"date":"2020-05-03T17:40:10","date_gmt":"2020-05-03T17:40:10","guid":{"rendered":"http:\/\/www.waterworld-italy.com\/wp-admin\/?post_type=product&#038;p=2576"},"modified":"2025-02-21T16:50:49","modified_gmt":"2025-02-21T16:50:49","slug":"fosses-septiques-tricamerales","status":"publish","type":"product","link":"https:\/\/www.waterworld-italy.com\/fr\/produits\/stations-depuration-des-eaux-usees\/fosses-septiques\/fosses-septiques-tricamerales\/","title":{"rendered":"FOSSES SEPTIQUES TRICAM\u00c9RALES"},"content":{"rendered":"<p>Fosse septique \u00e0 trois chambres en poly\u00e9thyl\u00e8ne destin\u00e9e au traitement des eaux us\u00e9es des toilettes domestiques. Les fosses septiques \u00e0 deux chambres sont compos\u00e9es de 3 fosses dispos\u00e9es en s\u00e9rie et sont destin\u00e9es \u00e0 la r\u00e9tention des mati\u00e8res solides et servent \u00e0 r\u00e9aliser un premier traitement des eaux us\u00e9es d\u00e9finies comme primaires. Ces fosses septiques sont enti\u00e8rement r\u00e9alis\u00e9es en poly\u00e9thyl\u00e8ne et sont de type vertical et sont dimensionn\u00e9es pour 6 jusqu&rsquo;\u00e0 210 \u00e9quivalents habitants. Les fosses septiques \u00e0 trois chambres ont une surface lisse, \u00e9paisse ou ondul\u00e9e, con\u00e7ue pour r\u00e9sister ad\u00e9quatement aux op\u00e9rations de remblayage. Les fosses septiques sont dot\u00e9es de dispositions pour l&rsquo;arriv\u00e9e et le trop-plein des eaux us\u00e9es. Au sommet l\u00e0<\/p>\n","protected":false},"excerpt":{"rendered":"<p><a href=\"http:\/\/www.waterworld-italy.com\/st\/Settica_tricamerale.pdf\" target=\"_blank\" rel=\"noopener\"><span style=\"font-size: 14pt; color: #ffcc00;\"><strong>SCHEDA TECNICA<\/strong><\/span><\/a><\/p>\n","protected":false},"featured_media":2605,"comment_status":"open","ping_status":"closed","template":"","meta":[],"product_brand":[],"product_cat":[125,137],"product_tag":[],"class_list":{"0":"post-2576","1":"product","2":"type-product","3":"status-publish","4":"has-post-thumbnail","6":"product_cat-stations-depuration-des-eaux-usees","7":"product_cat-fosses-septiques","8":"pa_abitanti-equivalenti-1-4","9":"pa_abitanti-equivalenti-110-4","10":"pa_abitanti-equivalenti-126-4","11":"pa_abitanti-equivalenti-160-4","12":"pa_abitanti-equivalenti-2-4","13":"pa_abitanti-equivalenti-200-4","14":"pa_abitanti-equivalenti-50-8","15":"pa_abitanti-equivalenti-75-4","16":"pa_abitanti-equivalenti-80-4","17":"pa_abitanti-equivalenti-10-fr","18":"pa_abitanti-equivalenti-10-12-fr","19":"pa_abitanti-equivalenti-108-fr","20":"pa_abitanti-equivalenti-11-fr","21":"pa_abitanti-equivalenti-12-fr","22":"pa_abitanti-equivalenti-13-fr","23":"pa_abitanti-equivalenti-14-fr","24":"pa_abitanti-equivalenti-140-fr","25":"pa_abitanti-equivalenti-15-fr","26":"pa_abitanti-equivalenti-15-18-fr","27":"pa_abitanti-equivalenti-16-fr","28":"pa_abitanti-equivalenti-165-fr","29":"pa_abitanti-equivalenti-17-fr","30":"pa_abitanti-equivalenti-17-22-fr","31":"pa_abitanti-equivalenti-18-fr","32":"pa_abitanti-equivalenti-18-23-fr","33":"pa_abitanti-equivalenti-20-fr","34":"pa_abitanti-equivalenti-21-fr","35":"pa_abitanti-equivalenti-210-fr","36":"pa_abitanti-equivalenti-22-fr","37":"pa_abitanti-equivalenti-23-fr","38":"pa_abitanti-equivalenti-24-fr","39":"pa_abitanti-equivalenti-25-fr","40":"pa_abitanti-equivalenti-25-30-fr","41":"pa_abitanti-equivalenti-250-fr","42":"pa_abitanti-equivalenti-26-fr","43":"pa_abitanti-equivalenti-27-fr","44":"pa_abitanti-equivalenti-28-fr","45":"pa_abitanti-equivalenti-3-fr","46":"pa_abitanti-equivalenti-30-fr","47":"pa_abitanti-equivalenti-31-fr","48":"pa_abitanti-equivalenti-32-fr","49":"pa_abitanti-equivalenti-33-fr","50":"pa_abitanti-equivalenti-35-fr","51":"pa_abitanti-equivalenti-36-fr","52":"pa_abitanti-equivalenti-39-fr","53":"pa_abitanti-equivalenti-4-fr","54":"pa_abitanti-equivalenti-4-5-fr","55":"pa_abitanti-equivalenti-40-fr","56":"pa_abitanti-equivalenti-40-50-fr","57":"pa_abitanti-equivalenti-42-fr","58":"pa_abitanti-equivalenti-45-fr","59":"pa_abitanti-equivalenti-47-fr","60":"pa_abitanti-equivalenti-48-fr","61":"pa_abitanti-equivalenti-5-fr","62":"pa_abitanti-equivalenti-52-fr","63":"pa_abitanti-equivalenti-55-fr","64":"pa_abitanti-equivalenti-6-fr","65":"pa_abitanti-equivalenti-6-8-fr","66":"pa_abitanti-equivalenti-60-fr","67":"pa_abitanti-equivalenti-7-fr","68":"pa_abitanti-equivalenti-70-fr","69":"pa_abitanti-equivalenti-72-fr","70":"pa_abitanti-equivalenti-8-fr","71":"pa_abitanti-equivalenti-8-10-fr","72":"pa_abitanti-equivalenti-84-fr","73":"pa_abitanti-equivalenti-9-fr","74":"pa_abitanti-equivalenti-90-fr","75":"pa_prezzo-spedizione-in-italia-inclusa-fr","77":"first","78":"outofstock","79":"shipping-taxable","80":"purchasable","81":"product-type-variable"},"_links":{"self":[{"href":"https:\/\/www.waterworld-italy.com\/fr\/wp-json\/wp\/v2\/product\/2576","targetHints":{"allow":["GET"]}}],"collection":[{"href":"https:\/\/www.waterworld-italy.com\/fr\/wp-json\/wp\/v2\/product"}],"about":[{"href":"https:\/\/www.waterworld-italy.com\/fr\/wp-json\/wp\/v2\/types\/product"}],"replies":[{"embeddable":true,"href":"https:\/\/www.waterworld-italy.com\/fr\/wp-json\/wp\/v2\/comments?post=2576"}],"wp:featuredmedia":[{"embeddable":true,"href":"https:\/\/www.waterworld-italy.com\/fr\/wp-json\/wp\/v2\/media\/2605"}],"wp:attachment":[{"href":"https:\/\/www.waterworld-italy.com\/fr\/wp-json\/wp\/v2\/media?parent=2576"}],"wp:term":[{"taxonomy":"product_brand","embeddable":true,"href":"https:\/\/www.waterworld-italy.com\/fr\/wp-json\/wp\/v2\/product_brand?post=2576"},{"taxonomy":"product_cat","embeddable":true,"href":"https:\/\/www.waterworld-italy.com\/fr\/wp-json\/wp\/v2\/product_cat?post=2576"},{"taxonomy":"product_tag","embeddable":true,"href":"https:\/\/www.waterworld-italy.com\/fr\/wp-json\/wp\/v2\/product_tag?post=2576"}],"curies":[{"name":"wp","href":"https:\/\/api.w.org\/{rel}","templated":true}]}}