{"id":260,"date":"2020-04-15T23:16:07","date_gmt":"2020-04-15T23:16:07","guid":{"rendered":"http:\/\/www.waterworld-italy.com\/wp-admin\/?post_type=product&#038;p=260"},"modified":"2025-02-19T14:51:10","modified_gmt":"2025-02-19T14:51:10","slug":"puits-de-retrait-dimpot-500","status":"publish","type":"product","link":"https:\/\/www.waterworld-italy.com\/fr\/produits\/stations-depuration-des-eaux-usees\/puits-polyethylene\/puits-de-retrait-dimpot-500\/","title":{"rendered":"Puits de retrait d&rsquo;imp\u00f4t 500"},"content":{"rendered":"<p>Le puits fiscal 50 est indispensable \u00e0 la sortie de l&rsquo;usine pour pr\u00e9lever l&rsquo;eau qui sera ensuite analys\u00e9e. Diam\u00e8tre 43 hauteur 46 cm.<\/p>\n","protected":false},"excerpt":{"rendered":"<p><strong><a title=\"SCHEDA\" href=\"http:\/\/www.waterworld-italy.com\/st\/Scheda_tecnica_PPF_Rev_03.pdf\" target=\"_blank\" rel=\"noopener\">SCHEDA TECNICA<\/a><br \/>\n<\/strong><\/p>\n","protected":false},"featured_media":255,"comment_status":"open","ping_status":"open","template":"","meta":[],"product_brand":[],"product_cat":[125,157],"product_tag":[],"class_list":{"0":"post-260","1":"product","2":"type-product","3":"status-publish","4":"has-post-thumbnail","6":"product_cat-stations-depuration-des-eaux-usees","7":"product_cat-puits-polyethylene","8":"pa_prezzo-spedizione-in-italia-inclusa-fr","9":"pa_variante-prelievi-fiscali-fr","11":"first","12":"instock","13":"shipping-taxable","14":"purchasable","15":"product-type-simple"},"_links":{"self":[{"href":"https:\/\/www.waterworld-italy.com\/fr\/wp-json\/wp\/v2\/product\/260","targetHints":{"allow":["GET"]}}],"collection":[{"href":"https:\/\/www.waterworld-italy.com\/fr\/wp-json\/wp\/v2\/product"}],"about":[{"href":"https:\/\/www.waterworld-italy.com\/fr\/wp-json\/wp\/v2\/types\/product"}],"replies":[{"embeddable":true,"href":"https:\/\/www.waterworld-italy.com\/fr\/wp-json\/wp\/v2\/comments?post=260"}],"wp:featuredmedia":[{"embeddable":true,"href":"https:\/\/www.waterworld-italy.com\/fr\/wp-json\/wp\/v2\/media\/255"}],"wp:attachment":[{"href":"https:\/\/www.waterworld-italy.com\/fr\/wp-json\/wp\/v2\/media?parent=260"}],"wp:term":[{"taxonomy":"product_brand","embeddable":true,"href":"https:\/\/www.waterworld-italy.com\/fr\/wp-json\/wp\/v2\/product_brand?post=260"},{"taxonomy":"product_cat","embeddable":true,"href":"https:\/\/www.waterworld-italy.com\/fr\/wp-json\/wp\/v2\/product_cat?post=260"},{"taxonomy":"product_tag","embeddable":true,"href":"https:\/\/www.waterworld-italy.com\/fr\/wp-json\/wp\/v2\/product_tag?post=260"}],"curies":[{"name":"wp","href":"https:\/\/api.w.org\/{rel}","templated":true}]}}