{"id":3568,"date":"2020-05-03T23:33:02","date_gmt":"2020-05-03T23:33:02","guid":{"rendered":"http:\/\/www.waterworld-italy.com\/wp-admin\/?post_type=product&#038;p=3568"},"modified":"2025-02-19T16:08:59","modified_gmt":"2025-02-19T16:08:59","slug":"separateur-dhuile-gravitationnel","status":"publish","type":"product","link":"https:\/\/www.waterworld-italy.com\/fr\/produits\/stations-depuration-des-eaux-usees\/separateurs-dhuile\/separateur-dhuile-gravitationnel\/","title":{"rendered":"S\u00c9PARATEUR D&rsquo;HUILE GRAVITATIONNEL"},"content":{"rendered":"<p>S\u00e9parateurs d&rsquo;huile gravitationnels en poly\u00e9thyl\u00e8ne pour huiles et hydrocarbures. Les d\u00e9shuileurs sont destin\u00e9s \u00e0 la r\u00e9tention des huiles et hydrocarbures provenant des chantiers, parkings et ateliers m\u00e9caniques. Ces produits sont enti\u00e8rement fabriqu\u00e9s en poly\u00e9thyl\u00e8ne et sont de type vertical et dimensionn\u00e9s sur la base de m\u00e8tres carr\u00e9s. allant de 30 m2. jusqu&rsquo;\u00e0 2000 \u00e9quivalents habitants. Les s\u00e9parateurs d&rsquo;huile ont une surface lisse ou ondul\u00e9e de forte \u00e9paisseur, con\u00e7ue pour r\u00e9sister ad\u00e9quatement aux op\u00e9rations de remblayage. Les s\u00e9parateurs d&rsquo;huile ont des dispositifs pour l&rsquo;entr\u00e9e des eaux us\u00e9es et du trop-plein et \u00e0 l&rsquo;int\u00e9rieur d&rsquo;eux s&rsquo;effectue la s\u00e9paration par gravitation des plus petites particules.<\/p>\n","protected":false},"excerpt":{"rendered":"<p><span style=\"font-size: 14pt; color: #ffcc00;\"><strong><a href=\"st\/deoliatore_statico_corrugato_NDO_Rev.08.pdf\" target=\"_blank\" rel=\"noopener\">SCHEDA TECNICA<\/a><\/strong><\/span><\/p>\n","protected":false},"featured_media":3586,"comment_status":"open","ping_status":"closed","template":"","meta":[],"product_brand":[],"product_cat":[125,161],"product_tag":[],"class_list":{"0":"post-3568","1":"product","2":"type-product","3":"status-publish","4":"has-post-thumbnail","6":"product_cat-stations-depuration-des-eaux-usees","7":"product_cat-separateurs-dhuile","8":"pa_attachment-location-3-5","9":"pa_mq-piazzale-30-4","10":"pa_mq-piazzale-50-12","11":"pa_mq-piazzale-75-8","12":"pa_mq-piazzale-100-4","13":"pa_mq-piazzale-125-4","14":"pa_mq-piazzale-130-fr","15":"pa_mq-piazzale-210-4","16":"pa_mq-piazzale-270-fr","17":"pa_mq-piazzale-300-8","18":"pa_mq-piazzale-320-fr","19":"pa_mq-piazzale-350-fr","20":"pa_mq-piazzale-360-fr","21":"pa_mq-piazzale-450-fr","22":"pa_mq-piazzale-500-4","23":"pa_mq-piazzale-520-fr","24":"pa_mq-piazzale-540-fr","25":"pa_mq-piazzale-630-4","26":"pa_mq-piazzale-700-fr","27":"pa_mq-piazzale-720-fr","28":"pa_mq-piazzale-750-4","29":"pa_mq-piazzale-800-4","30":"pa_mq-piazzale-850-fr","31":"pa_mq-piazzale-950-fr","32":"pa_mq-piazzale-1000-4","33":"pa_mq-piazzale-1200-fr","34":"pa_mq-piazzale-1300-fr","35":"pa_mq-piazzale-1350-4","36":"pa_mq-piazzale-1500-4","37":"pa_mq-piazzale-1700-4","38":"pa_mq-piazzale-1800-fr","39":"pa_mq-piazzale-2000-4","40":"pa_mq-piazzale-2700-4","41":"pa_mq-piazzale-3000-4","42":"pa_mq-piazzale-3600-fr","43":"pa_mq-piazzale-4000-4","44":"pa_mq-piazzale-4500-4","45":"pa_mq-piazzale-5000-4","46":"pa_mq-piazzale-5400-4","47":"pa_mq-piazzale-6000-4","48":"pa_mq-piazzale-6300-fr","49":"pa_mq-piazzale-7000-fr","50":"pa_mq-piazzale-7200-4","51":"pa_mq-piazzale-8000-4","52":"pa_mq-piazzale-9000-fr","53":"pa_mq-piazzale-10000-4","54":"pa_mq-piazzale-12000-4","55":"pa_mq-piazzale-14000-4","56":"pa_mq-piazzale-17000-fr","57":"pa_prezzo-spedizione-in-italia-inclusa-fr","59":"first","60":"outofstock","61":"shipping-taxable","62":"purchasable","63":"product-type-variable"},"_links":{"self":[{"href":"https:\/\/www.waterworld-italy.com\/fr\/wp-json\/wp\/v2\/product\/3568","targetHints":{"allow":["GET"]}}],"collection":[{"href":"https:\/\/www.waterworld-italy.com\/fr\/wp-json\/wp\/v2\/product"}],"about":[{"href":"https:\/\/www.waterworld-italy.com\/fr\/wp-json\/wp\/v2\/types\/product"}],"replies":[{"embeddable":true,"href":"https:\/\/www.waterworld-italy.com\/fr\/wp-json\/wp\/v2\/comments?post=3568"}],"wp:featuredmedia":[{"embeddable":true,"href":"https:\/\/www.waterworld-italy.com\/fr\/wp-json\/wp\/v2\/media\/3586"}],"wp:attachment":[{"href":"https:\/\/www.waterworld-italy.com\/fr\/wp-json\/wp\/v2\/media?parent=3568"}],"wp:term":[{"taxonomy":"product_brand","embeddable":true,"href":"https:\/\/www.waterworld-italy.com\/fr\/wp-json\/wp\/v2\/product_brand?post=3568"},{"taxonomy":"product_cat","embeddable":true,"href":"https:\/\/www.waterworld-italy.com\/fr\/wp-json\/wp\/v2\/product_cat?post=3568"},{"taxonomy":"product_tag","embeddable":true,"href":"https:\/\/www.waterworld-italy.com\/fr\/wp-json\/wp\/v2\/product_tag?post=3568"}],"curies":[{"name":"wp","href":"https:\/\/api.w.org\/{rel}","templated":true}]}}