{"id":382,"date":"2020-04-15T23:22:55","date_gmt":"2020-04-15T23:22:55","guid":{"rendered":"http:\/\/www.waterworld-italy.com\/wp-admin\/?post_type=product&#038;p=382"},"modified":"2024-11-27T15:37:45","modified_gmt":"2024-11-27T15:37:45","slug":"cockpit-avec-eponge-absorbante-dhuile-1000-3","status":"publish","type":"product","link":"https:\/\/www.waterworld-italy.com\/fr\/produits\/stations-depuration-des-eaux-usees\/puits-polyethylene\/cockpit-avec-eponge-absorbante-dhuile-1000-3\/","title":{"rendered":"Puits avec \u00e9ponge absorbant l&rsquo;huile 1000"},"content":{"rendered":"<p>Puits avec \u00e9ponge absorbant l&rsquo;huile 1000 utilis\u00e9 pour \u00e9liminer compl\u00e8tement les \u00e9ventuelles particules d&rsquo;huile qui \u00e9chappent au traitement<\/p>\n","protected":false},"excerpt":{"rendered":"<p>Puits avec \u00e9ponge absorbant l&rsquo;huile 1000 utilis\u00e9 pour \u00e9liminer compl\u00e8tement les \u00e9ventuelles particules d&rsquo;huile qui \u00e9chappent au traitement<\/p>\n","protected":false},"featured_media":383,"comment_status":"open","ping_status":"closed","template":"","meta":[],"product_brand":[],"product_cat":[125,157],"product_tag":[],"class_list":{"0":"post-382","1":"product","2":"type-product","3":"status-publish","4":"has-post-thumbnail","6":"product_cat-stations-depuration-des-eaux-usees","7":"product_cat-puits-polyethylene","8":"pa_prezzo-spedizione-in-italia-inclusa-fr","9":"pa_variante-oleoassorbente-fr","11":"first","12":"outofstock","13":"shipping-taxable","14":"purchasable","15":"product-type-simple"},"_links":{"self":[{"href":"https:\/\/www.waterworld-italy.com\/fr\/wp-json\/wp\/v2\/product\/382","targetHints":{"allow":["GET"]}}],"collection":[{"href":"https:\/\/www.waterworld-italy.com\/fr\/wp-json\/wp\/v2\/product"}],"about":[{"href":"https:\/\/www.waterworld-italy.com\/fr\/wp-json\/wp\/v2\/types\/product"}],"replies":[{"embeddable":true,"href":"https:\/\/www.waterworld-italy.com\/fr\/wp-json\/wp\/v2\/comments?post=382"}],"wp:featuredmedia":[{"embeddable":true,"href":"https:\/\/www.waterworld-italy.com\/fr\/wp-json\/wp\/v2\/media\/383"}],"wp:attachment":[{"href":"https:\/\/www.waterworld-italy.com\/fr\/wp-json\/wp\/v2\/media?parent=382"}],"wp:term":[{"taxonomy":"product_brand","embeddable":true,"href":"https:\/\/www.waterworld-italy.com\/fr\/wp-json\/wp\/v2\/product_brand?post=382"},{"taxonomy":"product_cat","embeddable":true,"href":"https:\/\/www.waterworld-italy.com\/fr\/wp-json\/wp\/v2\/product_cat?post=382"},{"taxonomy":"product_tag","embeddable":true,"href":"https:\/\/www.waterworld-italy.com\/fr\/wp-json\/wp\/v2\/product_tag?post=382"}],"curies":[{"name":"wp","href":"https:\/\/api.w.org\/{rel}","templated":true}]}}