{"id":3926,"date":"2020-05-03T23:38:03","date_gmt":"2020-05-03T23:38:03","guid":{"rendered":"http:\/\/www.waterworld-italy.com\/wp-admin\/?post_type=product&#038;p=3926"},"modified":"2025-02-19T16:13:45","modified_gmt":"2025-02-19T16:13:45","slug":"premiers-systemes-de-stockage-de-pluie","status":"publish","type":"product","link":"https:\/\/www.waterworld-italy.com\/fr\/produits\/stations-depuration-des-eaux-usees\/systemes-avant-pluie\/premiers-systemes-de-stockage-de-pluie\/","title":{"rendered":"PREMIERS SYST\u00c8MES DE STOCKAGE DE PLUIE"},"content":{"rendered":"<p>Syst\u00e8mes d&rsquo;accumulation de premi\u00e8res pluies compos\u00e9s d&rsquo;un puits de drainage, d&rsquo;un r\u00e9servoir d&rsquo;accumulation avec pompe temporis\u00e9e, dessableur et s\u00e9parateur d&rsquo;huile en poly\u00e9thyl\u00e8ne pour le traitement des eaux us\u00e9es d&rsquo;activit\u00e9.<\/p>\n","protected":false},"excerpt":{"rendered":"<p><span style=\"font-size: 14pt; color: #ffcc00;\"><strong>SCHEDA TECNICA<\/strong><\/span><\/p>\n","protected":false},"featured_media":3958,"comment_status":"open","ping_status":"closed","template":"","meta":[],"product_brand":[],"product_cat":[125,165],"product_tag":[],"class_list":{"0":"post-3926","1":"product","2":"type-product","3":"status-publish","4":"has-post-thumbnail","6":"product_cat-stations-depuration-des-eaux-usees","7":"product_cat-systemes-avant-pluie","8":"pa_mq-piazzale-30-4","9":"pa_mq-piazzale-50-12","10":"pa_mq-piazzale-75-8","11":"pa_mq-piazzale-100-4","12":"pa_mq-piazzale-125-4","13":"pa_mq-piazzale-130-fr","14":"pa_mq-piazzale-210-4","15":"pa_mq-piazzale-270-fr","16":"pa_mq-piazzale-300-8","17":"pa_mq-piazzale-320-fr","18":"pa_mq-piazzale-350-fr","19":"pa_mq-piazzale-360-fr","20":"pa_mq-piazzale-450-fr","21":"pa_mq-piazzale-500-4","22":"pa_mq-piazzale-520-fr","23":"pa_mq-piazzale-540-fr","24":"pa_mq-piazzale-630-4","25":"pa_mq-piazzale-700-fr","26":"pa_mq-piazzale-720-fr","27":"pa_mq-piazzale-750-4","28":"pa_mq-piazzale-800-4","29":"pa_mq-piazzale-850-fr","30":"pa_mq-piazzale-950-fr","31":"pa_mq-piazzale-1000-4","32":"pa_mq-piazzale-1200-fr","33":"pa_mq-piazzale-1300-fr","34":"pa_mq-piazzale-1350-4","35":"pa_mq-piazzale-1500-4","36":"pa_mq-piazzale-1700-4","37":"pa_mq-piazzale-1800-fr","38":"pa_mq-piazzale-2000-4","39":"pa_mq-piazzale-2700-4","40":"pa_mq-piazzale-3000-4","41":"pa_mq-piazzale-3600-fr","42":"pa_mq-piazzale-4000-4","43":"pa_mq-piazzale-4500-4","44":"pa_mq-piazzale-5000-4","45":"pa_mq-piazzale-5400-4","46":"pa_mq-piazzale-6000-4","47":"pa_mq-piazzale-6300-fr","48":"pa_mq-piazzale-7000-fr","49":"pa_mq-piazzale-7200-4","50":"pa_mq-piazzale-8000-4","51":"pa_mq-piazzale-9000-fr","52":"pa_mq-piazzale-10000-4","53":"pa_mq-piazzale-12000-4","54":"pa_mq-piazzale-14000-4","55":"pa_mq-piazzale-17000-fr","56":"pa_prezzo-spedizione-in-italia-inclusa-fr","58":"first","59":"outofstock","60":"shipping-taxable","61":"purchasable","62":"product-type-variable"},"_links":{"self":[{"href":"https:\/\/www.waterworld-italy.com\/fr\/wp-json\/wp\/v2\/product\/3926","targetHints":{"allow":["GET"]}}],"collection":[{"href":"https:\/\/www.waterworld-italy.com\/fr\/wp-json\/wp\/v2\/product"}],"about":[{"href":"https:\/\/www.waterworld-italy.com\/fr\/wp-json\/wp\/v2\/types\/product"}],"replies":[{"embeddable":true,"href":"https:\/\/www.waterworld-italy.com\/fr\/wp-json\/wp\/v2\/comments?post=3926"}],"wp:featuredmedia":[{"embeddable":true,"href":"https:\/\/www.waterworld-italy.com\/fr\/wp-json\/wp\/v2\/media\/3958"}],"wp:attachment":[{"href":"https:\/\/www.waterworld-italy.com\/fr\/wp-json\/wp\/v2\/media?parent=3926"}],"wp:term":[{"taxonomy":"product_brand","embeddable":true,"href":"https:\/\/www.waterworld-italy.com\/fr\/wp-json\/wp\/v2\/product_brand?post=3926"},{"taxonomy":"product_cat","embeddable":true,"href":"https:\/\/www.waterworld-italy.com\/fr\/wp-json\/wp\/v2\/product_cat?post=3926"},{"taxonomy":"product_tag","embeddable":true,"href":"https:\/\/www.waterworld-italy.com\/fr\/wp-json\/wp\/v2\/product_tag?post=3926"}],"curies":[{"name":"wp","href":"https:\/\/api.w.org\/{rel}","templated":true}]}}