{"id":408,"date":"2020-04-16T00:49:36","date_gmt":"2020-04-16T00:49:36","guid":{"rendered":"http:\/\/www.waterworld-italy.com\/wp-admin\/?post_type=product&#038;p=408"},"modified":"2024-11-27T15:37:47","modified_gmt":"2024-11-27T15:37:47","slug":"bioactivateur-concentre-boues-activees-ifabio-ifa-3","status":"publish","type":"product","link":"https:\/\/www.waterworld-italy.com\/fr\/produits\/accessoires\/bioactivateurs\/bioactivateur-concentre-boues-activees-ifabio-ifa-3\/","title":{"rendered":"BOUES ACTIV\u00c9ES BIOACTIVATEURS CONCENTR\u00c9ES IFABIO IFA"},"content":{"rendered":"<p>Pot de 750 g de bioatt. sp\u00e9cifique pour boues activ\u00e9es<\/p>\n","protected":false},"excerpt":{"rendered":"<p>Pot de 750 g de bioatt. sp\u00e9cifique pour boues activ\u00e9es<\/p>\n","protected":false},"featured_media":399,"comment_status":"open","ping_status":"closed","template":"","meta":[],"product_brand":[],"product_cat":[197],"product_tag":[],"class_list":{"0":"post-408","1":"product","2":"type-product","3":"status-publish","4":"has-post-thumbnail","6":"product_cat-bioactivateurs","7":"pa_prezzo-spedizione-in-italia-inclusa-fr","9":"first","10":"instock","11":"shipping-taxable","12":"purchasable","13":"product-type-simple"},"_links":{"self":[{"href":"https:\/\/www.waterworld-italy.com\/fr\/wp-json\/wp\/v2\/product\/408","targetHints":{"allow":["GET"]}}],"collection":[{"href":"https:\/\/www.waterworld-italy.com\/fr\/wp-json\/wp\/v2\/product"}],"about":[{"href":"https:\/\/www.waterworld-italy.com\/fr\/wp-json\/wp\/v2\/types\/product"}],"replies":[{"embeddable":true,"href":"https:\/\/www.waterworld-italy.com\/fr\/wp-json\/wp\/v2\/comments?post=408"}],"wp:featuredmedia":[{"embeddable":true,"href":"https:\/\/www.waterworld-italy.com\/fr\/wp-json\/wp\/v2\/media\/399"}],"wp:attachment":[{"href":"https:\/\/www.waterworld-italy.com\/fr\/wp-json\/wp\/v2\/media?parent=408"}],"wp:term":[{"taxonomy":"product_brand","embeddable":true,"href":"https:\/\/www.waterworld-italy.com\/fr\/wp-json\/wp\/v2\/product_brand?post=408"},{"taxonomy":"product_cat","embeddable":true,"href":"https:\/\/www.waterworld-italy.com\/fr\/wp-json\/wp\/v2\/product_cat?post=408"},{"taxonomy":"product_tag","embeddable":true,"href":"https:\/\/www.waterworld-italy.com\/fr\/wp-json\/wp\/v2\/product_tag?post=408"}],"curies":[{"name":"wp","href":"https:\/\/api.w.org\/{rel}","templated":true}]}}