{"id":4104,"date":"2020-05-03T23:49:42","date_gmt":"2020-05-03T23:49:42","guid":{"rendered":"http:\/\/www.waterworld-italy.com\/wp-admin\/?post_type=product&#038;p=4104"},"modified":"2025-02-22T09:52:02","modified_gmt":"2025-02-22T09:52:02","slug":"purificateurs-de-lavage-de-voiture-souterrains-avec-recirculation","status":"publish","type":"product","link":"https:\/\/www.waterworld-italy.com\/fr\/produits\/stations-depuration-des-eaux-usees\/lave-auto-purificateurs\/purificateurs-de-lavage-de-voiture-souterrains-avec-recirculation\/","title":{"rendered":"PURIFICATEURS DE LAVAGE DE VOITURE SOUTERRAINS AVEC RECIRCULATION"},"content":{"rendered":"<p>Purificateurs pour stations de lavage souterraines \u00e0 recirculation compos\u00e9s d&rsquo;un dessableur pour le traitement des mati\u00e8res en suspension, d&rsquo;un d\u00e9shuileur pour l&rsquo;\u00e9limination des huiles et des hydrocarbures et d&rsquo;un filtre percolateur a\u00e9r\u00e9 pour l&rsquo;\u00e9limination des tensioactifs. Les purificateurs de stations de lavage souterraines en circuit ferm\u00e9 sont compos\u00e9s d&rsquo;une pompe temporis\u00e9e dans la partie finale, pour activer le percolateur a\u00e9r\u00e9. Tout l\u00e0<\/p>\n","protected":false},"excerpt":{"rendered":"<p><a href=\"http:\/\/www.waterworld-italy.com\/st\/Scheda_tecnica_DEPAUTO10-T4_+_CI3000.pdf\" target=\"_blank\" rel=\"noopener\"><span style=\"font-size: 14pt; color: #ffcc00;\"><strong>SCHEDA TECNICA<\/strong><\/span><\/a><\/p>\n","protected":false},"featured_media":4114,"comment_status":"open","ping_status":"closed","template":"","meta":[],"product_brand":[],"product_cat":[125,169],"product_tag":[],"class_list":{"0":"post-4104","1":"product","2":"type-product","3":"status-publish","4":"has-post-thumbnail","6":"product_cat-stations-depuration-des-eaux-usees","7":"product_cat-lave-auto-purificateurs","8":"pa_auto-lavate-per-giorno-10-4","9":"pa_auto-lavate-per-giorno-100-8","10":"pa_auto-lavate-per-giorno-20-4","11":"pa_auto-lavate-per-giorno-30-8","12":"pa_auto-lavate-per-giorno-40-4","13":"pa_auto-lavate-per-giorno-50-16","14":"pa_auto-lavate-per-giorno-60-4","15":"pa_auto-lavate-per-giorno-80-8","16":"pa_prezzo-spedizione-in-italia-inclusa-fr","18":"first","19":"outofstock","20":"shipping-taxable","21":"purchasable","22":"product-type-variable"},"_links":{"self":[{"href":"https:\/\/www.waterworld-italy.com\/fr\/wp-json\/wp\/v2\/product\/4104","targetHints":{"allow":["GET"]}}],"collection":[{"href":"https:\/\/www.waterworld-italy.com\/fr\/wp-json\/wp\/v2\/product"}],"about":[{"href":"https:\/\/www.waterworld-italy.com\/fr\/wp-json\/wp\/v2\/types\/product"}],"replies":[{"embeddable":true,"href":"https:\/\/www.waterworld-italy.com\/fr\/wp-json\/wp\/v2\/comments?post=4104"}],"wp:featuredmedia":[{"embeddable":true,"href":"https:\/\/www.waterworld-italy.com\/fr\/wp-json\/wp\/v2\/media\/4114"}],"wp:attachment":[{"href":"https:\/\/www.waterworld-italy.com\/fr\/wp-json\/wp\/v2\/media?parent=4104"}],"wp:term":[{"taxonomy":"product_brand","embeddable":true,"href":"https:\/\/www.waterworld-italy.com\/fr\/wp-json\/wp\/v2\/product_brand?post=4104"},{"taxonomy":"product_cat","embeddable":true,"href":"https:\/\/www.waterworld-italy.com\/fr\/wp-json\/wp\/v2\/product_cat?post=4104"},{"taxonomy":"product_tag","embeddable":true,"href":"https:\/\/www.waterworld-italy.com\/fr\/wp-json\/wp\/v2\/product_tag?post=4104"}],"curies":[{"name":"wp","href":"https:\/\/api.w.org\/{rel}","templated":true}]}}