{"id":4244,"date":"2020-05-04T00:10:16","date_gmt":"2020-05-04T00:10:16","guid":{"rendered":"http:\/\/www.waterworld-italy.com\/wp-admin\/?post_type=product&#038;p=4244"},"modified":"2025-02-19T16:21:16","modified_gmt":"2025-02-19T16:21:16","slug":"pompes-a-eau-noires-a-roue-retractee","status":"publish","type":"product","link":"https:\/\/www.waterworld-italy.com\/fr\/produits\/stations-depuration-des-eaux-usees\/pompes-pour-eaux-usees\/pompes-a-eau-noires-a-roue-retractee\/","title":{"rendered":"POMPES \u00c0 EAU NOIRES \u00c0 ROUE R\u00c9TRACT\u00c9E"},"content":{"rendered":"<p>POMPES \u00c0 EAUX US\u00c9ES<\/p>\n","protected":false},"excerpt":{"rendered":"<p><span style=\"font-size: 14pt; color: #ffcc00;\"><strong>SCHEDA TECNICA<\/strong><\/span><\/p>\n","protected":false},"featured_media":4258,"comment_status":"open","ping_status":"closed","template":"","meta":[],"product_brand":[],"product_cat":[125,177],"product_tag":[],"class_list":{"0":"post-4244","1":"product","2":"type-product","3":"status-publish","4":"has-post-thumbnail","6":"product_cat-stations-depuration-des-eaux-usees","7":"product_cat-pompes-pour-eaux-usees","8":"pa_prezzo-spedizione-in-italia-inclusa-fr","9":"pa_variante-1-pompa-sol302-fr","10":"pa_variante-1-pompa-sol312-fr","11":"pa_variante-1-pompa-sol345-fr","12":"pa_variante-1-pompa-sol502-fr","13":"pa_variante-1-pompa-sol512-fr","14":"pa_variante-1-pompa-sol526-fr","15":"pa_variante-1-pompa-sol545-fr","16":"pa_variante-1-pompa-sol563-fr","17":"pa_variante-2-pompe-sol502p2-fr","18":"pa_variante-2-pompe-sol512p2-fr","19":"pa_variante-2-pompe-sol526p2-fr","20":"pa_variante-2-pompe-sol545p2-fr","21":"pa_variante-2-pompe-sol563p2-fr","22":"pa_variante-ad-ossidazione-totale-fr","23":"pa_variante-aerobici-fr","24":"pa_variante-aerobici-emiliana-romagna-fr","25":"pa_variante-anaerobici-fr","26":"pa_variante-anaerobici-emilia-romagna-fr","27":"pa_variante-antiratto-fr","28":"pa_variante-antitratto-fr","29":"pa_variante-basso-carico-fr","30":"pa_variante-bicamerale-fr","31":"pa_variante-cacciata-fr","32":"pa_variante-cloratore-fr","33":"pa_variante-con-filtro-coalescenza-fr","34":"pa_variante-con-ricircolo-fr","35":"pa_variante-con-ricircolo-fanghi-fr","36":"pa_variante-con-turca-fr","37":"pa_variante-con-vaso-fr","38":"pa_variante-con-vaso-light-fr","39":"pa_variante-contalitri-fr","40":"pa_variante-disperdente-fr","41":"pa_variante-dosatore-fr","42":"pa_variante-emilia-romagna-umbria-fr","43":"pa_variante-fogna-fr","44":"pa_variante-girante-arretrata-fr","45":"pa_variante-girante-arretrata-1-fr","46":"pa_variante-girante-arretrata-10-fr","47":"pa_variante-girante-arretrata-11-fr","48":"pa_variante-girante-arretrata-12-fr","49":"pa_variante-girante-arretrata-2-fr","50":"pa_variante-girante-arretrata-3-fr","51":"pa_variante-girante-arretrata-4-fr","52":"pa_variante-girante-arretrata-5-fr","53":"pa_variante-girante-arretrata-6-fr","54":"pa_variante-girante-arretrata-7-fr","55":"pa_variante-girante-arretrata-8-fr","56":"pa_variante-girante-arretrata-9-fr","57":"pa_variante-gravitazionale-fr","58":"pa_variante-in-accumulo-fr","59":"pa_variante-in-continuo-fr","60":"pa_variante-monocamerale-fr","61":"pa_variante-multicanale-fr","62":"pa_variante-multicanale-1-fr","63":"pa_variante-multicanale-2-fr","64":"pa_variante-multicanale-3-fr","65":"pa_variante-multicanale-4-fr","66":"pa_variante-oleoassorbente-fr","67":"pa_variante-prelievi-fiscali-fr","68":"pa_variante-recapito-in-fogna-fr","69":"pa_variante-recapito-su-corso-idrico-fr","70":"pa_variante-ripartitore-fr","71":"pa_variante-scarico-tab-4-fr","72":"pa_variante-sifonato-fr","73":"pa_variante-sottolavello-fr","74":"pa_variante-standard-italia-fr","75":"pa_variante-tricamerale-fr","76":"pa_variante-trituratrice-fr","77":"pa_variante-trituratrice-1-fr","78":"pa_variante-trituratrice-2-fr","79":"pa_variante-trituratrice-3-fr","80":"pa_variante-trituratrice-4-fr","81":"pa_variante-trituratrice-5-fr","82":"pa_variante-trituratrice-6-fr","83":"pa_variante-trituratrice-7-fr","85":"first","86":"outofstock","87":"shipping-taxable","88":"purchasable","89":"product-type-variable"},"_links":{"self":[{"href":"https:\/\/www.waterworld-italy.com\/fr\/wp-json\/wp\/v2\/product\/4244","targetHints":{"allow":["GET"]}}],"collection":[{"href":"https:\/\/www.waterworld-italy.com\/fr\/wp-json\/wp\/v2\/product"}],"about":[{"href":"https:\/\/www.waterworld-italy.com\/fr\/wp-json\/wp\/v2\/types\/product"}],"replies":[{"embeddable":true,"href":"https:\/\/www.waterworld-italy.com\/fr\/wp-json\/wp\/v2\/comments?post=4244"}],"wp:featuredmedia":[{"embeddable":true,"href":"https:\/\/www.waterworld-italy.com\/fr\/wp-json\/wp\/v2\/media\/4258"}],"wp:attachment":[{"href":"https:\/\/www.waterworld-italy.com\/fr\/wp-json\/wp\/v2\/media?parent=4244"}],"wp:term":[{"taxonomy":"product_brand","embeddable":true,"href":"https:\/\/www.waterworld-italy.com\/fr\/wp-json\/wp\/v2\/product_brand?post=4244"},{"taxonomy":"product_cat","embeddable":true,"href":"https:\/\/www.waterworld-italy.com\/fr\/wp-json\/wp\/v2\/product_cat?post=4244"},{"taxonomy":"product_tag","embeddable":true,"href":"https:\/\/www.waterworld-italy.com\/fr\/wp-json\/wp\/v2\/product_tag?post=4244"}],"curies":[{"name":"wp","href":"https:\/\/api.w.org\/{rel}","templated":true}]}}