{"id":488,"date":"2020-04-16T00:49:36","date_gmt":"2020-04-16T00:49:36","guid":{"rendered":"http:\/\/www.waterworld-italy.com\/wp-admin\/?post_type=product&#038;p=488"},"modified":"2024-11-27T15:37:51","modified_gmt":"2024-11-27T15:37:51","slug":"couvercle-avec-event-cs355-3","status":"publish","type":"product","link":"https:\/\/www.waterworld-italy.com\/fr\/produits\/accessoires\/couvercles-en-polyethylene\/couvercle-avec-event-cs355-3\/","title":{"rendered":"COUVERCLE AVEC \u00c9VENT CS355"},"content":{"rendered":"<p>Couvercle \u00e0 vis avec \u00e9vent d&rsquo;inspection de 30 cm<\/p>\n","protected":false},"excerpt":{"rendered":"<p>Couvercle \u00e0 vis avec \u00e9vent d&rsquo;inspection de 30 cm<\/p>\n","protected":false},"featured_media":471,"comment_status":"open","ping_status":"closed","template":"","meta":[],"product_brand":[],"product_cat":[209],"product_tag":[],"class_list":{"0":"post-488","1":"product","2":"type-product","3":"status-publish","4":"has-post-thumbnail","6":"product_cat-couvercles-en-polyethylene","7":"pa_diametro-300-4","8":"pa_prezzo-spedizione-in-italia-inclusa-fr","10":"first","11":"instock","12":"shipping-taxable","13":"purchasable","14":"product-type-simple"},"_links":{"self":[{"href":"https:\/\/www.waterworld-italy.com\/fr\/wp-json\/wp\/v2\/product\/488","targetHints":{"allow":["GET"]}}],"collection":[{"href":"https:\/\/www.waterworld-italy.com\/fr\/wp-json\/wp\/v2\/product"}],"about":[{"href":"https:\/\/www.waterworld-italy.com\/fr\/wp-json\/wp\/v2\/types\/product"}],"replies":[{"embeddable":true,"href":"https:\/\/www.waterworld-italy.com\/fr\/wp-json\/wp\/v2\/comments?post=488"}],"wp:featuredmedia":[{"embeddable":true,"href":"https:\/\/www.waterworld-italy.com\/fr\/wp-json\/wp\/v2\/media\/471"}],"wp:attachment":[{"href":"https:\/\/www.waterworld-italy.com\/fr\/wp-json\/wp\/v2\/media?parent=488"}],"wp:term":[{"taxonomy":"product_brand","embeddable":true,"href":"https:\/\/www.waterworld-italy.com\/fr\/wp-json\/wp\/v2\/product_brand?post=488"},{"taxonomy":"product_cat","embeddable":true,"href":"https:\/\/www.waterworld-italy.com\/fr\/wp-json\/wp\/v2\/product_cat?post=488"},{"taxonomy":"product_tag","embeddable":true,"href":"https:\/\/www.waterworld-italy.com\/fr\/wp-json\/wp\/v2\/product_tag?post=488"}],"curies":[{"name":"wp","href":"https:\/\/api.w.org\/{rel}","templated":true}]}}