{"id":5570,"date":"2020-06-19T18:09:15","date_gmt":"2020-06-19T18:09:15","guid":{"rendered":"http:\/\/www.waterworld-italy.com\/wp-admin\/?post_type=product&#038;p=5570"},"modified":"2025-02-22T09:55:14","modified_gmt":"2025-02-22T09:55:14","slug":"purificateur-de-lavage-de-voiture-exterieur-pour-recirculation","status":"publish","type":"product","link":"https:\/\/www.waterworld-italy.com\/fr\/produits\/stations-depuration-des-eaux-usees\/lave-auto-purificateurs\/systeme-de-lavage-de-voiture-exterieur\/purificateur-de-lavage-de-voiture-exterieur-pour-recirculation\/","title":{"rendered":"PURIFICATEUR DE LAVAGE DE VOITURE EXT\u00c9RIEUR POUR RECIRCULATION"},"content":{"rendered":"<p>Purificateurs pour stations de lavage ext\u00e9rieures \u00e0 recirculation compos\u00e9s d&rsquo;un dessableur pour le traitement des mati\u00e8res en suspension, d&rsquo;un s\u00e9parateur d&rsquo;huile pour l&rsquo;\u00e9limination des huiles et hydrocarbures et d&rsquo;un filtre percolateur a\u00e9r\u00e9 pour l&rsquo;\u00e9limination des tensioactifs. Les purificateurs de stations de lavage en circuit ferm\u00e9 sont compos\u00e9s d&rsquo;une pompe temporis\u00e9e dans la partie finale, pour activer le percolateur a\u00e9r\u00e9. Tout l\u00e0<\/p>\n","protected":false},"excerpt":{"rendered":"<p><a href=\"http:\/\/www.waterworld-italy.com\/st\/Scheda_tecnica_DEPAUTOEST10-T4_+_C3000.pdf\" target=\"_blank\" rel=\"noopener\"><span style=\"font-size: 14pt; color: #ffcc00;\"><strong>SCHEDA TECNICA<\/strong><\/span><\/a><\/p>\n","protected":false},"featured_media":5579,"comment_status":"open","ping_status":"closed","template":"","meta":[],"product_brand":[],"product_cat":[125,169,233],"product_tag":[],"class_list":{"0":"post-5570","1":"product","2":"type-product","3":"status-publish","4":"has-post-thumbnail","6":"product_cat-stations-depuration-des-eaux-usees","7":"product_cat-lave-auto-purificateurs","8":"product_cat-systeme-de-lavage-de-voiture-exterieur","9":"pa_auto-lavate-per-giorno-10-4","10":"pa_auto-lavate-per-giorno-100-8","11":"pa_auto-lavate-per-giorno-20-4","12":"pa_auto-lavate-per-giorno-30-8","13":"pa_auto-lavate-per-giorno-40-4","14":"pa_auto-lavate-per-giorno-50-16","15":"pa_auto-lavate-per-giorno-60-4","16":"pa_auto-lavate-per-giorno-80-8","17":"pa_prezzo-spedizione-in-italia-inclusa-fr","19":"first","20":"outofstock","21":"shipping-taxable","22":"purchasable","23":"product-type-variable"},"_links":{"self":[{"href":"https:\/\/www.waterworld-italy.com\/fr\/wp-json\/wp\/v2\/product\/5570","targetHints":{"allow":["GET"]}}],"collection":[{"href":"https:\/\/www.waterworld-italy.com\/fr\/wp-json\/wp\/v2\/product"}],"about":[{"href":"https:\/\/www.waterworld-italy.com\/fr\/wp-json\/wp\/v2\/types\/product"}],"replies":[{"embeddable":true,"href":"https:\/\/www.waterworld-italy.com\/fr\/wp-json\/wp\/v2\/comments?post=5570"}],"wp:featuredmedia":[{"embeddable":true,"href":"https:\/\/www.waterworld-italy.com\/fr\/wp-json\/wp\/v2\/media\/5579"}],"wp:attachment":[{"href":"https:\/\/www.waterworld-italy.com\/fr\/wp-json\/wp\/v2\/media?parent=5570"}],"wp:term":[{"taxonomy":"product_brand","embeddable":true,"href":"https:\/\/www.waterworld-italy.com\/fr\/wp-json\/wp\/v2\/product_brand?post=5570"},{"taxonomy":"product_cat","embeddable":true,"href":"https:\/\/www.waterworld-italy.com\/fr\/wp-json\/wp\/v2\/product_cat?post=5570"},{"taxonomy":"product_tag","embeddable":true,"href":"https:\/\/www.waterworld-italy.com\/fr\/wp-json\/wp\/v2\/product_tag?post=5570"}],"curies":[{"name":"wp","href":"https:\/\/api.w.org\/{rel}","templated":true}]}}