{"id":5622,"date":"2020-06-24T12:00:55","date_gmt":"2020-06-24T12:00:55","guid":{"rendered":"http:\/\/www.waterworld-italy.com\/wp-admin\/?post_type=product&#038;p=5622"},"modified":"2025-02-22T09:27:07","modified_gmt":"2025-02-22T09:27:07","slug":"systeme-devacuation-de-leau","status":"publish","type":"product","link":"https:\/\/www.waterworld-italy.com\/fr\/produits\/stations-depuration-des-eaux-usees\/systemes-complets\/systeme-de-drainage-de-cours-deau\/systeme-devacuation-de-leau\/","title":{"rendered":"SYST\u00c8ME D&rsquo;\u00c9VACUATION DE L&rsquo;EAU"},"content":{"rendered":"<p>Les stations d&rsquo;\u00e9puration des eaux us\u00e9es avec rejet au cours d&rsquo;eau sont de type souterrain et se composent d&rsquo;un bac \u00e0 graisse pour le traitement des eaux us\u00e9es provenant des cuisines, d&rsquo;un r\u00e9servoir imhoff pour l&rsquo;\u00e9limination des mati\u00e8res en suspension provenant des salles de bains et d&rsquo;un \u00e9purateur \u00e0 boues activ\u00e9es pour respecter les rejet dans le cours d\u2019eau. Les stations d&rsquo;\u00e9puration des eaux us\u00e9es permettent le respect du tableau de rejet dans les cours d&rsquo;eau. Tous.<\/p>\n","protected":false},"excerpt":{"rendered":"<p><a href=\"http:\/\/www.waterworld-italy.com\/st\/relazione_impianto_scarico_in_corso_idrico_10_ae.pdf\" target=\"_blank\" rel=\"noopener\"><span style=\"font-size: 14pt; color: #ffcc00;\"><strong>SCHEDA TECNICA<\/strong><\/span><\/a><\/p>\n","protected":false},"featured_media":5637,"comment_status":"open","ping_status":"closed","template":"","meta":[],"product_brand":[],"product_cat":[241],"product_tag":[],"class_list":{"0":"post-5622","1":"product","2":"type-product","3":"status-publish","4":"has-post-thumbnail","6":"product_cat-systeme-de-drainage-de-cours-deau","7":"pa_abitanti-equivalenti-1-4","8":"pa_abitanti-equivalenti-110-4","9":"pa_abitanti-equivalenti-126-4","10":"pa_abitanti-equivalenti-160-4","11":"pa_abitanti-equivalenti-2-4","12":"pa_abitanti-equivalenti-200-4","13":"pa_abitanti-equivalenti-50-8","14":"pa_abitanti-equivalenti-75-4","15":"pa_abitanti-equivalenti-80-4","16":"pa_abitanti-equivalenti-10-fr","17":"pa_abitanti-equivalenti-10-12-fr","18":"pa_abitanti-equivalenti-108-fr","19":"pa_abitanti-equivalenti-11-fr","20":"pa_abitanti-equivalenti-12-fr","21":"pa_abitanti-equivalenti-13-fr","22":"pa_abitanti-equivalenti-14-fr","23":"pa_abitanti-equivalenti-140-fr","24":"pa_abitanti-equivalenti-15-fr","25":"pa_abitanti-equivalenti-15-18-fr","26":"pa_abitanti-equivalenti-16-fr","27":"pa_abitanti-equivalenti-165-fr","28":"pa_abitanti-equivalenti-17-fr","29":"pa_abitanti-equivalenti-17-22-fr","30":"pa_abitanti-equivalenti-18-fr","31":"pa_abitanti-equivalenti-18-23-fr","32":"pa_abitanti-equivalenti-20-fr","33":"pa_abitanti-equivalenti-21-fr","34":"pa_abitanti-equivalenti-210-fr","35":"pa_abitanti-equivalenti-22-fr","36":"pa_abitanti-equivalenti-23-fr","37":"pa_abitanti-equivalenti-24-fr","38":"pa_abitanti-equivalenti-25-fr","39":"pa_abitanti-equivalenti-25-30-fr","40":"pa_abitanti-equivalenti-250-fr","41":"pa_abitanti-equivalenti-26-fr","42":"pa_abitanti-equivalenti-27-fr","43":"pa_abitanti-equivalenti-28-fr","44":"pa_abitanti-equivalenti-3-fr","45":"pa_abitanti-equivalenti-30-fr","46":"pa_abitanti-equivalenti-31-fr","47":"pa_abitanti-equivalenti-32-fr","48":"pa_abitanti-equivalenti-33-fr","49":"pa_abitanti-equivalenti-35-fr","50":"pa_abitanti-equivalenti-36-fr","51":"pa_abitanti-equivalenti-39-fr","52":"pa_abitanti-equivalenti-4-fr","53":"pa_abitanti-equivalenti-4-5-fr","54":"pa_abitanti-equivalenti-40-fr","55":"pa_abitanti-equivalenti-40-50-fr","56":"pa_abitanti-equivalenti-42-fr","57":"pa_abitanti-equivalenti-45-fr","58":"pa_abitanti-equivalenti-47-fr","59":"pa_abitanti-equivalenti-48-fr","60":"pa_abitanti-equivalenti-5-fr","61":"pa_abitanti-equivalenti-52-fr","62":"pa_abitanti-equivalenti-55-fr","63":"pa_abitanti-equivalenti-6-fr","64":"pa_abitanti-equivalenti-6-8-fr","65":"pa_abitanti-equivalenti-60-fr","66":"pa_abitanti-equivalenti-7-fr","67":"pa_abitanti-equivalenti-70-fr","68":"pa_abitanti-equivalenti-72-fr","69":"pa_abitanti-equivalenti-8-fr","70":"pa_abitanti-equivalenti-8-10-fr","71":"pa_abitanti-equivalenti-84-fr","72":"pa_abitanti-equivalenti-9-fr","73":"pa_abitanti-equivalenti-90-fr","74":"pa_prezzo-spedizione-in-italia-inclusa-fr","76":"first","77":"outofstock","78":"shipping-taxable","79":"purchasable","80":"product-type-variable"},"_links":{"self":[{"href":"https:\/\/www.waterworld-italy.com\/fr\/wp-json\/wp\/v2\/product\/5622","targetHints":{"allow":["GET"]}}],"collection":[{"href":"https:\/\/www.waterworld-italy.com\/fr\/wp-json\/wp\/v2\/product"}],"about":[{"href":"https:\/\/www.waterworld-italy.com\/fr\/wp-json\/wp\/v2\/types\/product"}],"replies":[{"embeddable":true,"href":"https:\/\/www.waterworld-italy.com\/fr\/wp-json\/wp\/v2\/comments?post=5622"}],"wp:featuredmedia":[{"embeddable":true,"href":"https:\/\/www.waterworld-italy.com\/fr\/wp-json\/wp\/v2\/media\/5637"}],"wp:attachment":[{"href":"https:\/\/www.waterworld-italy.com\/fr\/wp-json\/wp\/v2\/media?parent=5622"}],"wp:term":[{"taxonomy":"product_brand","embeddable":true,"href":"https:\/\/www.waterworld-italy.com\/fr\/wp-json\/wp\/v2\/product_brand?post=5622"},{"taxonomy":"product_cat","embeddable":true,"href":"https:\/\/www.waterworld-italy.com\/fr\/wp-json\/wp\/v2\/product_cat?post=5622"},{"taxonomy":"product_tag","embeddable":true,"href":"https:\/\/www.waterworld-italy.com\/fr\/wp-json\/wp\/v2\/product_tag?post=5622"}],"curies":[{"name":"wp","href":"https:\/\/api.w.org\/{rel}","templated":true}]}}