{"id":5906,"date":"2020-06-24T18:23:32","date_gmt":"2020-06-24T18:23:32","guid":{"rendered":"http:\/\/www.waterworld-italy.com\/wp-admin\/?post_type=product&#038;p=5906"},"modified":"2025-02-21T15:40:24","modified_gmt":"2025-02-21T15:40:24","slug":"systeme-de-phyto-depiration-pour-decharge-de-sous-irrigation","status":"publish","type":"product","link":"https:\/\/www.waterworld-italy.com\/fr\/produits\/stations-depuration-des-eaux-usees\/plante-de-phytoremediation\/systeme-de-phyto-depiration-pour-decharge-de-sous-irrigation\/","title":{"rendered":"SYST\u00c8ME DE PHYTO-D\u00c9PIRATION POUR D\u00c9CHARGE DE SOUS-IRRIGATION"},"content":{"rendered":"<p>Syst\u00e8mes de zones humides construites pour le rejet de sous-irrigation avec dispersion souterraine, compos\u00e9s de r\u00e9servoirs imhoff, de bacs \u00e0 graisse et de plateaux pour zones humides construites. Les traitements de phytorem\u00e9diation sont en poly\u00e9thyl\u00e8ne et destin\u00e9s au traitement des eaux us\u00e9es domestiques. Les traitements qui impliquent un rejet par sub-irrigation vers une dispersion souterraine sont normalement dimensionn\u00e9s avec 1 bac pour 2 habitants \u00e9quivalents. De cette mani\u00e8re, les eaux us\u00e9es peuvent \u00eatre raffin\u00e9es tout en respectant les limites tabulaires<\/p>\n","protected":false},"excerpt":{"rendered":"<p><a href=\"http:\/\/www.waterworld-italy.com\/st\/FITO_INSTALLAZIONE.pdf\" target=\"_blank\" rel=\"noopener\"><span style=\"font-size: 14pt; color: #ffcc00;\"><strong>SCHEDA TECNICA<\/strong><\/span><\/a><\/p>\n","protected":false},"featured_media":5913,"comment_status":"open","ping_status":"closed","template":"","meta":[],"product_brand":[],"product_cat":[153],"product_tag":[],"class_list":{"0":"post-5906","1":"product","2":"type-product","3":"status-publish","4":"has-post-thumbnail","6":"product_cat-plante-de-phytoremediation","7":"pa_abitanti-equivalenti-1-4","8":"pa_abitanti-equivalenti-110-4","9":"pa_abitanti-equivalenti-126-4","10":"pa_abitanti-equivalenti-160-4","11":"pa_abitanti-equivalenti-2-4","12":"pa_abitanti-equivalenti-200-4","13":"pa_abitanti-equivalenti-50-8","14":"pa_abitanti-equivalenti-75-4","15":"pa_abitanti-equivalenti-80-4","16":"pa_abitanti-equivalenti-10-fr","17":"pa_abitanti-equivalenti-10-12-fr","18":"pa_abitanti-equivalenti-108-fr","19":"pa_abitanti-equivalenti-11-fr","20":"pa_abitanti-equivalenti-12-fr","21":"pa_abitanti-equivalenti-13-fr","22":"pa_abitanti-equivalenti-14-fr","23":"pa_abitanti-equivalenti-140-fr","24":"pa_abitanti-equivalenti-15-fr","25":"pa_abitanti-equivalenti-15-18-fr","26":"pa_abitanti-equivalenti-16-fr","27":"pa_abitanti-equivalenti-165-fr","28":"pa_abitanti-equivalenti-17-fr","29":"pa_abitanti-equivalenti-17-22-fr","30":"pa_abitanti-equivalenti-18-fr","31":"pa_abitanti-equivalenti-18-23-fr","32":"pa_abitanti-equivalenti-20-fr","33":"pa_abitanti-equivalenti-21-fr","34":"pa_abitanti-equivalenti-210-fr","35":"pa_abitanti-equivalenti-22-fr","36":"pa_abitanti-equivalenti-23-fr","37":"pa_abitanti-equivalenti-24-fr","38":"pa_abitanti-equivalenti-25-fr","39":"pa_abitanti-equivalenti-25-30-fr","40":"pa_abitanti-equivalenti-250-fr","41":"pa_abitanti-equivalenti-26-fr","42":"pa_abitanti-equivalenti-27-fr","43":"pa_abitanti-equivalenti-28-fr","44":"pa_abitanti-equivalenti-3-fr","45":"pa_abitanti-equivalenti-30-fr","46":"pa_abitanti-equivalenti-31-fr","47":"pa_abitanti-equivalenti-32-fr","48":"pa_abitanti-equivalenti-33-fr","49":"pa_abitanti-equivalenti-35-fr","50":"pa_abitanti-equivalenti-36-fr","51":"pa_abitanti-equivalenti-39-fr","52":"pa_abitanti-equivalenti-4-fr","53":"pa_abitanti-equivalenti-4-5-fr","54":"pa_abitanti-equivalenti-40-fr","55":"pa_abitanti-equivalenti-40-50-fr","56":"pa_abitanti-equivalenti-42-fr","57":"pa_abitanti-equivalenti-45-fr","58":"pa_abitanti-equivalenti-47-fr","59":"pa_abitanti-equivalenti-48-fr","60":"pa_abitanti-equivalenti-5-fr","61":"pa_abitanti-equivalenti-52-fr","62":"pa_abitanti-equivalenti-55-fr","63":"pa_abitanti-equivalenti-6-fr","64":"pa_abitanti-equivalenti-6-8-fr","65":"pa_abitanti-equivalenti-60-fr","66":"pa_abitanti-equivalenti-7-fr","67":"pa_abitanti-equivalenti-70-fr","68":"pa_abitanti-equivalenti-72-fr","69":"pa_abitanti-equivalenti-8-fr","70":"pa_abitanti-equivalenti-8-10-fr","71":"pa_abitanti-equivalenti-84-fr","72":"pa_abitanti-equivalenti-9-fr","73":"pa_abitanti-equivalenti-90-fr","74":"pa_prezzo-spedizione-in-italia-inclusa-fr","76":"first","77":"outofstock","78":"shipping-taxable","79":"purchasable","80":"product-type-variable"},"_links":{"self":[{"href":"https:\/\/www.waterworld-italy.com\/fr\/wp-json\/wp\/v2\/product\/5906","targetHints":{"allow":["GET"]}}],"collection":[{"href":"https:\/\/www.waterworld-italy.com\/fr\/wp-json\/wp\/v2\/product"}],"about":[{"href":"https:\/\/www.waterworld-italy.com\/fr\/wp-json\/wp\/v2\/types\/product"}],"replies":[{"embeddable":true,"href":"https:\/\/www.waterworld-italy.com\/fr\/wp-json\/wp\/v2\/comments?post=5906"}],"wp:featuredmedia":[{"embeddable":true,"href":"https:\/\/www.waterworld-italy.com\/fr\/wp-json\/wp\/v2\/media\/5913"}],"wp:attachment":[{"href":"https:\/\/www.waterworld-italy.com\/fr\/wp-json\/wp\/v2\/media?parent=5906"}],"wp:term":[{"taxonomy":"product_brand","embeddable":true,"href":"https:\/\/www.waterworld-italy.com\/fr\/wp-json\/wp\/v2\/product_brand?post=5906"},{"taxonomy":"product_cat","embeddable":true,"href":"https:\/\/www.waterworld-italy.com\/fr\/wp-json\/wp\/v2\/product_cat?post=5906"},{"taxonomy":"product_tag","embeddable":true,"href":"https:\/\/www.waterworld-italy.com\/fr\/wp-json\/wp\/v2\/product_tag?post=5906"}],"curies":[{"name":"wp","href":"https:\/\/api.w.org\/{rel}","templated":true}]}}