{"id":630,"date":"2020-04-16T01:24:51","date_gmt":"2020-04-16T01:24:51","guid":{"rendered":"http:\/\/www.waterworld-italy.com\/wp-admin\/?post_type=product&#038;p=630"},"modified":"2024-11-27T15:38:00","modified_gmt":"2024-11-27T15:38:00","slug":"panneau-electrique-avec-pressostat-pour-controler-une-pompe-3","status":"publish","type":"product","link":"https:\/\/www.waterworld-italy.com\/fr\/produits\/reservoirs-deau-en-polyethylene\/accessoires-reservoirs-deau-en-polyethylene\/panneau-electrique-avec-pressostat-pour-controler-une-pompe-3\/","title":{"rendered":"Tableau \u00e9lectrique avec pressostat pour le contr\u00f4le d&rsquo;une seule pompe"},"content":{"rendered":"<p>Tableau \u00e9lectrique avec pressostat pour le contr\u00f4le d&rsquo;une seule pompe <\/p>\n","protected":false},"excerpt":{"rendered":"<p>Tableau \u00e9lectrique avec pressostat pour le contr\u00f4le d&rsquo;une seule pompe<\/p>\n","protected":false},"featured_media":631,"comment_status":"open","ping_status":"closed","template":"","meta":[],"product_brand":[],"product_cat":[53],"product_tag":[],"class_list":{"0":"post-630","1":"product","2":"type-product","3":"status-publish","4":"has-post-thumbnail","6":"product_cat-accessoires-reservoirs-deau-en-polyethylene","7":"pa_prezzo-spedizione-in-italia-inclusa-fr","9":"first","10":"instock","11":"shipping-taxable","12":"purchasable","13":"product-type-simple"},"_links":{"self":[{"href":"https:\/\/www.waterworld-italy.com\/fr\/wp-json\/wp\/v2\/product\/630","targetHints":{"allow":["GET"]}}],"collection":[{"href":"https:\/\/www.waterworld-italy.com\/fr\/wp-json\/wp\/v2\/product"}],"about":[{"href":"https:\/\/www.waterworld-italy.com\/fr\/wp-json\/wp\/v2\/types\/product"}],"replies":[{"embeddable":true,"href":"https:\/\/www.waterworld-italy.com\/fr\/wp-json\/wp\/v2\/comments?post=630"}],"wp:featuredmedia":[{"embeddable":true,"href":"https:\/\/www.waterworld-italy.com\/fr\/wp-json\/wp\/v2\/media\/631"}],"wp:attachment":[{"href":"https:\/\/www.waterworld-italy.com\/fr\/wp-json\/wp\/v2\/media?parent=630"}],"wp:term":[{"taxonomy":"product_brand","embeddable":true,"href":"https:\/\/www.waterworld-italy.com\/fr\/wp-json\/wp\/v2\/product_brand?post=630"},{"taxonomy":"product_cat","embeddable":true,"href":"https:\/\/www.waterworld-italy.com\/fr\/wp-json\/wp\/v2\/product_cat?post=630"},{"taxonomy":"product_tag","embeddable":true,"href":"https:\/\/www.waterworld-italy.com\/fr\/wp-json\/wp\/v2\/product_tag?post=630"}],"curies":[{"name":"wp","href":"https:\/\/api.w.org\/{rel}","templated":true}]}}