{"id":6350,"date":"2021-05-06T09:10:29","date_gmt":"2021-05-06T09:10:29","guid":{"rendered":"http:\/\/www.waterworld-italy.com\/wp-admin\/?post_type=product&#038;p=6350"},"modified":"2024-11-27T15:38:09","modified_gmt":"2024-11-27T15:38:09","slug":"desintegrant-chimique-liquide-litres-20-3","status":"publish","type":"product","link":"https:\/\/www.waterworld-italy.com\/fr\/produits\/bains-chimiques\/accessoires-de-salle-de-bain-chimiques\/desintegrant-chimique-liquide-litres-20-3\/","title":{"rendered":"D\u00e9sint\u00e9grant chimique liquide 20 litres"},"content":{"rendered":"<p>Bidon de 20 litres de rev\u00eatement d\u00e9sint\u00e9grant et sirop d\u00e9odorant. Produit \u00e0 diluer 1:9. J&rsquo;utilise environ 150 cc par service.<\/p>\n","protected":false},"excerpt":{"rendered":"<p>Disgregante chimico liquido litri 20.<\/p>\n","protected":false},"featured_media":6351,"comment_status":"open","ping_status":"open","template":"","meta":[],"product_brand":[],"product_cat":[253,265],"product_tag":[],"class_list":{"0":"post-6350","1":"product","2":"type-product","3":"status-publish","4":"has-post-thumbnail","6":"product_cat-bains-chimiques","7":"product_cat-accessoires-de-salle-de-bain-chimiques","8":"pa_prezzo-spedizione-in-italia-inclusa-fr","10":"first","11":"instock","12":"shipping-taxable","13":"purchasable","14":"product-type-simple"},"_links":{"self":[{"href":"https:\/\/www.waterworld-italy.com\/fr\/wp-json\/wp\/v2\/product\/6350","targetHints":{"allow":["GET"]}}],"collection":[{"href":"https:\/\/www.waterworld-italy.com\/fr\/wp-json\/wp\/v2\/product"}],"about":[{"href":"https:\/\/www.waterworld-italy.com\/fr\/wp-json\/wp\/v2\/types\/product"}],"replies":[{"embeddable":true,"href":"https:\/\/www.waterworld-italy.com\/fr\/wp-json\/wp\/v2\/comments?post=6350"}],"wp:featuredmedia":[{"embeddable":true,"href":"https:\/\/www.waterworld-italy.com\/fr\/wp-json\/wp\/v2\/media\/6351"}],"wp:attachment":[{"href":"https:\/\/www.waterworld-italy.com\/fr\/wp-json\/wp\/v2\/media?parent=6350"}],"wp:term":[{"taxonomy":"product_brand","embeddable":true,"href":"https:\/\/www.waterworld-italy.com\/fr\/wp-json\/wp\/v2\/product_brand?post=6350"},{"taxonomy":"product_cat","embeddable":true,"href":"https:\/\/www.waterworld-italy.com\/fr\/wp-json\/wp\/v2\/product_cat?post=6350"},{"taxonomy":"product_tag","embeddable":true,"href":"https:\/\/www.waterworld-italy.com\/fr\/wp-json\/wp\/v2\/product_tag?post=6350"}],"curies":[{"name":"wp","href":"https:\/\/api.w.org\/{rel}","templated":true}]}}