{"id":6358,"date":"2021-05-06T09:13:30","date_gmt":"2021-05-06T09:13:30","guid":{"rendered":"http:\/\/www.waterworld-italy.com\/wp-admin\/?post_type=product&#038;p=6358"},"modified":"2024-11-27T15:38:10","modified_gmt":"2024-11-27T15:38:10","slug":"kit-oeillets-pour-levage-chimique-salle-de-bain-3","status":"publish","type":"product","link":"https:\/\/www.waterworld-italy.com\/fr\/produits\/bains-chimiques\/accessoires-de-salle-de-bain-chimiques\/kit-oeillets-pour-levage-chimique-salle-de-bain-3\/","title":{"rendered":"Kit de boulons \u00e0 \u0153il pour levage de bain chimique"},"content":{"rendered":"<p>Nombre de 2 anneaux \u00e0 \u0153il en acier galvanis\u00e9 pour le mouvement sous vide du bain mobile.<\/p>\n","protected":false},"excerpt":{"rendered":"<p>Kit golfari per sollevamento bagno chimico.<\/p>\n","protected":false},"featured_media":6359,"comment_status":"open","ping_status":"open","template":"","meta":[],"product_brand":[],"product_cat":[253,265],"product_tag":[],"class_list":{"0":"post-6358","1":"product","2":"type-product","3":"status-publish","4":"has-post-thumbnail","6":"product_cat-bains-chimiques","7":"product_cat-accessoires-de-salle-de-bain-chimiques","8":"pa_prezzo-spedizione-in-italia-inclusa-fr","10":"first","11":"instock","12":"shipping-taxable","13":"purchasable","14":"product-type-simple"},"_links":{"self":[{"href":"https:\/\/www.waterworld-italy.com\/fr\/wp-json\/wp\/v2\/product\/6358","targetHints":{"allow":["GET"]}}],"collection":[{"href":"https:\/\/www.waterworld-italy.com\/fr\/wp-json\/wp\/v2\/product"}],"about":[{"href":"https:\/\/www.waterworld-italy.com\/fr\/wp-json\/wp\/v2\/types\/product"}],"replies":[{"embeddable":true,"href":"https:\/\/www.waterworld-italy.com\/fr\/wp-json\/wp\/v2\/comments?post=6358"}],"wp:featuredmedia":[{"embeddable":true,"href":"https:\/\/www.waterworld-italy.com\/fr\/wp-json\/wp\/v2\/media\/6359"}],"wp:attachment":[{"href":"https:\/\/www.waterworld-italy.com\/fr\/wp-json\/wp\/v2\/media?parent=6358"}],"wp:term":[{"taxonomy":"product_brand","embeddable":true,"href":"https:\/\/www.waterworld-italy.com\/fr\/wp-json\/wp\/v2\/product_brand?post=6358"},{"taxonomy":"product_cat","embeddable":true,"href":"https:\/\/www.waterworld-italy.com\/fr\/wp-json\/wp\/v2\/product_cat?post=6358"},{"taxonomy":"product_tag","embeddable":true,"href":"https:\/\/www.waterworld-italy.com\/fr\/wp-json\/wp\/v2\/product_tag?post=6358"}],"curies":[{"name":"wp","href":"https:\/\/api.w.org\/{rel}","templated":true}]}}