{"id":6382,"date":"2023-03-23T16:58:36","date_gmt":"2023-03-23T16:58:36","guid":{"rendered":"http:\/\/www.waterworld-italy.com\/wp-admin\/?post_type=product&#038;p=6382"},"modified":"2024-11-27T15:38:10","modified_gmt":"2024-11-27T15:38:10","slug":"reservoir-300-litres-en-polyethylene-vertical-3","status":"publish","type":"product","link":"https:\/\/www.waterworld-italy.com\/fr\/produits\/reservoirs-deau-en-polyethylene\/reservoirs-verticaux-hors-sol-3\/reservoir-300-litres-en-polyethylene-vertical-3\/","title":{"rendered":"Cuve verticale en poly\u00e9thyl\u00e8ne de 300 litres"},"content":{"rendered":"<p><largeur de la table=\"1011\"><br \/>\n<corps><\/p>\n<tr>\n<td width=\"1011\">Cuve verticale en poly\u00e9thyl\u00e8ne de 300 litres diam. 80cm. x hauteur 71 cm. avec les caract\u00e9ristiques sous forme de feuille jointe. Poids 10 kg.<\/td>\n<\/tr>\n<\/tbody>\n<\/table>\n","protected":false},"excerpt":{"rendered":"<p><strong><a title=SCHEDA href=http:\/\/www.waterworld-italy.com\/st\/CLY300V080.pdf target=_blank rel=noopene>SCHEDA TECNICA<\/a><br \/><\/strong><\/p>\n","protected":false},"featured_media":6383,"comment_status":"open","ping_status":"open","template":"","meta":[],"product_brand":[],"product_cat":[273],"product_tag":[],"class_list":{"0":"post-6382","1":"product","2":"type-product","3":"status-publish","4":"has-post-thumbnail","6":"product_cat-reservoirs-verticaux-hors-sol-3","8":"first","9":"instock","10":"shipping-taxable","11":"purchasable","12":"product-type-simple"},"_links":{"self":[{"href":"https:\/\/www.waterworld-italy.com\/fr\/wp-json\/wp\/v2\/product\/6382","targetHints":{"allow":["GET"]}}],"collection":[{"href":"https:\/\/www.waterworld-italy.com\/fr\/wp-json\/wp\/v2\/product"}],"about":[{"href":"https:\/\/www.waterworld-italy.com\/fr\/wp-json\/wp\/v2\/types\/product"}],"replies":[{"embeddable":true,"href":"https:\/\/www.waterworld-italy.com\/fr\/wp-json\/wp\/v2\/comments?post=6382"}],"wp:featuredmedia":[{"embeddable":true,"href":"https:\/\/www.waterworld-italy.com\/fr\/wp-json\/wp\/v2\/media\/6383"}],"wp:attachment":[{"href":"https:\/\/www.waterworld-italy.com\/fr\/wp-json\/wp\/v2\/media?parent=6382"}],"wp:term":[{"taxonomy":"product_brand","embeddable":true,"href":"https:\/\/www.waterworld-italy.com\/fr\/wp-json\/wp\/v2\/product_brand?post=6382"},{"taxonomy":"product_cat","embeddable":true,"href":"https:\/\/www.waterworld-italy.com\/fr\/wp-json\/wp\/v2\/product_cat?post=6382"},{"taxonomy":"product_tag","embeddable":true,"href":"https:\/\/www.waterworld-italy.com\/fr\/wp-json\/wp\/v2\/product_tag?post=6382"}],"curies":[{"name":"wp","href":"https:\/\/api.w.org\/{rel}","templated":true}]}}