{"id":6430,"date":"2023-03-23T18:13:09","date_gmt":"2023-03-23T18:13:09","guid":{"rendered":"http:\/\/www.waterworld-italy.com\/wp-admin\/?post_type=product&#038;p=6430"},"modified":"2024-11-27T15:38:13","modified_gmt":"2024-11-27T15:38:13","slug":"reservoir-de-7000-litres-en-polyethylene-vertical-3","status":"publish","type":"product","link":"https:\/\/www.waterworld-italy.com\/fr\/produits\/reservoirs-deau-en-polyethylene\/reservoirs-verticaux-hors-sol-3\/reservoir-de-7000-litres-en-polyethylene-vertical-3\/","title":{"rendered":"Cuve verticale en poly\u00e9thyl\u00e8ne de 7000 litres"},"content":{"rendered":"<table style=\"largeur\u00a0: 975px;\" largeur=\"1011\">\n<corps><\/p>\n<tr>\n<td style=\"largeur : 975px;\" width=\"1011\">Cuve verticale en poly\u00e9thyl\u00e8ne de 7000 litres diam. 245 cm. x hauteur 194 cm. avec les caract\u00e9ristiques sous forme de feuille jointe. Poids 140 kg.<\/td>\n<\/tr>\n<\/tbody>\n<\/table>\n","protected":false},"excerpt":{"rendered":"<p><strong><a title=SCHEDA href=http:\/\/www.waterworld-italy.com\/st\/CLY7000P220DTF.pdf target=_blank rel=noopene>SCHEDA TECNICA<\/a><br \/><\/strong><\/p>\n","protected":false},"featured_media":6431,"comment_status":"open","ping_status":"open","template":"","meta":[],"product_brand":[],"product_cat":[273],"product_tag":[],"class_list":{"0":"post-6430","1":"product","2":"type-product","3":"status-publish","4":"has-post-thumbnail","6":"product_cat-reservoirs-verticaux-hors-sol-3","8":"first","9":"instock","10":"shipping-taxable","11":"purchasable","12":"product-type-simple"},"_links":{"self":[{"href":"https:\/\/www.waterworld-italy.com\/fr\/wp-json\/wp\/v2\/product\/6430","targetHints":{"allow":["GET"]}}],"collection":[{"href":"https:\/\/www.waterworld-italy.com\/fr\/wp-json\/wp\/v2\/product"}],"about":[{"href":"https:\/\/www.waterworld-italy.com\/fr\/wp-json\/wp\/v2\/types\/product"}],"replies":[{"embeddable":true,"href":"https:\/\/www.waterworld-italy.com\/fr\/wp-json\/wp\/v2\/comments?post=6430"}],"wp:featuredmedia":[{"embeddable":true,"href":"https:\/\/www.waterworld-italy.com\/fr\/wp-json\/wp\/v2\/media\/6431"}],"wp:attachment":[{"href":"https:\/\/www.waterworld-italy.com\/fr\/wp-json\/wp\/v2\/media?parent=6430"}],"wp:term":[{"taxonomy":"product_brand","embeddable":true,"href":"https:\/\/www.waterworld-italy.com\/fr\/wp-json\/wp\/v2\/product_brand?post=6430"},{"taxonomy":"product_cat","embeddable":true,"href":"https:\/\/www.waterworld-italy.com\/fr\/wp-json\/wp\/v2\/product_cat?post=6430"},{"taxonomy":"product_tag","embeddable":true,"href":"https:\/\/www.waterworld-italy.com\/fr\/wp-json\/wp\/v2\/product_tag?post=6430"}],"curies":[{"name":"wp","href":"https:\/\/api.w.org\/{rel}","templated":true}]}}