{"id":6518,"date":"2023-03-24T10:10:24","date_gmt":"2023-03-24T10:10:24","guid":{"rendered":"http:\/\/www.waterworld-italy.com\/wp-admin\/?post_type=product&#038;p=6518"},"modified":"2024-11-27T15:38:16","modified_gmt":"2024-11-27T15:38:16","slug":"baignoire-imhoff-da-3-ae-3","status":"publish","type":"product","link":"https:\/\/www.waterworld-italy.com\/fr\/produits\/stations-depuration-des-eaux-usees\/reservoirs-imhoff-drain-tab-3\/baignoire-imhoff-da-3-ae-3\/","title":{"rendered":"baignoire imhoff 3 pe"},"content":{"rendered":"<p><largeur de la table=\"1011\"><br \/>\n<corps><\/p>\n<tr>\n<td width=\"1011\">La piscine imhoff du 3\u00e8me \u00e9tage est compos\u00e9e de deux zones r\u00e9parties entre elles. Dans le premier compartiment se trouve une zone appel\u00e9e digestion tandis que dans le second on assiste \u00e0 ce qu&rsquo;on appelle la digestion des boues qui conduit \u00e0 la d\u00e9gradation des eaux us\u00e9es. Dimensions : 80cm. X 80 cm. X 106 cm de haut<\/td>\n<\/tr>\n<\/tbody>\n<\/table>\n","protected":false},"excerpt":{"rendered":"<p><strong><a title=\"SCHEDA\" href=\"http:\/\/www.waterworld-italy.com\/st\/IMF_L_500_DS .pdf\" target=\"_blank\" rel=\"noopene noopener\">SCHEDA TECNICA<\/a><br \/><\/strong><\/p>\n","protected":false},"featured_media":6519,"comment_status":"open","ping_status":"open","template":"","meta":[],"product_brand":[],"product_cat":[285],"product_tag":[],"class_list":{"0":"post-6518","1":"product","2":"type-product","3":"status-publish","4":"has-post-thumbnail","6":"product_cat-reservoirs-imhoff-drain-tab-3","8":"first","9":"instock","10":"shipping-taxable","11":"purchasable","12":"product-type-simple"},"_links":{"self":[{"href":"https:\/\/www.waterworld-italy.com\/fr\/wp-json\/wp\/v2\/product\/6518","targetHints":{"allow":["GET"]}}],"collection":[{"href":"https:\/\/www.waterworld-italy.com\/fr\/wp-json\/wp\/v2\/product"}],"about":[{"href":"https:\/\/www.waterworld-italy.com\/fr\/wp-json\/wp\/v2\/types\/product"}],"replies":[{"embeddable":true,"href":"https:\/\/www.waterworld-italy.com\/fr\/wp-json\/wp\/v2\/comments?post=6518"}],"wp:featuredmedia":[{"embeddable":true,"href":"https:\/\/www.waterworld-italy.com\/fr\/wp-json\/wp\/v2\/media\/6519"}],"wp:attachment":[{"href":"https:\/\/www.waterworld-italy.com\/fr\/wp-json\/wp\/v2\/media?parent=6518"}],"wp:term":[{"taxonomy":"product_brand","embeddable":true,"href":"https:\/\/www.waterworld-italy.com\/fr\/wp-json\/wp\/v2\/product_brand?post=6518"},{"taxonomy":"product_cat","embeddable":true,"href":"https:\/\/www.waterworld-italy.com\/fr\/wp-json\/wp\/v2\/product_cat?post=6518"},{"taxonomy":"product_tag","embeddable":true,"href":"https:\/\/www.waterworld-italy.com\/fr\/wp-json\/wp\/v2\/product_tag?post=6518"}],"curies":[{"name":"wp","href":"https:\/\/api.w.org\/{rel}","templated":true}]}}