{"id":6526,"date":"2023-03-24T10:16:04","date_gmt":"2023-03-24T10:16:04","guid":{"rendered":"http:\/\/www.waterworld-italy.com\/wp-admin\/?post_type=product&#038;p=6526"},"modified":"2024-11-27T15:38:17","modified_gmt":"2024-11-27T15:38:17","slug":"baignoire-imhoff-da-4-ae-3","status":"publish","type":"product","link":"https:\/\/www.waterworld-italy.com\/fr\/produits\/stations-depuration-des-eaux-usees\/reservoirs-imhoff-drain-tab-3\/baignoire-imhoff-da-4-ae-3\/","title":{"rendered":"imhoff 4 baignoire"},"content":{"rendered":"<p><largeur de la table=\"1011\"><br \/>\n<corps><\/p>\n<tr>\n<td width=\"1011\">La piscine 4 ae imhoff est compos\u00e9e de deux zones r\u00e9parties entre elles. Dans le premier compartiment se trouve une zone appel\u00e9e digestion tandis que dans le second on assiste \u00e0 ce qu&rsquo;on appelle la digestion des boues qui conduit \u00e0 la d\u00e9gradation des eaux us\u00e9es. Dimensions : 104 cm. X 78 cm. X 101 cm de hauteur<\/td>\n<\/tr>\n<\/tbody>\n<\/table>\n","protected":false},"excerpt":{"rendered":"<p><strong><a title=SCHEDA href=http:\/\/www.waterworld-italy.com\/st\/IMF_S_600_DS.pdf target=_blank rel=noopene>SCHEDA TECNICA<\/a><br \/><\/strong><\/p>\n","protected":false},"featured_media":6527,"comment_status":"open","ping_status":"open","template":"","meta":[],"product_brand":[],"product_cat":[285],"product_tag":[],"class_list":{"0":"post-6526","1":"product","2":"type-product","3":"status-publish","4":"has-post-thumbnail","6":"product_cat-reservoirs-imhoff-drain-tab-3","8":"first","9":"instock","10":"shipping-taxable","11":"purchasable","12":"product-type-simple"},"_links":{"self":[{"href":"https:\/\/www.waterworld-italy.com\/fr\/wp-json\/wp\/v2\/product\/6526","targetHints":{"allow":["GET"]}}],"collection":[{"href":"https:\/\/www.waterworld-italy.com\/fr\/wp-json\/wp\/v2\/product"}],"about":[{"href":"https:\/\/www.waterworld-italy.com\/fr\/wp-json\/wp\/v2\/types\/product"}],"replies":[{"embeddable":true,"href":"https:\/\/www.waterworld-italy.com\/fr\/wp-json\/wp\/v2\/comments?post=6526"}],"wp:featuredmedia":[{"embeddable":true,"href":"https:\/\/www.waterworld-italy.com\/fr\/wp-json\/wp\/v2\/media\/6527"}],"wp:attachment":[{"href":"https:\/\/www.waterworld-italy.com\/fr\/wp-json\/wp\/v2\/media?parent=6526"}],"wp:term":[{"taxonomy":"product_brand","embeddable":true,"href":"https:\/\/www.waterworld-italy.com\/fr\/wp-json\/wp\/v2\/product_brand?post=6526"},{"taxonomy":"product_cat","embeddable":true,"href":"https:\/\/www.waterworld-italy.com\/fr\/wp-json\/wp\/v2\/product_cat?post=6526"},{"taxonomy":"product_tag","embeddable":true,"href":"https:\/\/www.waterworld-italy.com\/fr\/wp-json\/wp\/v2\/product_tag?post=6526"}],"curies":[{"name":"wp","href":"https:\/\/api.w.org\/{rel}","templated":true}]}}