{"id":6558,"date":"2023-03-24T10:32:08","date_gmt":"2023-03-24T10:32:08","guid":{"rendered":"http:\/\/www.waterworld-italy.com\/wp-admin\/?post_type=product&#038;p=6558"},"modified":"2024-11-27T15:38:17","modified_gmt":"2024-11-27T15:38:17","slug":"baignoire-imhoff-da-12-ae-3","status":"publish","type":"product","link":"https:\/\/www.waterworld-italy.com\/fr\/produits\/stations-depuration-des-eaux-usees\/reservoirs-imhoff-drain-tab-3\/baignoire-imhoff-da-12-ae-3\/","title":{"rendered":"12 Au r\u00e9servoir Imhoff"},"content":{"rendered":"<p><largeur de la table=\"1011\"><br \/>\n<corps><\/p>\n<tr>\n<td width=\"1011\">Le r\u00e9servoir imhoff de 12 p.a. elle \u00e9tait compos\u00e9e de deux zones distinctes l&rsquo;une de l&rsquo;autre. Dans le premier compartiment, il y a une zone appel\u00e9e digestion, tandis que dans le second, nous vous assistons dans ce qu&rsquo;on appelle la digestion des intestins, ce qui entra\u00eene la d\u00e9gradation des eaux us\u00e9es. Dimensions : 130 cm. X 130 cm. x 172 cm haut<\/td>\n<\/tr>\n<\/tbody>\n<\/table>\n","protected":false},"excerpt":{"rendered":"<p><strong><a title=\"CARTE\" href=\"http:\/\/www.waterworld-italy.com\/st\/IMF_C_1600_DS.pdf\" target=\"_blank\" rel=\"noopene\">FEUILLE<\/a><br \/><\/strong><\/p>\n","protected":false},"featured_media":6559,"comment_status":"open","ping_status":"open","template":"","meta":[],"product_brand":[],"product_cat":[285],"product_tag":[],"class_list":{"0":"post-6558","1":"product","2":"type-product","3":"status-publish","4":"has-post-thumbnail","6":"product_cat-reservoirs-imhoff-drain-tab-3","8":"first","9":"instock","10":"shipping-taxable","11":"purchasable","12":"product-type-simple"},"_links":{"self":[{"href":"https:\/\/www.waterworld-italy.com\/fr\/wp-json\/wp\/v2\/product\/6558","targetHints":{"allow":["GET"]}}],"collection":[{"href":"https:\/\/www.waterworld-italy.com\/fr\/wp-json\/wp\/v2\/product"}],"about":[{"href":"https:\/\/www.waterworld-italy.com\/fr\/wp-json\/wp\/v2\/types\/product"}],"replies":[{"embeddable":true,"href":"https:\/\/www.waterworld-italy.com\/fr\/wp-json\/wp\/v2\/comments?post=6558"}],"wp:featuredmedia":[{"embeddable":true,"href":"https:\/\/www.waterworld-italy.com\/fr\/wp-json\/wp\/v2\/media\/6559"}],"wp:attachment":[{"href":"https:\/\/www.waterworld-italy.com\/fr\/wp-json\/wp\/v2\/media?parent=6558"}],"wp:term":[{"taxonomy":"product_brand","embeddable":true,"href":"https:\/\/www.waterworld-italy.com\/fr\/wp-json\/wp\/v2\/product_brand?post=6558"},{"taxonomy":"product_cat","embeddable":true,"href":"https:\/\/www.waterworld-italy.com\/fr\/wp-json\/wp\/v2\/product_cat?post=6558"},{"taxonomy":"product_tag","embeddable":true,"href":"https:\/\/www.waterworld-italy.com\/fr\/wp-json\/wp\/v2\/product_tag?post=6558"}],"curies":[{"name":"wp","href":"https:\/\/api.w.org\/{rel}","templated":true}]}}