{"id":6614,"date":"2023-03-24T10:53:08","date_gmt":"2023-03-24T10:53:08","guid":{"rendered":"http:\/\/www.waterworld-italy.com\/wp-admin\/?post_type=product&#038;p=6614"},"modified":"2024-11-27T15:38:20","modified_gmt":"2024-11-27T15:38:20","slug":"reservoir-imhoff-pour-les-regions-speciales-3-habitants-3","status":"publish","type":"product","link":"https:\/\/www.waterworld-italy.com\/fr\/produits\/stations-depuration-des-eaux-usees\/baignoires-imhoff-region-emilie-romagne-molise-umbria\/reservoir-imhoff-pour-les-regions-speciales-3-habitants-3\/","title":{"rendered":"R\u00e9servation Imhoff pour r\u00e9gions sp\u00e9ciales 3 habitants"},"content":{"rendered":"<p><largeur de la table=\"1011\"><br \/>\n<corps><\/p>\n<tr>\n<td width=\"1011\">R\u00e9servoir Imhoff pour l&rsquo;\u00c9milie-Romagne, le Molise, la r\u00e9gion de l&rsquo;Ombrie dimensionn\u00e9 pour 3 habitants<\/td>\n<\/tr>\n<\/tbody>\n<\/table>\n","protected":false},"excerpt":{"rendered":"<p><strong><a title=\"CARTE\" href=\"http:\/\/www.waterworld-italy.com\/st\/IMFS750NR.pdf\" target=\"_blank\" rel=\"noopene\">FEUILLE<\/a><br \/><\/strong><\/p>\n","protected":false},"featured_media":6615,"comment_status":"open","ping_status":"open","template":"","meta":[],"product_brand":[],"product_cat":[297],"product_tag":[],"class_list":{"0":"post-6614","1":"product","2":"type-product","3":"status-publish","4":"has-post-thumbnail","6":"product_cat-baignoires-imhoff-region-emilie-romagne-molise-umbria","8":"first","9":"instock","10":"shipping-taxable","11":"purchasable","12":"product-type-simple"},"_links":{"self":[{"href":"https:\/\/www.waterworld-italy.com\/fr\/wp-json\/wp\/v2\/product\/6614","targetHints":{"allow":["GET"]}}],"collection":[{"href":"https:\/\/www.waterworld-italy.com\/fr\/wp-json\/wp\/v2\/product"}],"about":[{"href":"https:\/\/www.waterworld-italy.com\/fr\/wp-json\/wp\/v2\/types\/product"}],"replies":[{"embeddable":true,"href":"https:\/\/www.waterworld-italy.com\/fr\/wp-json\/wp\/v2\/comments?post=6614"}],"wp:featuredmedia":[{"embeddable":true,"href":"https:\/\/www.waterworld-italy.com\/fr\/wp-json\/wp\/v2\/media\/6615"}],"wp:attachment":[{"href":"https:\/\/www.waterworld-italy.com\/fr\/wp-json\/wp\/v2\/media?parent=6614"}],"wp:term":[{"taxonomy":"product_brand","embeddable":true,"href":"https:\/\/www.waterworld-italy.com\/fr\/wp-json\/wp\/v2\/product_brand?post=6614"},{"taxonomy":"product_cat","embeddable":true,"href":"https:\/\/www.waterworld-italy.com\/fr\/wp-json\/wp\/v2\/product_cat?post=6614"},{"taxonomy":"product_tag","embeddable":true,"href":"https:\/\/www.waterworld-italy.com\/fr\/wp-json\/wp\/v2\/product_tag?post=6614"}],"curies":[{"name":"wp","href":"https:\/\/api.w.org\/{rel}","templated":true}]}}