{"id":836,"date":"2020-04-25T17:47:01","date_gmt":"2020-04-25T17:47:01","guid":{"rendered":"http:\/\/www.waterworld-italy.com\/wp-admin\/?post_type=product&#038;p=836"},"modified":"2025-02-19T15:21:53","modified_gmt":"2025-02-19T15:21:53","slug":"reservoirs-en-polyethylene-differentes-formes","status":"publish","type":"product","link":"https:\/\/www.waterworld-italy.com\/fr\/produits\/reservoirs-deau-en-polyethylene\/citernes-differentes-formes\/reservoirs-en-polyethylene-differentes-formes\/","title":{"rendered":"R\u00c9SERVOIRS EN POLY\u00c9THYL\u00c8NE DIFF\u00c9RENTES FORMES"},"content":{"rendered":"<p>Cuves en poly\u00e9thyl\u00e8ne de diff\u00e9rentes formes de 200 \u00e0 750 litres. Citernes carr\u00e9es ou en forme de sous-escalier. R\u00e9servoirs ext\u00e9rieurs de diff\u00e9rentes formes en poly\u00e9thyl\u00e8ne haute densit\u00e9 lin\u00e9aire monobloc<\/p>\n","protected":false},"excerpt":{"rendered":"<p><span style=\"font-size: 14pt; color: #ffcc00;\"><strong>SCHEDA TECNICA<\/strong><\/span><\/p>\n","protected":false},"featured_media":855,"comment_status":"open","ping_status":"closed","template":"","meta":[],"product_brand":[],"product_cat":[57],"product_tag":[],"class_list":{"0":"post-836","1":"product","2":"type-product","3":"status-publish","4":"has-post-thumbnail","6":"product_cat-citernes-differentes-formes","7":"pa_capacita-in-litri-50-4","8":"pa_capacita-in-litri-150-fr","9":"pa_capacita-in-litri-220-fr","10":"pa_capacita-in-litri-290-fr","11":"pa_capacita-in-litri-299-fr","12":"pa_capacita-in-litri-300-fr","13":"pa_capacita-in-litri-301-fr","14":"pa_capacita-in-litri-315-fr","15":"pa_capacita-in-litri-400-4","16":"pa_capacita-in-litri-500-fr","17":"pa_capacita-in-litri-501-fr","18":"pa_capacita-in-litri-502-fr","19":"pa_capacita-in-litri-535-4","20":"pa_capacita-in-litri-538-fr","21":"pa_capacita-in-litri-565-fr","22":"pa_capacita-in-litri-750-fr","23":"pa_capacita-in-litri-800-fr","24":"pa_capacita-in-litri-1000-fr","25":"pa_capacita-in-litri-1001-fr","26":"pa_capacita-in-litri-1020-fr","27":"pa_capacita-in-litri-1021-fr","28":"pa_capacita-in-litri-1040-fr","29":"pa_capacita-in-litri-1100-fr","30":"pa_capacita-in-litri-1350-fr","31":"pa_capacita-in-litri-1450-fr","32":"pa_capacita-in-litri-1500-fr","33":"pa_capacita-in-litri-1600-fr","34":"pa_capacita-in-litri-1665-fr","35":"pa_capacita-in-litri-1700-fr","36":"pa_capacita-in-litri-2000-fr","37":"pa_capacita-in-litri-2001-fr","38":"pa_capacita-in-litri-2075-fr","39":"pa_capacita-in-litri-2200-fr","40":"pa_capacita-in-litri-2201-fr","41":"pa_capacita-in-litri-2380-fr","42":"pa_capacita-in-litri-2700-fr","43":"pa_capacita-in-litri-2850-fr","44":"pa_capacita-in-litri-3000-fr","45":"pa_capacita-in-litri-3001-fr","46":"pa_capacita-in-litri-3050-fr","47":"pa_capacita-in-litri-3100-fr","48":"pa_capacita-in-litri-3105-fr","49":"pa_capacita-in-litri-3200-fr","50":"pa_capacita-in-litri-3260-fr","51":"pa_capacita-in-litri-3500-fr","52":"pa_capacita-in-litri-4000-fr","53":"pa_capacita-in-litri-4050-fr","54":"pa_capacita-in-litri-4200-fr","55":"pa_capacita-in-litri-4400-fr","56":"pa_capacita-in-litri-4500-fr","57":"pa_capacita-in-litri-4600-fr","58":"pa_capacita-in-litri-4905-fr","59":"pa_capacita-in-litri-5000-fr","60":"pa_capacita-in-litri-5001-fr","61":"pa_capacita-in-litri-5050-fr","62":"pa_capacita-in-litri-5100-fr","63":"pa_capacita-in-litri-5300-fr","64":"pa_capacita-in-litri-5400-fr","65":"pa_capacita-in-litri-5500-fr","66":"pa_capacita-in-litri-5700-fr","67":"pa_capacita-in-litri-5900-fr","68":"pa_capacita-in-litri-6000-fr","69":"pa_capacita-in-litri-7200-fr","70":"pa_capacita-in-litri-7350-fr","71":"pa_capacita-in-litri-7500-fr","72":"pa_capacita-in-litri-7800-fr","73":"pa_capacita-in-litri-8000-fr","74":"pa_capacita-in-litri-8200-fr","75":"pa_capacita-in-litri-9800-fr","76":"pa_capacita-in-litri-10000-fr","77":"pa_capacita-in-litri-10400-fr","78":"pa_capacita-in-litri-10700-fr","79":"pa_capacita-in-litri-11000-fr","80":"pa_capacita-in-litri-11150-fr","81":"pa_capacita-in-litri-12000-fr","82":"pa_capacita-in-litri-12200-fr","83":"pa_capacita-in-litri-14000-fr","84":"pa_capacita-in-litri-14300-fr","85":"pa_capacita-in-litri-15000-fr","86":"pa_capacita-in-litri-16300-fr","87":"pa_capacita-in-litri-18700-fr","88":"pa_capacita-in-litri-21500-fr","89":"pa_capacita-in-litri-32400-fr","90":"pa_capacita-in-litri-39100-fr","91":"pa_capacita-in-litri-46300-fr","92":"pa_capacita-in-litri-50000-fr","93":"pa_prezzo-spedizione-in-italia-inclusa-fr","95":"first","96":"outofstock","97":"shipping-taxable","98":"purchasable","99":"product-type-variable"},"_links":{"self":[{"href":"https:\/\/www.waterworld-italy.com\/fr\/wp-json\/wp\/v2\/product\/836","targetHints":{"allow":["GET"]}}],"collection":[{"href":"https:\/\/www.waterworld-italy.com\/fr\/wp-json\/wp\/v2\/product"}],"about":[{"href":"https:\/\/www.waterworld-italy.com\/fr\/wp-json\/wp\/v2\/types\/product"}],"replies":[{"embeddable":true,"href":"https:\/\/www.waterworld-italy.com\/fr\/wp-json\/wp\/v2\/comments?post=836"}],"wp:featuredmedia":[{"embeddable":true,"href":"https:\/\/www.waterworld-italy.com\/fr\/wp-json\/wp\/v2\/media\/855"}],"wp:attachment":[{"href":"https:\/\/www.waterworld-italy.com\/fr\/wp-json\/wp\/v2\/media?parent=836"}],"wp:term":[{"taxonomy":"product_brand","embeddable":true,"href":"https:\/\/www.waterworld-italy.com\/fr\/wp-json\/wp\/v2\/product_brand?post=836"},{"taxonomy":"product_cat","embeddable":true,"href":"https:\/\/www.waterworld-italy.com\/fr\/wp-json\/wp\/v2\/product_cat?post=836"},{"taxonomy":"product_tag","embeddable":true,"href":"https:\/\/www.waterworld-italy.com\/fr\/wp-json\/wp\/v2\/product_tag?post=836"}],"curies":[{"name":"wp","href":"https:\/\/api.w.org\/{rel}","templated":true}]}}