{"id":86,"date":"2020-04-15T00:09:42","date_gmt":"2020-04-15T00:09:42","guid":{"rendered":"http:\/\/www.waterworld-italy.com\/wp-admin\/?post_type=product&#038;p=86"},"modified":"2024-11-27T15:37:35","modified_gmt":"2024-11-27T15:37:35","slug":"pompe-hydrogo-40-08-monophasee-galle-3","status":"publish","type":"product","link":"https:\/\/www.waterworld-italy.com\/fr\/produits\/reservoirs-deau-en-polyethylene\/accessoires-reservoirs-deau-en-polyethylene\/pompe-hydrogo-40-08-monophasee-galle-3\/","title":{"rendered":"Pompe monophas\u00e9e Idrogo 40 \/ 08 + fiel."},"content":{"rendered":"<p>Pompe pour eau de pluie et eau potable, pompe \u00e9lectrique \u00e9quip\u00e9e de double garniture m\u00e9canique \u00e0 chambre interpos\u00e9e<br \/>\ndans l&rsquo;huile. Moteur asynchrone bipolaire auto-ventil\u00e9 refroidi par le<br \/>\nliquide d\u00e9plac\u00e9, classe d&rsquo;isolation F et degr\u00e9 de protection IP6. Pompe de 0,6 kW<\/p>\n","protected":false},"excerpt":{"rendered":"<p><strong><a title=SCHEDA href=http:\/\/www.waterworld-italy.com\/st\/POMPA_PER_ACQUE_PIOVANE.pdf target=_blank rel=noopener>SCHEDA TECNICA<\/a><br \/><\/strong><\/p>\n","protected":false},"featured_media":87,"comment_status":"open","ping_status":"closed","template":"","meta":[],"product_brand":[],"product_cat":[53],"product_tag":[],"class_list":{"0":"post-86","1":"product","2":"type-product","3":"status-publish","4":"has-post-thumbnail","6":"product_cat-accessoires-reservoirs-deau-en-polyethylene","7":"pa_prezzo-spedizione-in-italia-inclusa-fr","9":"first","10":"instock","11":"shipping-taxable","12":"purchasable","13":"product-type-simple"},"_links":{"self":[{"href":"https:\/\/www.waterworld-italy.com\/fr\/wp-json\/wp\/v2\/product\/86","targetHints":{"allow":["GET"]}}],"collection":[{"href":"https:\/\/www.waterworld-italy.com\/fr\/wp-json\/wp\/v2\/product"}],"about":[{"href":"https:\/\/www.waterworld-italy.com\/fr\/wp-json\/wp\/v2\/types\/product"}],"replies":[{"embeddable":true,"href":"https:\/\/www.waterworld-italy.com\/fr\/wp-json\/wp\/v2\/comments?post=86"}],"wp:featuredmedia":[{"embeddable":true,"href":"https:\/\/www.waterworld-italy.com\/fr\/wp-json\/wp\/v2\/media\/87"}],"wp:attachment":[{"href":"https:\/\/www.waterworld-italy.com\/fr\/wp-json\/wp\/v2\/media?parent=86"}],"wp:term":[{"taxonomy":"product_brand","embeddable":true,"href":"https:\/\/www.waterworld-italy.com\/fr\/wp-json\/wp\/v2\/product_brand?post=86"},{"taxonomy":"product_cat","embeddable":true,"href":"https:\/\/www.waterworld-italy.com\/fr\/wp-json\/wp\/v2\/product_cat?post=86"},{"taxonomy":"product_tag","embeddable":true,"href":"https:\/\/www.waterworld-italy.com\/fr\/wp-json\/wp\/v2\/product_tag?post=86"}],"curies":[{"name":"wp","href":"https:\/\/api.w.org\/{rel}","templated":true}]}}