{"id":7035,"date":"2024-12-16T09:35:58","date_gmt":"2024-12-16T09:35:58","guid":{"rendered":"http:\/\/www.waterworld-italy.com\/contatti\/"},"modified":"2025-01-24T17:13:14","modified_gmt":"2025-01-24T17:13:14","slug":"contatti","status":"publish","type":"page","link":"https:\/\/www.waterworld-italy.com\/ro\/contatti\/","title":{"rendered":"Contacte"},"content":{"rendered":"<p>Suntem aici pentru a v\u0103 r\u0103spunde la \u00eentreb\u0103ri, pentru a v\u0103 oferi informa\u021bii suplimentare \u0219i pentru a v\u0103 ajuta \u00een orice mod posibil. V\u0103 rug\u0103m s\u0103 nu ezita\u021bi s\u0103 ne contacta\u021bi prin urm\u0103toarele canale de contact.<\/p>\n","protected":false},"excerpt":{"rendered":"<p>Suntem aici pentru a v\u0103 r\u0103spunde la \u00eentreb\u0103ri, pentru a v\u0103 oferi informa\u021bii suplimentare \u0219i pentru a v\u0103 ajuta \u00een orice mod posibil. V\u0103 rug\u0103m s\u0103 nu ezita\u021bi s\u0103 ne contacta\u021bi prin urm\u0103toarele canale de contact.<\/p>\n","protected":false},"author":1,"featured_media":0,"parent":0,"menu_order":0,"comment_status":"closed","ping_status":"closed","template":"page-contatti.php","meta":{"footnotes":""},"class_list":["post-7035","page","type-page","status-publish","hentry"],"_links":{"self":[{"href":"https:\/\/www.waterworld-italy.com\/ro\/wp-json\/wp\/v2\/pages\/7035","targetHints":{"allow":["GET"]}}],"collection":[{"href":"https:\/\/www.waterworld-italy.com\/ro\/wp-json\/wp\/v2\/pages"}],"about":[{"href":"https:\/\/www.waterworld-italy.com\/ro\/wp-json\/wp\/v2\/types\/page"}],"author":[{"embeddable":true,"href":"https:\/\/www.waterworld-italy.com\/ro\/wp-json\/wp\/v2\/users\/1"}],"replies":[{"embeddable":true,"href":"https:\/\/www.waterworld-italy.com\/ro\/wp-json\/wp\/v2\/comments?post=7035"}],"version-history":[{"count":2,"href":"https:\/\/www.waterworld-italy.com\/ro\/wp-json\/wp\/v2\/pages\/7035\/revisions"}],"predecessor-version":[{"id":7039,"href":"https:\/\/www.waterworld-italy.com\/ro\/wp-json\/wp\/v2\/pages\/7035\/revisions\/7039"}],"wp:attachment":[{"href":"https:\/\/www.waterworld-italy.com\/ro\/wp-json\/wp\/v2\/media?parent=7035"}],"curies":[{"name":"wp","href":"https:\/\/api.w.org\/{rel}","templated":true}]}}