{"id":128,"date":"2020-04-15T00:09:42","date_gmt":"2020-04-15T00:09:42","guid":{"rendered":"http:\/\/www.waterworld-italy.com\/wp-admin\/?post_type=product&#038;p=128"},"modified":"2024-11-27T15:44:00","modified_gmt":"2024-11-27T15:44:00","slug":"put-filtru-frunze-cu-cos-filtrant-autocuratare-4","status":"publish","type":"product","link":"https:\/\/www.waterworld-italy.com\/ro\/produse\/rezervoare-apa-in-polietilena\/accesorii-rezervoare-apa-in-polietilena\/put-filtru-frunze-cu-cos-filtrant-autocuratare-4\/","title":{"rendered":"Bazin pentru filtru din frunze cu co\u0219 cu filtru cu autocur\u0103\u021bare"},"content":{"rendered":"<p>Frunze filtru bine cu un diametru de 400 mm. iar inaltimea 451 este specifica pentru a fi instalata pe rezervoarele de apa pluviala. Func\u021bia sa \u00eei permite s\u0103 se autocur\u0103\u021beze. Conductele de intrare \u0219i de evacuare au diametrul de 160 mm<\/p>\n","protected":false},"excerpt":{"rendered":"<p><strong><a title=SCHEDA href=http:\/\/www.waterworld-italy.com\/st\/Scheda_pozzetto_filtro_foglie_autopulente.pdf target=_blank rel=noopener>SCHEDA TECNICA<\/a><br \/><\/strong><\/p>\n","protected":false},"featured_media":129,"comment_status":"open","ping_status":"closed","template":"","meta":[],"product_brand":[],"product_cat":[54],"product_tag":[],"class_list":{"0":"post-128","1":"product","2":"type-product","3":"status-publish","4":"has-post-thumbnail","6":"product_cat-accesorii-rezervoare-apa-in-polietilena","7":"pa_prezzo-spedizione-in-italia-inclusa-ro","9":"first","10":"instock","11":"shipping-taxable","12":"purchasable","13":"product-type-simple"},"_links":{"self":[{"href":"https:\/\/www.waterworld-italy.com\/ro\/wp-json\/wp\/v2\/product\/128","targetHints":{"allow":["GET"]}}],"collection":[{"href":"https:\/\/www.waterworld-italy.com\/ro\/wp-json\/wp\/v2\/product"}],"about":[{"href":"https:\/\/www.waterworld-italy.com\/ro\/wp-json\/wp\/v2\/types\/product"}],"replies":[{"embeddable":true,"href":"https:\/\/www.waterworld-italy.com\/ro\/wp-json\/wp\/v2\/comments?post=128"}],"wp:featuredmedia":[{"embeddable":true,"href":"https:\/\/www.waterworld-italy.com\/ro\/wp-json\/wp\/v2\/media\/129"}],"wp:attachment":[{"href":"https:\/\/www.waterworld-italy.com\/ro\/wp-json\/wp\/v2\/media?parent=128"}],"wp:term":[{"taxonomy":"product_brand","embeddable":true,"href":"https:\/\/www.waterworld-italy.com\/ro\/wp-json\/wp\/v2\/product_brand?post=128"},{"taxonomy":"product_cat","embeddable":true,"href":"https:\/\/www.waterworld-italy.com\/ro\/wp-json\/wp\/v2\/product_cat?post=128"},{"taxonomy":"product_tag","embeddable":true,"href":"https:\/\/www.waterworld-italy.com\/ro\/wp-json\/wp\/v2\/product_tag?post=128"}],"curies":[{"name":"wp","href":"https:\/\/api.w.org\/{rel}","templated":true}]}}