{"id":171,"date":"2020-04-15T23:16:04","date_gmt":"2020-04-15T23:16:04","guid":{"rendered":"http:\/\/www.waterworld-italy.com\/wp-admin\/?post_type=product&#038;p=171"},"modified":"2024-11-27T15:44:02","modified_gmt":"2024-11-27T15:44:02","slug":"capcana-de-grasimi-capcana-de-nisip-neteda-300-4","status":"publish","type":"product","link":"https:\/\/www.waterworld-italy.com\/ro\/produse\/statii-epurare-ape-uzate\/capcane-de-grasime\/capcana-de-grasimi-capcana-de-nisip-neteda-300-4\/","title":{"rendered":"Capcan\u0103 neted\u0103 pentru gr\u0103simi\/capcan\u0103 pentru nisip 300"},"content":{"rendered":"<p>Capcan\u0103 de gr\u0103simi din polietilen\u0103 folosit\u0103 ca separator de uleiuri \u0219i gr\u0103simi vegetale \u0219i animale. Acest colector de gr\u0103simi este \u00een conformitate cu standardul uni-en 1825, echipat cu o priz\u0103 din PVC cu garnitur\u0103 etan\u0219\u0103, aerisire pentru biogaz \u0219i capace de inspec\u021bie care permit at\u00e2t purjarea, c\u00e2t \u0219i \u00eentre\u021binerea corect\u0103. Sectoarele \u00een care colectorul de gr\u0103simi este cel mai utilizat sunt buc\u0103t\u0103riile industriale, magazinele de tip fast-food, restaurantele, hotelurile \u0219i unit\u0103\u021bile de cazare \u00een general. Dimensiunile colectorului de grasime sunt: \u200b\u200bdiametru 63 cm.  si inaltime 97 cm.<\/p>\n","protected":false},"excerpt":{"rendered":"<p><strong><a title=SCHEDA href=http:\/\/www.waterworld-italy.com\/st\/Scheda_tecnica-Manuale_Degrassatori.pdf target=_blank rel=noopener>SCHEDA TECNICA<\/a><br \/><\/strong><\/p>\n","protected":false},"featured_media":172,"comment_status":"open","ping_status":"closed","template":"","meta":[],"product_brand":[],"product_cat":[126,130],"product_tag":[],"class_list":{"0":"post-171","1":"product","2":"type-product","3":"status-publish","4":"has-post-thumbnail","6":"product_cat-statii-epurare-ape-uzate","7":"product_cat-capcane-de-grasime","8":"pa_abitanti-equivalenti-10-ro","9":"pa_installazione-subteran","10":"pa_prezzo-spedizione-in-italia-inclusa-ro","11":"pa_variante-standard-italia-ro","13":"first","14":"outofstock","15":"shipping-taxable","16":"purchasable","17":"product-type-simple"},"_links":{"self":[{"href":"https:\/\/www.waterworld-italy.com\/ro\/wp-json\/wp\/v2\/product\/171","targetHints":{"allow":["GET"]}}],"collection":[{"href":"https:\/\/www.waterworld-italy.com\/ro\/wp-json\/wp\/v2\/product"}],"about":[{"href":"https:\/\/www.waterworld-italy.com\/ro\/wp-json\/wp\/v2\/types\/product"}],"replies":[{"embeddable":true,"href":"https:\/\/www.waterworld-italy.com\/ro\/wp-json\/wp\/v2\/comments?post=171"}],"wp:featuredmedia":[{"embeddable":true,"href":"https:\/\/www.waterworld-italy.com\/ro\/wp-json\/wp\/v2\/media\/172"}],"wp:attachment":[{"href":"https:\/\/www.waterworld-italy.com\/ro\/wp-json\/wp\/v2\/media?parent=171"}],"wp:term":[{"taxonomy":"product_brand","embeddable":true,"href":"https:\/\/www.waterworld-italy.com\/ro\/wp-json\/wp\/v2\/product_brand?post=171"},{"taxonomy":"product_cat","embeddable":true,"href":"https:\/\/www.waterworld-italy.com\/ro\/wp-json\/wp\/v2\/product_cat?post=171"},{"taxonomy":"product_tag","embeddable":true,"href":"https:\/\/www.waterworld-italy.com\/ro\/wp-json\/wp\/v2\/product_tag?post=171"}],"curies":[{"name":"wp","href":"https:\/\/api.w.org\/{rel}","templated":true}]}}