{"id":228,"date":"2020-04-15T23:16:05","date_gmt":"2020-04-15T23:16:05","guid":{"rendered":"http:\/\/www.waterworld-italy.com\/wp-admin\/?post_type=product&#038;p=228"},"modified":"2024-11-27T15:44:04","modified_gmt":"2024-11-27T15:44:04","slug":"tava-pentru-epurare-construita-de-5-m2-4","status":"publish","type":"product","link":"https:\/\/www.waterworld-italy.com\/ro\/produse\/statii-epurare-ape-uzate\/planta-fitoremediere\/tava-pentru-epurare-construita-de-5-m2-4\/","title":{"rendered":"Tava de fitoremediere 5m2"},"content":{"rendered":"<p>Tava pentru zona umed\u0103 construit\u0103 este de tip polietilen\u0103 liniar\u0103 de \u00eenalt\u0103 densitate (LLDPE) \u0219i are o suprafa\u021b\u0103 de 5 m2. Este alc\u0103tuit\u0103 din \u021bevi \u0219i etan\u0219\u0103ri. Func\u021bia t\u0103vii de fitoremediere este de a trata apa \u0219i de a rafina apa uzat\u0103 pentru a permite livrarea acesteia fie la TAB.3, fie la TAB.4. Dac\u0103 este dimensionat corespunz\u0103tor, sistemul permite recircularea apei, permi\u021b\u00e2nd astfel un circuit \u00eenchis.<\/p>\n","protected":false},"excerpt":{"rendered":"<p><strong><a title=SCHEDA href=http:\/\/www.waterworld-italy.com\/st\/Scheda_tecnica_GENERALE_FITODEPURAZIONE_FITO_VS5_Rev_00.pdf target=_blank rel=noopener>SCHEDA TECNICA<\/a><br \/><\/strong><\/p>\n","protected":false},"featured_media":229,"comment_status":"open","ping_status":"open","template":"","meta":[],"product_brand":[],"product_cat":[126,154],"product_tag":[],"class_list":{"0":"post-228","1":"product","2":"type-product","3":"status-publish","4":"has-post-thumbnail","6":"product_cat-statii-epurare-ape-uzate","7":"product_cat-planta-fitoremediere","8":"pa_installazione-subteran","9":"pa_prezzo-spedizione-in-italia-inclusa-ro","11":"first","12":"instock","13":"shipping-taxable","14":"purchasable","15":"product-type-simple"},"_links":{"self":[{"href":"https:\/\/www.waterworld-italy.com\/ro\/wp-json\/wp\/v2\/product\/228","targetHints":{"allow":["GET"]}}],"collection":[{"href":"https:\/\/www.waterworld-italy.com\/ro\/wp-json\/wp\/v2\/product"}],"about":[{"href":"https:\/\/www.waterworld-italy.com\/ro\/wp-json\/wp\/v2\/types\/product"}],"replies":[{"embeddable":true,"href":"https:\/\/www.waterworld-italy.com\/ro\/wp-json\/wp\/v2\/comments?post=228"}],"wp:featuredmedia":[{"embeddable":true,"href":"https:\/\/www.waterworld-italy.com\/ro\/wp-json\/wp\/v2\/media\/229"}],"wp:attachment":[{"href":"https:\/\/www.waterworld-italy.com\/ro\/wp-json\/wp\/v2\/media?parent=228"}],"wp:term":[{"taxonomy":"product_brand","embeddable":true,"href":"https:\/\/www.waterworld-italy.com\/ro\/wp-json\/wp\/v2\/product_brand?post=228"},{"taxonomy":"product_cat","embeddable":true,"href":"https:\/\/www.waterworld-italy.com\/ro\/wp-json\/wp\/v2\/product_cat?post=228"},{"taxonomy":"product_tag","embeddable":true,"href":"https:\/\/www.waterworld-italy.com\/ro\/wp-json\/wp\/v2\/product_tag?post=228"}],"curies":[{"name":"wp","href":"https:\/\/api.w.org\/{rel}","templated":true}]}}