{"id":244,"date":"2020-04-15T23:16:06","date_gmt":"2020-04-15T23:16:06","guid":{"rendered":"http:\/\/www.waterworld-italy.com\/wp-admin\/?post_type=product&#038;p=244"},"modified":"2024-11-27T15:44:05","modified_gmt":"2024-11-27T15:44:05","slug":"statie-de-ridicare-120-lt-sinica-pompa-enrg1-4","status":"publish","type":"product","link":"https:\/\/www.waterworld-italy.com\/ro\/produse\/statii-epurare-ape-uzate\/statii-de-ridicare-apa\/statie-de-ridicare-120-lt-sinica-pompa-enrg1-4\/","title":{"rendered":"Sta\u021bie de ridicare ENRG1 cu o singur\u0103 pomp\u0103 de 120 l"},"content":{"rendered":"<p>Sta\u021bia de ridicare a apelor uzate este realizat\u0103 din material polietilen\u0103 \u0219i este echipat\u0103 cu o pomp\u0103 cu rotor \u00eencastrat pentru cre\u0219terea \u00een\u0103l\u021bimii joase. Este echipat cu o electropompa submersibila si supapa anti-retur cu bila din fonta, capac de inspectie si fiting de aerisire. Dimensiunile sunt de 58 cm in diametru. pentru lungime 66 cm. pompa de 0,3 kW<\/p>\n","protected":false},"excerpt":{"rendered":"<p><strong><a title=SCHEDA href=http:\/\/www.waterworld-italy.com\/st\/Scheda-tecnica-Manuale-Stazioni-Di-Sollevamento_generale.pdf target=_blank rel=noopener>SCHEDA TECNICA<\/a><br \/><\/strong><\/p>\n","protected":false},"featured_media":245,"comment_status":"open","ping_status":"closed","template":"","meta":[],"product_brand":[],"product_cat":[126,174],"product_tag":[],"class_list":{"0":"post-244","1":"product","2":"type-product","3":"status-publish","4":"has-post-thumbnail","6":"product_cat-statii-epurare-ape-uzate","7":"product_cat-statii-de-ridicare-apa","8":"pa_prezzo-spedizione-in-italia-inclusa-ro","9":"pa_variante-1-pompa-sol345-ro","11":"first","12":"outofstock","13":"shipping-taxable","14":"purchasable","15":"product-type-simple"},"_links":{"self":[{"href":"https:\/\/www.waterworld-italy.com\/ro\/wp-json\/wp\/v2\/product\/244","targetHints":{"allow":["GET"]}}],"collection":[{"href":"https:\/\/www.waterworld-italy.com\/ro\/wp-json\/wp\/v2\/product"}],"about":[{"href":"https:\/\/www.waterworld-italy.com\/ro\/wp-json\/wp\/v2\/types\/product"}],"replies":[{"embeddable":true,"href":"https:\/\/www.waterworld-italy.com\/ro\/wp-json\/wp\/v2\/comments?post=244"}],"wp:featuredmedia":[{"embeddable":true,"href":"https:\/\/www.waterworld-italy.com\/ro\/wp-json\/wp\/v2\/media\/245"}],"wp:attachment":[{"href":"https:\/\/www.waterworld-italy.com\/ro\/wp-json\/wp\/v2\/media?parent=244"}],"wp:term":[{"taxonomy":"product_brand","embeddable":true,"href":"https:\/\/www.waterworld-italy.com\/ro\/wp-json\/wp\/v2\/product_brand?post=244"},{"taxonomy":"product_cat","embeddable":true,"href":"https:\/\/www.waterworld-italy.com\/ro\/wp-json\/wp\/v2\/product_cat?post=244"},{"taxonomy":"product_tag","embeddable":true,"href":"https:\/\/www.waterworld-italy.com\/ro\/wp-json\/wp\/v2\/product_tag?post=244"}],"curies":[{"name":"wp","href":"https:\/\/api.w.org\/{rel}","templated":true}]}}