{"id":3587,"date":"2020-05-03T23:33:02","date_gmt":"2020-05-03T23:33:02","guid":{"rendered":"http:\/\/www.waterworld-italy.com\/wp-admin\/?post_type=product&#038;p=3587"},"modified":"2025-02-19T16:09:31","modified_gmt":"2025-02-19T16:09:31","slug":"separator-de-ulei-gravitational","status":"publish","type":"product","link":"https:\/\/www.waterworld-italy.com\/ro\/produse\/statii-epurare-ape-uzate\/separatoare-de-ulei\/separator-de-ulei-gravitational\/","title":{"rendered":"SEPARATOR DE ULEI GRAVITA\u021aIONAL"},"content":{"rendered":"<p>Separatoare gravita\u021bionale de ulei din polietilen\u0103 pentru uleiuri \u0219i hidrocarburi. Separatoarele de ulei sunt destinate re\u021binerii uleiurilor \u0219i hidrocarburilor provenite din cur\u021bi, parc\u0103ri \u0219i ateliere mecanice. Aceste produse sunt realizate integral din polietilena si sunt de tip vertical si dimensionate pe baza de metri patrati. variind de la 30 m2. p\u00e2n\u0103 la 2000 de locuitori echivalenti. Separatoarele de ulei au o suprafa\u021b\u0103 neted\u0103 sau ondulat\u0103 de grosime mare, conceput\u0103 pentru a rezista \u00een mod adecvat la opera\u021biunile de rambleu. Separatoarele de ulei au amenajari pentru intrarea apei uzate si preaplin iar in interiorul lor are loc separarea prin gravitatie a celor mai mici particule.<\/p>\n","protected":false},"excerpt":{"rendered":"<p><span style=\"font-size: 14pt; color: #ffcc00;\"><strong><a href=\"st\/deoliatore_statico_corrugato_NDO_Rev.08.pdf\" target=\"_blank\" rel=\"noopener\">SCHEDA TECNICA<\/a><\/strong><\/span><\/p>\n","protected":false},"featured_media":3605,"comment_status":"open","ping_status":"closed","template":"","meta":[],"product_brand":[],"product_cat":[126,162],"product_tag":[],"class_list":{"0":"post-3587","1":"product","2":"type-product","3":"status-publish","4":"has-post-thumbnail","6":"product_cat-statii-epurare-ape-uzate","7":"product_cat-separatoare-de-ulei","8":"pa_attachment-location-3-6","9":"pa_mq-piazzale-30-5","10":"pa_mq-piazzale-50-13","11":"pa_mq-piazzale-75-9","12":"pa_mq-piazzale-100-5","13":"pa_mq-piazzale-125-5","14":"pa_mq-piazzale-130-ro","15":"pa_mq-piazzale-210-5","16":"pa_mq-piazzale-270-ro","17":"pa_mq-piazzale-300-9","18":"pa_mq-piazzale-320-ro","19":"pa_mq-piazzale-350-ro","20":"pa_mq-piazzale-360-ro","21":"pa_mq-piazzale-450-ro","22":"pa_mq-piazzale-500-5","23":"pa_mq-piazzale-520-ro","24":"pa_mq-piazzale-540-ro","25":"pa_mq-piazzale-630-5","26":"pa_mq-piazzale-700-ro","27":"pa_mq-piazzale-720-ro","28":"pa_mq-piazzale-750-5","29":"pa_mq-piazzale-800-5","30":"pa_mq-piazzale-850-ro","31":"pa_mq-piazzale-950-ro","32":"pa_mq-piazzale-1000-5","33":"pa_mq-piazzale-1200-ro","34":"pa_mq-piazzale-1300-ro","35":"pa_mq-piazzale-1350-5","36":"pa_mq-piazzale-1500-5","37":"pa_mq-piazzale-1700-5","38":"pa_mq-piazzale-1800-ro","39":"pa_mq-piazzale-2000-5","40":"pa_mq-piazzale-2700-5","41":"pa_mq-piazzale-3000-5","42":"pa_mq-piazzale-3600-ro","43":"pa_mq-piazzale-4000-5","44":"pa_mq-piazzale-4500-5","45":"pa_mq-piazzale-5000-5","46":"pa_mq-piazzale-5400-5","47":"pa_mq-piazzale-6000-5","48":"pa_mq-piazzale-6300-ro","49":"pa_mq-piazzale-7000-ro","50":"pa_mq-piazzale-7200-5","51":"pa_mq-piazzale-8000-5","52":"pa_mq-piazzale-9000-ro","53":"pa_mq-piazzale-10000-5","54":"pa_mq-piazzale-12000-5","55":"pa_mq-piazzale-14000-5","56":"pa_mq-piazzale-17000-ro","57":"pa_prezzo-spedizione-in-italia-inclusa-ro","59":"first","60":"outofstock","61":"shipping-taxable","62":"purchasable","63":"product-type-variable"},"_links":{"self":[{"href":"https:\/\/www.waterworld-italy.com\/ro\/wp-json\/wp\/v2\/product\/3587","targetHints":{"allow":["GET"]}}],"collection":[{"href":"https:\/\/www.waterworld-italy.com\/ro\/wp-json\/wp\/v2\/product"}],"about":[{"href":"https:\/\/www.waterworld-italy.com\/ro\/wp-json\/wp\/v2\/types\/product"}],"replies":[{"embeddable":true,"href":"https:\/\/www.waterworld-italy.com\/ro\/wp-json\/wp\/v2\/comments?post=3587"}],"wp:featuredmedia":[{"embeddable":true,"href":"https:\/\/www.waterworld-italy.com\/ro\/wp-json\/wp\/v2\/media\/3605"}],"wp:attachment":[{"href":"https:\/\/www.waterworld-italy.com\/ro\/wp-json\/wp\/v2\/media?parent=3587"}],"wp:term":[{"taxonomy":"product_brand","embeddable":true,"href":"https:\/\/www.waterworld-italy.com\/ro\/wp-json\/wp\/v2\/product_brand?post=3587"},{"taxonomy":"product_cat","embeddable":true,"href":"https:\/\/www.waterworld-italy.com\/ro\/wp-json\/wp\/v2\/product_cat?post=3587"},{"taxonomy":"product_tag","embeddable":true,"href":"https:\/\/www.waterworld-italy.com\/ro\/wp-json\/wp\/v2\/product_tag?post=3587"}],"curies":[{"name":"wp","href":"https:\/\/api.w.org\/{rel}","templated":true}]}}