{"id":364,"date":"2020-04-15T23:22:55","date_gmt":"2020-04-15T23:22:55","guid":{"rendered":"http:\/\/www.waterworld-italy.com\/wp-admin\/?post_type=product&#038;p=364"},"modified":"2024-11-27T15:44:09","modified_gmt":"2024-11-27T15:44:09","slug":"put-dozator-300-litri-cu-pompa-peristaltica-4","status":"publish","type":"product","link":"https:\/\/www.waterworld-italy.com\/ro\/produse\/statii-epurare-ape-uzate\/polietilena-godeuri\/put-dozator-300-litri-cu-pompa-peristaltica-4\/","title":{"rendered":"Pu\u021b de dozare de 300 litri cu pomp\u0103 peristaltic\u0103"},"content":{"rendered":"<p>Pu\u021b de dozare de 300 litri cu pomp\u0103 peristaltic\u0103 potrivit\u0103 pentru distribu\u021bia de hipoclorit de sodiu sau al\u021bi agen\u021bi dezinfectan\u021bi<\/p>\n","protected":false},"excerpt":{"rendered":"<p><strong><a title=SCHEDA href=http:\/\/www.waterworld-italy.com\/st\/Scheda_tecnica_pozzetto_dosatore_PDOS300_Rev_01.pdf target=_blank rel=noopener>SCHEDA TECNICA<\/a><br \/><\/strong><\/p>\n","protected":false},"featured_media":365,"comment_status":"open","ping_status":"closed","template":"","meta":[],"product_brand":[],"product_cat":[126,158],"product_tag":[],"class_list":{"0":"post-364","1":"product","2":"type-product","3":"status-publish","4":"has-post-thumbnail","6":"product_cat-statii-epurare-ape-uzate","7":"product_cat-polietilena-godeuri","8":"pa_prezzo-spedizione-in-italia-inclusa-ro","9":"pa_variante-dosatore-ro","11":"first","12":"outofstock","13":"shipping-taxable","14":"purchasable","15":"product-type-simple"},"_links":{"self":[{"href":"https:\/\/www.waterworld-italy.com\/ro\/wp-json\/wp\/v2\/product\/364","targetHints":{"allow":["GET"]}}],"collection":[{"href":"https:\/\/www.waterworld-italy.com\/ro\/wp-json\/wp\/v2\/product"}],"about":[{"href":"https:\/\/www.waterworld-italy.com\/ro\/wp-json\/wp\/v2\/types\/product"}],"replies":[{"embeddable":true,"href":"https:\/\/www.waterworld-italy.com\/ro\/wp-json\/wp\/v2\/comments?post=364"}],"wp:featuredmedia":[{"embeddable":true,"href":"https:\/\/www.waterworld-italy.com\/ro\/wp-json\/wp\/v2\/media\/365"}],"wp:attachment":[{"href":"https:\/\/www.waterworld-italy.com\/ro\/wp-json\/wp\/v2\/media?parent=364"}],"wp:term":[{"taxonomy":"product_brand","embeddable":true,"href":"https:\/\/www.waterworld-italy.com\/ro\/wp-json\/wp\/v2\/product_brand?post=364"},{"taxonomy":"product_cat","embeddable":true,"href":"https:\/\/www.waterworld-italy.com\/ro\/wp-json\/wp\/v2\/product_cat?post=364"},{"taxonomy":"product_tag","embeddable":true,"href":"https:\/\/www.waterworld-italy.com\/ro\/wp-json\/wp\/v2\/product_tag?post=364"}],"curies":[{"name":"wp","href":"https:\/\/api.w.org\/{rel}","templated":true}]}}