{"id":4027,"date":"2020-05-03T23:45:43","date_gmt":"2020-05-03T23:45:43","guid":{"rendered":"http:\/\/www.waterworld-italy.com\/wp-admin\/?post_type=product&#038;p=4027"},"modified":"2025-02-22T10:03:34","modified_gmt":"2025-02-22T10:03:34","slug":"purificatori-subteran-de-spalatori-auto-cu-livrare-canal","status":"publish","type":"product","link":"https:\/\/www.waterworld-italy.com\/ro\/produse\/statii-epurare-ape-uzate\/spalatorie-auto-purificatoare\/purificatori-subteran-de-spalatori-auto-cu-livrare-canal\/","title":{"rendered":"PURIFICATORI SUBTERAN DE SPALATORI AUTO CU LIVRARE CANAL"},"content":{"rendered":"<p>Purificatoare subterane de sp\u0103l\u0103torie auto pentru livrarea la canaliz\u0103ri publice compuse dintr-un sifon pentru tratarea substan\u021belor \u00een suspensie, un separator de ulei pentru eliminarea uleiurilor \u0219i hidrocarburilor \u0219i un filtru de scurgere aerat pentru eliminarea agen\u021bilor tensioactivi. Purificatoarele subterane de sp\u0103l\u0103torie auto cu canalizare sunt compuse \u00een partea final\u0103 a unei pompe temporizate pentru activarea percolatorului aerat. Toate acolo<\/p>\n","protected":false},"excerpt":{"rendered":"<p><a href=\"http:\/\/www.waterworld-italy.com\/st\/Scheda_tecnica_imp_per_autolavaggio_scarico_in_pubblica_fognatura_10_auto.pdf\" target=\"_blank\" rel=\"noopener\"><span style=\"font-size: 14pt; color: #ffcc00;\"><strong>SCHEDA TECNICA<\/strong><\/span><\/a><\/p>\n","protected":false},"featured_media":4037,"comment_status":"open","ping_status":"closed","template":"","meta":[],"product_brand":[],"product_cat":[126,170],"product_tag":[],"class_list":{"0":"post-4027","1":"product","2":"type-product","3":"status-publish","4":"has-post-thumbnail","6":"product_cat-statii-epurare-ape-uzate","7":"product_cat-spalatorie-auto-purificatoare","8":"pa_auto-lavate-per-giorno-10-5","9":"pa_auto-lavate-per-giorno-100-9","10":"pa_auto-lavate-per-giorno-20-5","11":"pa_auto-lavate-per-giorno-30-9","12":"pa_auto-lavate-per-giorno-40-5","13":"pa_auto-lavate-per-giorno-50-17","14":"pa_auto-lavate-per-giorno-60-5","15":"pa_auto-lavate-per-giorno-80-9","16":"pa_prezzo-spedizione-in-italia-inclusa-ro","18":"first","19":"outofstock","20":"shipping-taxable","21":"purchasable","22":"product-type-variable"},"_links":{"self":[{"href":"https:\/\/www.waterworld-italy.com\/ro\/wp-json\/wp\/v2\/product\/4027","targetHints":{"allow":["GET"]}}],"collection":[{"href":"https:\/\/www.waterworld-italy.com\/ro\/wp-json\/wp\/v2\/product"}],"about":[{"href":"https:\/\/www.waterworld-italy.com\/ro\/wp-json\/wp\/v2\/types\/product"}],"replies":[{"embeddable":true,"href":"https:\/\/www.waterworld-italy.com\/ro\/wp-json\/wp\/v2\/comments?post=4027"}],"wp:featuredmedia":[{"embeddable":true,"href":"https:\/\/www.waterworld-italy.com\/ro\/wp-json\/wp\/v2\/media\/4037"}],"wp:attachment":[{"href":"https:\/\/www.waterworld-italy.com\/ro\/wp-json\/wp\/v2\/media?parent=4027"}],"wp:term":[{"taxonomy":"product_brand","embeddable":true,"href":"https:\/\/www.waterworld-italy.com\/ro\/wp-json\/wp\/v2\/product_brand?post=4027"},{"taxonomy":"product_cat","embeddable":true,"href":"https:\/\/www.waterworld-italy.com\/ro\/wp-json\/wp\/v2\/product_cat?post=4027"},{"taxonomy":"product_tag","embeddable":true,"href":"https:\/\/www.waterworld-italy.com\/ro\/wp-json\/wp\/v2\/product_tag?post=4027"}],"curies":[{"name":"wp","href":"https:\/\/api.w.org\/{rel}","templated":true}]}}