{"id":405,"date":"2020-04-16T00:49:36","date_gmt":"2020-04-16T00:49:36","guid":{"rendered":"http:\/\/www.waterworld-italy.com\/wp-admin\/?post_type=product&#038;p=405"},"modified":"2024-11-27T15:44:11","modified_gmt":"2024-11-27T15:44:11","slug":"bioactivator-concentrat-imhoff-ifabio-an-4","status":"publish","type":"product","link":"https:\/\/www.waterworld-italy.com\/ro\/produse\/accesorii\/bioactivatori\/bioactivator-concentrat-imhoff-ifabio-an-4\/","title":{"rendered":"BIOACTIVATOR CONCENTRAT IMHOFF IFABIO AN"},"content":{"rendered":"<p>borcan de 750 g de bioatt. specific\u0103 pentru Imhoff \u015fi anaerob\u0103<\/p>\n","protected":false},"excerpt":{"rendered":"<p>borcan de 750 g de bioatt. specific\u0103 pentru Imhoff \u015fi anaerob\u0103<\/p>\n","protected":false},"featured_media":401,"comment_status":"open","ping_status":"closed","template":"","meta":[],"product_brand":[],"product_cat":[198],"product_tag":[],"class_list":{"0":"post-405","1":"product","2":"type-product","3":"status-publish","4":"has-post-thumbnail","6":"product_cat-bioactivatori","7":"pa_prezzo-spedizione-in-italia-inclusa-ro","9":"first","10":"instock","11":"shipping-taxable","12":"purchasable","13":"product-type-simple"},"_links":{"self":[{"href":"https:\/\/www.waterworld-italy.com\/ro\/wp-json\/wp\/v2\/product\/405","targetHints":{"allow":["GET"]}}],"collection":[{"href":"https:\/\/www.waterworld-italy.com\/ro\/wp-json\/wp\/v2\/product"}],"about":[{"href":"https:\/\/www.waterworld-italy.com\/ro\/wp-json\/wp\/v2\/types\/product"}],"replies":[{"embeddable":true,"href":"https:\/\/www.waterworld-italy.com\/ro\/wp-json\/wp\/v2\/comments?post=405"}],"wp:featuredmedia":[{"embeddable":true,"href":"https:\/\/www.waterworld-italy.com\/ro\/wp-json\/wp\/v2\/media\/401"}],"wp:attachment":[{"href":"https:\/\/www.waterworld-italy.com\/ro\/wp-json\/wp\/v2\/media?parent=405"}],"wp:term":[{"taxonomy":"product_brand","embeddable":true,"href":"https:\/\/www.waterworld-italy.com\/ro\/wp-json\/wp\/v2\/product_brand?post=405"},{"taxonomy":"product_cat","embeddable":true,"href":"https:\/\/www.waterworld-italy.com\/ro\/wp-json\/wp\/v2\/product_cat?post=405"},{"taxonomy":"product_tag","embeddable":true,"href":"https:\/\/www.waterworld-italy.com\/ro\/wp-json\/wp\/v2\/product_tag?post=405"}],"curies":[{"name":"wp","href":"https:\/\/api.w.org\/{rel}","templated":true}]}}