{"id":4071,"date":"2020-05-03T23:45:47","date_gmt":"2020-05-03T23:45:47","guid":{"rendered":"http:\/\/www.waterworld-italy.com\/wp-admin\/?post_type=product&#038;p=4071"},"modified":"2025-02-22T10:00:55","modified_gmt":"2025-02-22T10:00:55","slug":"purificatori-subteran-de-spalatori-auto-cu-livrare-la-strada-apei","status":"publish","type":"product","link":"https:\/\/www.waterworld-italy.com\/ro\/produse\/statii-epurare-ape-uzate\/spalatorie-auto-purificatoare\/purificatori-subteran-de-spalatori-auto-cu-livrare-la-strada-apei\/","title":{"rendered":"PURIFICATORI SUBTERAN DE SPALATORI AUTO CU LIVRARE LA STRADA APEI"},"content":{"rendered":"<p>Purificatoare subterane de sp\u0103l\u0103torie auto cu livrare la cursul de ap\u0103 compuse dintr-o capcan\u0103 de nisip pentru tratarea solidelor \u00een suspensie, un separator de ulei pentru eliminarea uleiurilor \u0219i hidrocarburilor \u0219i un filtru percolator aerat pentru eliminarea agen\u021bilor tensioactivi \u0219i un percolator anaerob. Epuratoarele pentru spalatorii auto ingropate pe cursul de apa sunt compuse in partea finala a unui percolator anaerob cu percolator aerat. Toate acolo<\/p>\n","protected":false},"excerpt":{"rendered":"<p><a href=\"http:\/\/www.waterworld-italy.com\/st\/Scheda_tecnica_imp_autolvaggio_scarico_corso_idrico.pdf\" target=\"_blank\" rel=\"noopener\"><span style=\"font-size: 14pt; color: #ffcc00;\"><strong>SCHEDA TECNICA<\/strong><\/span><\/a><\/p>\n","protected":false},"featured_media":4081,"comment_status":"open","ping_status":"closed","template":"","meta":[],"product_brand":[],"product_cat":[126,170],"product_tag":[],"class_list":{"0":"post-4071","1":"product","2":"type-product","3":"status-publish","4":"has-post-thumbnail","6":"product_cat-statii-epurare-ape-uzate","7":"product_cat-spalatorie-auto-purificatoare","8":"pa_auto-lavate-per-giorno-10-5","9":"pa_auto-lavate-per-giorno-100-9","10":"pa_auto-lavate-per-giorno-20-5","11":"pa_auto-lavate-per-giorno-30-9","12":"pa_auto-lavate-per-giorno-40-5","13":"pa_auto-lavate-per-giorno-50-17","14":"pa_auto-lavate-per-giorno-60-5","15":"pa_auto-lavate-per-giorno-80-9","16":"pa_prezzo-spedizione-in-italia-inclusa-ro","18":"first","19":"outofstock","20":"shipping-taxable","21":"purchasable","22":"product-type-variable"},"_links":{"self":[{"href":"https:\/\/www.waterworld-italy.com\/ro\/wp-json\/wp\/v2\/product\/4071","targetHints":{"allow":["GET"]}}],"collection":[{"href":"https:\/\/www.waterworld-italy.com\/ro\/wp-json\/wp\/v2\/product"}],"about":[{"href":"https:\/\/www.waterworld-italy.com\/ro\/wp-json\/wp\/v2\/types\/product"}],"replies":[{"embeddable":true,"href":"https:\/\/www.waterworld-italy.com\/ro\/wp-json\/wp\/v2\/comments?post=4071"}],"wp:featuredmedia":[{"embeddable":true,"href":"https:\/\/www.waterworld-italy.com\/ro\/wp-json\/wp\/v2\/media\/4081"}],"wp:attachment":[{"href":"https:\/\/www.waterworld-italy.com\/ro\/wp-json\/wp\/v2\/media?parent=4071"}],"wp:term":[{"taxonomy":"product_brand","embeddable":true,"href":"https:\/\/www.waterworld-italy.com\/ro\/wp-json\/wp\/v2\/product_brand?post=4071"},{"taxonomy":"product_cat","embeddable":true,"href":"https:\/\/www.waterworld-italy.com\/ro\/wp-json\/wp\/v2\/product_cat?post=4071"},{"taxonomy":"product_tag","embeddable":true,"href":"https:\/\/www.waterworld-italy.com\/ro\/wp-json\/wp\/v2\/product_tag?post=4071"}],"curies":[{"name":"wp","href":"https:\/\/api.w.org\/{rel}","templated":true}]}}