{"id":4141,"date":"2020-05-03T23:53:34","date_gmt":"2020-05-03T23:53:34","guid":{"rendered":"http:\/\/www.waterworld-italy.com\/wp-admin\/?post_type=product&#038;p=4141"},"modified":"2025-02-19T16:19:10","modified_gmt":"2025-02-19T16:19:10","slug":"purificatore-de-spalatori-de-la-tera-livrare-la-canalizare","status":"publish","type":"product","link":"https:\/\/www.waterworld-italy.com\/ro\/produse\/statii-epurare-ape-uzate\/spalatorie-auto-purificatoare\/sistem-exterior-de-spalare-auto\/purificatore-de-spalatori-de-la-tera-livrare-la-canalizare\/","title":{"rendered":"PURIFICATORE DE SP\u0102L\u0102TORI DE LA TER\u0102 LIVRARE LA CANALIZARE"},"content":{"rendered":"<p>PURIFICATORI DE SP\u0102LA\u021aIE AUTO<\/p>\n","protected":false},"excerpt":{"rendered":"<p><span style=\"font-size: 14pt; color: #ffcc00;\"><strong>SCHEDA TECNICA<\/strong><\/span><\/p>\n","protected":false},"featured_media":4145,"comment_status":"open","ping_status":"closed","template":"","meta":[],"product_brand":[],"product_cat":[170,234],"product_tag":[],"class_list":{"0":"post-4141","1":"product","2":"type-product","3":"status-publish","4":"has-post-thumbnail","6":"product_cat-spalatorie-auto-purificatoare","7":"product_cat-sistem-exterior-de-spalare-auto","8":"pa_auto-lavate-per-giorno-10-5","9":"pa_auto-lavate-per-giorno-100-9","10":"pa_auto-lavate-per-giorno-20-5","11":"pa_auto-lavate-per-giorno-30-9","12":"pa_auto-lavate-per-giorno-40-5","13":"pa_auto-lavate-per-giorno-50-17","14":"pa_auto-lavate-per-giorno-60-5","15":"pa_auto-lavate-per-giorno-80-9","16":"pa_prezzo-spedizione-in-italia-inclusa-ro","18":"first","19":"outofstock","20":"shipping-taxable","21":"purchasable","22":"product-type-variable"},"_links":{"self":[{"href":"https:\/\/www.waterworld-italy.com\/ro\/wp-json\/wp\/v2\/product\/4141","targetHints":{"allow":["GET"]}}],"collection":[{"href":"https:\/\/www.waterworld-italy.com\/ro\/wp-json\/wp\/v2\/product"}],"about":[{"href":"https:\/\/www.waterworld-italy.com\/ro\/wp-json\/wp\/v2\/types\/product"}],"replies":[{"embeddable":true,"href":"https:\/\/www.waterworld-italy.com\/ro\/wp-json\/wp\/v2\/comments?post=4141"}],"wp:featuredmedia":[{"embeddable":true,"href":"https:\/\/www.waterworld-italy.com\/ro\/wp-json\/wp\/v2\/media\/4145"}],"wp:attachment":[{"href":"https:\/\/www.waterworld-italy.com\/ro\/wp-json\/wp\/v2\/media?parent=4141"}],"wp:term":[{"taxonomy":"product_brand","embeddable":true,"href":"https:\/\/www.waterworld-italy.com\/ro\/wp-json\/wp\/v2\/product_brand?post=4141"},{"taxonomy":"product_cat","embeddable":true,"href":"https:\/\/www.waterworld-italy.com\/ro\/wp-json\/wp\/v2\/product_cat?post=4141"},{"taxonomy":"product_tag","embeddable":true,"href":"https:\/\/www.waterworld-italy.com\/ro\/wp-json\/wp\/v2\/product_tag?post=4141"}],"curies":[{"name":"wp","href":"https:\/\/api.w.org\/{rel}","templated":true}]}}