{"id":5542,"date":"2020-06-16T18:26:24","date_gmt":"2020-06-16T18:26:24","guid":{"rendered":"http:\/\/www.waterworld-italy.com\/wp-admin\/?post_type=product&#038;p=5542"},"modified":"2025-02-19T16:26:44","modified_gmt":"2025-02-19T16:26:44","slug":"purificator-de-spalatori-exterior-livrare-la-canal","status":"publish","type":"product","link":"https:\/\/www.waterworld-italy.com\/ro\/produse\/statii-epurare-ape-uzate\/spalatorie-auto-purificatoare\/sistem-exterior-de-spalare-auto\/purificator-de-spalatori-exterior-livrare-la-canal\/","title":{"rendered":"PURIFICATOR DE SP\u0102LATORI EXTERIOR LIVRARE LA CANAL"},"content":{"rendered":"<p>Purificatoare de spalatorie auto exterioare pentru livrarea la canalizarea publica compuse dintr-un sifon pentru tratarea substantelor in suspensie, un separator de ulei pentru eliminarea uleiurilor si hidrocarburilor si un filtru de scurgere aerat pentru eliminarea surfactantilor. Partea final\u0103 a purificatoarelor de sp\u0103l\u0103torie auto cu livrare la canalizare este compus\u0103 dintr-o pomp\u0103 temporizat\u0103 pentru activarea percolatorului aerat. Toate acolo<\/p>\n","protected":false},"excerpt":{"rendered":"<p><span style=\"font-size: 14pt; color: #ffcc00;\"><strong>SCHEDA TECNICA<\/strong><\/span><\/p>\n","protected":false},"featured_media":5549,"comment_status":"open","ping_status":"closed","template":"","meta":[],"product_brand":[],"product_cat":[126,170,234],"product_tag":[],"class_list":{"0":"post-5542","1":"product","2":"type-product","3":"status-publish","4":"has-post-thumbnail","6":"product_cat-statii-epurare-ape-uzate","7":"product_cat-spalatorie-auto-purificatoare","8":"product_cat-sistem-exterior-de-spalare-auto","9":"pa_auto-lavate-per-giorno-10-5","10":"pa_auto-lavate-per-giorno-100-9","11":"pa_auto-lavate-per-giorno-20-5","12":"pa_auto-lavate-per-giorno-30-9","13":"pa_auto-lavate-per-giorno-40-5","14":"pa_auto-lavate-per-giorno-50-17","15":"pa_auto-lavate-per-giorno-60-5","16":"pa_auto-lavate-per-giorno-80-9","17":"pa_prezzo-spedizione-in-italia-inclusa-ro","19":"first","20":"outofstock","21":"shipping-taxable","22":"purchasable","23":"product-type-variable"},"_links":{"self":[{"href":"https:\/\/www.waterworld-italy.com\/ro\/wp-json\/wp\/v2\/product\/5542","targetHints":{"allow":["GET"]}}],"collection":[{"href":"https:\/\/www.waterworld-italy.com\/ro\/wp-json\/wp\/v2\/product"}],"about":[{"href":"https:\/\/www.waterworld-italy.com\/ro\/wp-json\/wp\/v2\/types\/product"}],"replies":[{"embeddable":true,"href":"https:\/\/www.waterworld-italy.com\/ro\/wp-json\/wp\/v2\/comments?post=5542"}],"wp:featuredmedia":[{"embeddable":true,"href":"https:\/\/www.waterworld-italy.com\/ro\/wp-json\/wp\/v2\/media\/5549"}],"wp:attachment":[{"href":"https:\/\/www.waterworld-italy.com\/ro\/wp-json\/wp\/v2\/media?parent=5542"}],"wp:term":[{"taxonomy":"product_brand","embeddable":true,"href":"https:\/\/www.waterworld-italy.com\/ro\/wp-json\/wp\/v2\/product_brand?post=5542"},{"taxonomy":"product_cat","embeddable":true,"href":"https:\/\/www.waterworld-italy.com\/ro\/wp-json\/wp\/v2\/product_cat?post=5542"},{"taxonomy":"product_tag","embeddable":true,"href":"https:\/\/www.waterworld-italy.com\/ro\/wp-json\/wp\/v2\/product_tag?post=5542"}],"curies":[{"name":"wp","href":"https:\/\/api.w.org\/{rel}","templated":true}]}}