{"id":5831,"date":"2020-06-24T12:17:46","date_gmt":"2020-06-24T12:17:46","guid":{"rendered":"http:\/\/www.waterworld-italy.com\/wp-admin\/?post_type=product&#038;p=5831"},"modified":"2025-02-22T09:33:07","modified_gmt":"2025-02-22T09:33:07","slug":"sistem-de-descarcare-la-sol","status":"publish","type":"product","link":"https:\/\/www.waterworld-italy.com\/ro\/produse\/statii-epurare-ape-uzate\/sisteme-complete\/sistem-de-descarcare-terren\/sistem-de-descarcare-la-sol\/","title":{"rendered":"SISTEM DE DESCARCARE LA SOL"},"content":{"rendered":"<p>Sta\u021biile de epurare a apelor uzate cu deversare \u00een Tab.4 sau la sol sunt de tip subteran \u0219i sunt compuse dintr-un sifon pentru epurarea apelor uzate provenite din buc\u0103t\u0103rii, un rezervor imhoff pentru eliminarea solidelor \u00een suspensie provenite din b\u0103i \u0219i epurare secundar\u0103 la respecta debitul din Tab 4 sau sol. Sta\u021biile de epurare a apelor uzate cu deversare \u00een sol permit respectarea tabelului de evacuare din Tab.4. Toate containerele din partea superioar\u0103 au trape care permit opera\u021biunile de purjare \u0219i inspec\u021bie. Aceste tratamente de purificare sunt folosite \u00een activit\u0103\u021bi<\/p>\n","protected":false},"excerpt":{"rendered":"<p><a href=\"http:\/\/www.waterworld-italy.com\/st\/relazione_impianto_scarico_sul_suolo_11_ae.pdf\" target=\"_blank\" rel=\"noopener\"><span style=\"font-size: 14pt; color: #ffcc00;\"><strong>SCHEDA TECNICA<\/strong><\/span><\/a><\/p>\n","protected":false},"featured_media":5856,"comment_status":"open","ping_status":"closed","template":"","meta":[],"product_brand":[],"product_cat":[126,250],"product_tag":[],"class_list":{"0":"post-5831","1":"product","2":"type-product","3":"status-publish","4":"has-post-thumbnail","6":"product_cat-statii-epurare-ape-uzate","7":"product_cat-sistem-de-descarcare-terren","8":"pa_abitanti-equivalenti-1-5","9":"pa_abitanti-equivalenti-110-5","10":"pa_abitanti-equivalenti-126-5","11":"pa_abitanti-equivalenti-160-5","12":"pa_abitanti-equivalenti-2-5","13":"pa_abitanti-equivalenti-200-5","14":"pa_abitanti-equivalenti-50-9","15":"pa_abitanti-equivalenti-75-5","16":"pa_abitanti-equivalenti-80-5","17":"pa_abitanti-equivalenti-10-ro","18":"pa_abitanti-equivalenti-10-12-ro","19":"pa_abitanti-equivalenti-108-ro","20":"pa_abitanti-equivalenti-11-ro","21":"pa_abitanti-equivalenti-12-ro","22":"pa_abitanti-equivalenti-13-ro","23":"pa_abitanti-equivalenti-14-ro","24":"pa_abitanti-equivalenti-140-ro","25":"pa_abitanti-equivalenti-15-ro","26":"pa_abitanti-equivalenti-15-18-ro","27":"pa_abitanti-equivalenti-16-ro","28":"pa_abitanti-equivalenti-165-ro","29":"pa_abitanti-equivalenti-17-ro","30":"pa_abitanti-equivalenti-17-22-ro","31":"pa_abitanti-equivalenti-18-ro","32":"pa_abitanti-equivalenti-18-23-ro","33":"pa_abitanti-equivalenti-20-ro","34":"pa_abitanti-equivalenti-21-ro","35":"pa_abitanti-equivalenti-210-ro","36":"pa_abitanti-equivalenti-22-ro","37":"pa_abitanti-equivalenti-23-ro","38":"pa_abitanti-equivalenti-24-ro","39":"pa_abitanti-equivalenti-25-ro","40":"pa_abitanti-equivalenti-25-30-ro","41":"pa_abitanti-equivalenti-250-ro","42":"pa_abitanti-equivalenti-26-ro","43":"pa_abitanti-equivalenti-27-ro","44":"pa_abitanti-equivalenti-28-ro","45":"pa_abitanti-equivalenti-3-ro","46":"pa_abitanti-equivalenti-30-ro","47":"pa_abitanti-equivalenti-31-ro","48":"pa_abitanti-equivalenti-32-ro","49":"pa_abitanti-equivalenti-33-ro","50":"pa_abitanti-equivalenti-35-ro","51":"pa_abitanti-equivalenti-36-ro","52":"pa_abitanti-equivalenti-39-ro","53":"pa_abitanti-equivalenti-4-ro","54":"pa_abitanti-equivalenti-4-5-ro","55":"pa_abitanti-equivalenti-40-ro","56":"pa_abitanti-equivalenti-40-50-ro","57":"pa_abitanti-equivalenti-42-ro","58":"pa_abitanti-equivalenti-45-ro","59":"pa_abitanti-equivalenti-47-ro","60":"pa_abitanti-equivalenti-48-ro","61":"pa_abitanti-equivalenti-5-ro","62":"pa_abitanti-equivalenti-52-ro","63":"pa_abitanti-equivalenti-55-ro","64":"pa_abitanti-equivalenti-6-ro","65":"pa_abitanti-equivalenti-6-8-ro","66":"pa_abitanti-equivalenti-60-ro","67":"pa_abitanti-equivalenti-7-ro","68":"pa_abitanti-equivalenti-70-ro","69":"pa_abitanti-equivalenti-72-ro","70":"pa_abitanti-equivalenti-8-ro","71":"pa_abitanti-equivalenti-8-10-ro","72":"pa_abitanti-equivalenti-84-ro","73":"pa_abitanti-equivalenti-9-ro","74":"pa_abitanti-equivalenti-90-ro","75":"pa_prezzo-spedizione-in-italia-inclusa-ro","77":"first","78":"outofstock","79":"shipping-taxable","80":"purchasable","81":"product-type-variable"},"_links":{"self":[{"href":"https:\/\/www.waterworld-italy.com\/ro\/wp-json\/wp\/v2\/product\/5831","targetHints":{"allow":["GET"]}}],"collection":[{"href":"https:\/\/www.waterworld-italy.com\/ro\/wp-json\/wp\/v2\/product"}],"about":[{"href":"https:\/\/www.waterworld-italy.com\/ro\/wp-json\/wp\/v2\/types\/product"}],"replies":[{"embeddable":true,"href":"https:\/\/www.waterworld-italy.com\/ro\/wp-json\/wp\/v2\/comments?post=5831"}],"wp:featuredmedia":[{"embeddable":true,"href":"https:\/\/www.waterworld-italy.com\/ro\/wp-json\/wp\/v2\/media\/5856"}],"wp:attachment":[{"href":"https:\/\/www.waterworld-italy.com\/ro\/wp-json\/wp\/v2\/media?parent=5831"}],"wp:term":[{"taxonomy":"product_brand","embeddable":true,"href":"https:\/\/www.waterworld-italy.com\/ro\/wp-json\/wp\/v2\/product_brand?post=5831"},{"taxonomy":"product_cat","embeddable":true,"href":"https:\/\/www.waterworld-italy.com\/ro\/wp-json\/wp\/v2\/product_cat?post=5831"},{"taxonomy":"product_tag","embeddable":true,"href":"https:\/\/www.waterworld-italy.com\/ro\/wp-json\/wp\/v2\/product_tag?post=5831"}],"curies":[{"name":"wp","href":"https:\/\/api.w.org\/{rel}","templated":true}]}}