{"id":5914,"date":"2020-06-24T18:23:32","date_gmt":"2020-06-24T18:23:32","guid":{"rendered":"http:\/\/www.waterworld-italy.com\/wp-admin\/?post_type=product&#038;p=5914"},"modified":"2025-02-21T15:40:55","modified_gmt":"2025-02-21T15:40:55","slug":"sistem-de-fito-depirare-pentru-descarcare-de-subirigare","status":"publish","type":"product","link":"https:\/\/www.waterworld-italy.com\/ro\/produse\/statii-epurare-ape-uzate\/planta-fitoremediere\/sistem-de-fito-depirare-pentru-descarcare-de-subirigare\/","title":{"rendered":"SISTEM DE FITO-DEPIRARE PENTRU DESCARCARE DE SUBIRIGARE"},"content":{"rendered":"<p>Sisteme construite de zone umede pentru evacuarea sub-iriga\u021bii cu dispersie subteran\u0103 const\u00e2nd din rezervoare imhoff \u0219i capcane de gr\u0103sime \u0219i t\u0103vi pentru zonele umede construite. Tratamentele de fitoremediere sunt realizate din polietilen\u0103 \u0219i destinate epur\u0103rii apelor uzate menajere. Tratamentele care implic\u0103 deversarea sub irigare \u00een dispersie subteran\u0103 sunt \u00een mod normal dimensionate cu 1 tav\u0103 la fiecare 2 locuitori echivalenti. \u00cen acest fel, apa uzat\u0103 poate fi rafinat\u0103 respect\u00e2nd limitele tabulare pi<\/p>\n","protected":false},"excerpt":{"rendered":"<p><a href=\"http:\/\/www.waterworld-italy.com\/st\/FITO_INSTALLAZIONE.pdf\" target=\"_blank\" rel=\"noopener\"><span style=\"font-size: 14pt; color: #ffcc00;\"><strong>SCHEDA TECNICA<\/strong><\/span><\/a><\/p>\n","protected":false},"featured_media":5921,"comment_status":"open","ping_status":"closed","template":"","meta":[],"product_brand":[],"product_cat":[154],"product_tag":[],"class_list":{"0":"post-5914","1":"product","2":"type-product","3":"status-publish","4":"has-post-thumbnail","6":"product_cat-planta-fitoremediere","7":"pa_abitanti-equivalenti-1-5","8":"pa_abitanti-equivalenti-110-5","9":"pa_abitanti-equivalenti-126-5","10":"pa_abitanti-equivalenti-160-5","11":"pa_abitanti-equivalenti-2-5","12":"pa_abitanti-equivalenti-200-5","13":"pa_abitanti-equivalenti-50-9","14":"pa_abitanti-equivalenti-75-5","15":"pa_abitanti-equivalenti-80-5","16":"pa_abitanti-equivalenti-10-ro","17":"pa_abitanti-equivalenti-10-12-ro","18":"pa_abitanti-equivalenti-108-ro","19":"pa_abitanti-equivalenti-11-ro","20":"pa_abitanti-equivalenti-12-ro","21":"pa_abitanti-equivalenti-13-ro","22":"pa_abitanti-equivalenti-14-ro","23":"pa_abitanti-equivalenti-140-ro","24":"pa_abitanti-equivalenti-15-ro","25":"pa_abitanti-equivalenti-15-18-ro","26":"pa_abitanti-equivalenti-16-ro","27":"pa_abitanti-equivalenti-165-ro","28":"pa_abitanti-equivalenti-17-ro","29":"pa_abitanti-equivalenti-17-22-ro","30":"pa_abitanti-equivalenti-18-ro","31":"pa_abitanti-equivalenti-18-23-ro","32":"pa_abitanti-equivalenti-20-ro","33":"pa_abitanti-equivalenti-21-ro","34":"pa_abitanti-equivalenti-210-ro","35":"pa_abitanti-equivalenti-22-ro","36":"pa_abitanti-equivalenti-23-ro","37":"pa_abitanti-equivalenti-24-ro","38":"pa_abitanti-equivalenti-25-ro","39":"pa_abitanti-equivalenti-25-30-ro","40":"pa_abitanti-equivalenti-250-ro","41":"pa_abitanti-equivalenti-26-ro","42":"pa_abitanti-equivalenti-27-ro","43":"pa_abitanti-equivalenti-28-ro","44":"pa_abitanti-equivalenti-3-ro","45":"pa_abitanti-equivalenti-30-ro","46":"pa_abitanti-equivalenti-31-ro","47":"pa_abitanti-equivalenti-32-ro","48":"pa_abitanti-equivalenti-33-ro","49":"pa_abitanti-equivalenti-35-ro","50":"pa_abitanti-equivalenti-36-ro","51":"pa_abitanti-equivalenti-39-ro","52":"pa_abitanti-equivalenti-4-ro","53":"pa_abitanti-equivalenti-4-5-ro","54":"pa_abitanti-equivalenti-40-ro","55":"pa_abitanti-equivalenti-40-50-ro","56":"pa_abitanti-equivalenti-42-ro","57":"pa_abitanti-equivalenti-45-ro","58":"pa_abitanti-equivalenti-47-ro","59":"pa_abitanti-equivalenti-48-ro","60":"pa_abitanti-equivalenti-5-ro","61":"pa_abitanti-equivalenti-52-ro","62":"pa_abitanti-equivalenti-55-ro","63":"pa_abitanti-equivalenti-6-ro","64":"pa_abitanti-equivalenti-6-8-ro","65":"pa_abitanti-equivalenti-60-ro","66":"pa_abitanti-equivalenti-7-ro","67":"pa_abitanti-equivalenti-70-ro","68":"pa_abitanti-equivalenti-72-ro","69":"pa_abitanti-equivalenti-8-ro","70":"pa_abitanti-equivalenti-8-10-ro","71":"pa_abitanti-equivalenti-84-ro","72":"pa_abitanti-equivalenti-9-ro","73":"pa_abitanti-equivalenti-90-ro","74":"pa_prezzo-spedizione-in-italia-inclusa-ro","76":"first","77":"outofstock","78":"shipping-taxable","79":"purchasable","80":"product-type-variable"},"_links":{"self":[{"href":"https:\/\/www.waterworld-italy.com\/ro\/wp-json\/wp\/v2\/product\/5914","targetHints":{"allow":["GET"]}}],"collection":[{"href":"https:\/\/www.waterworld-italy.com\/ro\/wp-json\/wp\/v2\/product"}],"about":[{"href":"https:\/\/www.waterworld-italy.com\/ro\/wp-json\/wp\/v2\/types\/product"}],"replies":[{"embeddable":true,"href":"https:\/\/www.waterworld-italy.com\/ro\/wp-json\/wp\/v2\/comments?post=5914"}],"wp:featuredmedia":[{"embeddable":true,"href":"https:\/\/www.waterworld-italy.com\/ro\/wp-json\/wp\/v2\/media\/5921"}],"wp:attachment":[{"href":"https:\/\/www.waterworld-italy.com\/ro\/wp-json\/wp\/v2\/media?parent=5914"}],"wp:term":[{"taxonomy":"product_brand","embeddable":true,"href":"https:\/\/www.waterworld-italy.com\/ro\/wp-json\/wp\/v2\/product_brand?post=5914"},{"taxonomy":"product_cat","embeddable":true,"href":"https:\/\/www.waterworld-italy.com\/ro\/wp-json\/wp\/v2\/product_cat?post=5914"},{"taxonomy":"product_tag","embeddable":true,"href":"https:\/\/www.waterworld-italy.com\/ro\/wp-json\/wp\/v2\/product_tag?post=5914"}],"curies":[{"name":"wp","href":"https:\/\/api.w.org\/{rel}","templated":true}]}}