{"id":6178,"date":"2020-09-10T18:41:57","date_gmt":"2020-09-10T18:41:57","guid":{"rendered":"http:\/\/www.waterworld-italy.com\/wp-admin\/?post_type=product&#038;p=6178"},"modified":"2025-02-22T09:45:11","modified_gmt":"2025-02-22T09:45:11","slug":"recipiente-de-polietilen-pentru-acid-de-baterie","status":"publish","type":"product","link":"https:\/\/www.waterworld-italy.com\/ro\/produse\/rezervoare-apa-in-polietilena\/containere-de-deseuri-periculoase\/recipiente-de-polietilen-pentru-acid-de-baterie\/","title":{"rendered":"RECIPIENTE DE POLIETILEN PENTRU ACID DE BATERIE"},"content":{"rendered":"<p>Recipient pentru de\u0219euri periculoase destinat re\u021binerii acizilor de baterii din polietilen\u0103 vertical\u0103 cu pere\u021bi dubli, cu capacitate variabil\u0103: de la 290 la 1000 litri. Au o suprafa\u021b\u0103 neted\u0103, de grosime mare, conceput\u0103 pentru a rezista \u00een mod adecvat oric\u0103ror scurgeri. Containerele pentru acizi de baterie au prevederi pentru incarcare, descarcare si golire totala; sunt echipate cu o cupol\u0103 superioar\u0103 pentru inspec\u021bie \u0219i sunt potrivite pentru re\u021binerea acizilor de baterie. \u00cen plus, rezervorul de de\u0219euri periculoase are un indicator de nivel pentru m\u0103surarea lichidului din interior. Containerele pentru baterii sunt disponibile \u00een diferite dimensiuni \u0219i includ accesorii, cu diametru \u0219i \u00een\u0103l\u021bime variabile \u00een func\u021bie de capacitatea acestora<\/p>\n","protected":false},"excerpt":{"rendered":"<p><a href=\"http:\/\/www.waterworld-italy.com\/st\/Scheda_tecnica_contenitore_acidi_.pdf\" target=\"_blank\" rel=\"noopener\"><span style=\"font-size: 14pt; color: #ffcc00;\"><strong>SCHEDA TECNICA<\/strong><\/span><\/a><\/p>\n","protected":false},"featured_media":6188,"comment_status":"open","ping_status":"closed","template":"","meta":[],"product_brand":[],"product_cat":[258],"product_tag":[],"class_list":{"0":"post-6178","1":"product","2":"type-product","3":"status-publish","4":"has-post-thumbnail","6":"product_cat-containere-de-deseuri-periculoase","7":"pa_capacita-in-litri-50-5","8":"pa_capacita-in-litri-150-ro","9":"pa_capacita-in-litri-220-ro","10":"pa_capacita-in-litri-290-ro","11":"pa_capacita-in-litri-299-ro","12":"pa_capacita-in-litri-300-ro","13":"pa_capacita-in-litri-301-ro","14":"pa_capacita-in-litri-315-ro","15":"pa_capacita-in-litri-400-5","16":"pa_capacita-in-litri-500-ro","17":"pa_capacita-in-litri-501-ro","18":"pa_capacita-in-litri-502-ro","19":"pa_capacita-in-litri-535-5","20":"pa_capacita-in-litri-538-ro","21":"pa_capacita-in-litri-565-ro","22":"pa_capacita-in-litri-750-ro","23":"pa_capacita-in-litri-800-ro","24":"pa_capacita-in-litri-1000-ro","25":"pa_capacita-in-litri-1001-ro","26":"pa_capacita-in-litri-1020-ro","27":"pa_capacita-in-litri-1021-ro","28":"pa_capacita-in-litri-1040-ro","29":"pa_capacita-in-litri-1100-ro","30":"pa_capacita-in-litri-1350-ro","31":"pa_capacita-in-litri-1450-ro","32":"pa_capacita-in-litri-1500-ro","33":"pa_capacita-in-litri-1600-ro","34":"pa_capacita-in-litri-1665-ro","35":"pa_capacita-in-litri-1700-ro","36":"pa_capacita-in-litri-2000-ro","37":"pa_capacita-in-litri-2001-ro","38":"pa_capacita-in-litri-2075-ro","39":"pa_capacita-in-litri-2200-ro","40":"pa_capacita-in-litri-2201-ro","41":"pa_capacita-in-litri-2380-ro","42":"pa_capacita-in-litri-2700-ro","43":"pa_capacita-in-litri-2850-ro","44":"pa_capacita-in-litri-3000-ro","45":"pa_capacita-in-litri-3001-ro","46":"pa_capacita-in-litri-3050-ro","47":"pa_capacita-in-litri-3100-ro","48":"pa_capacita-in-litri-3105-ro","49":"pa_capacita-in-litri-3200-ro","50":"pa_capacita-in-litri-3260-ro","51":"pa_capacita-in-litri-3500-ro","52":"pa_capacita-in-litri-4000-ro","53":"pa_capacita-in-litri-4050-ro","54":"pa_capacita-in-litri-4200-ro","55":"pa_capacita-in-litri-4400-ro","56":"pa_capacita-in-litri-4500-ro","57":"pa_capacita-in-litri-4600-ro","58":"pa_capacita-in-litri-4905-ro","59":"pa_capacita-in-litri-5000-ro","60":"pa_capacita-in-litri-5001-ro","61":"pa_capacita-in-litri-5050-ro","62":"pa_capacita-in-litri-5100-ro","63":"pa_capacita-in-litri-5300-ro","64":"pa_capacita-in-litri-5400-ro","65":"pa_capacita-in-litri-5500-ro","66":"pa_capacita-in-litri-5700-ro","67":"pa_capacita-in-litri-5900-ro","68":"pa_capacita-in-litri-6000-ro","69":"pa_capacita-in-litri-7200-ro","70":"pa_capacita-in-litri-7350-ro","71":"pa_capacita-in-litri-7500-ro","72":"pa_capacita-in-litri-7800-ro","73":"pa_capacita-in-litri-8000-ro","74":"pa_capacita-in-litri-8200-ro","75":"pa_capacita-in-litri-9800-ro","76":"pa_capacita-in-litri-10000-ro","77":"pa_capacita-in-litri-10400-ro","78":"pa_capacita-in-litri-10700-ro","79":"pa_capacita-in-litri-11000-ro","80":"pa_capacita-in-litri-11150-ro","81":"pa_capacita-in-litri-12000-ro","82":"pa_capacita-in-litri-12200-ro","83":"pa_capacita-in-litri-14000-ro","84":"pa_capacita-in-litri-14300-ro","85":"pa_capacita-in-litri-15000-ro","86":"pa_capacita-in-litri-16300-ro","87":"pa_capacita-in-litri-18700-ro","88":"pa_capacita-in-litri-21500-ro","89":"pa_capacita-in-litri-32400-ro","90":"pa_capacita-in-litri-39100-ro","91":"pa_capacita-in-litri-46300-ro","92":"pa_capacita-in-litri-50000-ro","93":"pa_prezzo-spedizione-in-italia-inclusa-ro","95":"first","96":"outofstock","97":"shipping-taxable","98":"purchasable","99":"product-type-variable"},"_links":{"self":[{"href":"https:\/\/www.waterworld-italy.com\/ro\/wp-json\/wp\/v2\/product\/6178","targetHints":{"allow":["GET"]}}],"collection":[{"href":"https:\/\/www.waterworld-italy.com\/ro\/wp-json\/wp\/v2\/product"}],"about":[{"href":"https:\/\/www.waterworld-italy.com\/ro\/wp-json\/wp\/v2\/types\/product"}],"replies":[{"embeddable":true,"href":"https:\/\/www.waterworld-italy.com\/ro\/wp-json\/wp\/v2\/comments?post=6178"}],"wp:featuredmedia":[{"embeddable":true,"href":"https:\/\/www.waterworld-italy.com\/ro\/wp-json\/wp\/v2\/media\/6188"}],"wp:attachment":[{"href":"https:\/\/www.waterworld-italy.com\/ro\/wp-json\/wp\/v2\/media?parent=6178"}],"wp:term":[{"taxonomy":"product_brand","embeddable":true,"href":"https:\/\/www.waterworld-italy.com\/ro\/wp-json\/wp\/v2\/product_brand?post=6178"},{"taxonomy":"product_cat","embeddable":true,"href":"https:\/\/www.waterworld-italy.com\/ro\/wp-json\/wp\/v2\/product_cat?post=6178"},{"taxonomy":"product_tag","embeddable":true,"href":"https:\/\/www.waterworld-italy.com\/ro\/wp-json\/wp\/v2\/product_tag?post=6178"}],"curies":[{"name":"wp","href":"https:\/\/api.w.org\/{rel}","templated":true}]}}