{"id":6328,"date":"2021-04-28T14:43:40","date_gmt":"2021-04-28T14:43:40","guid":{"rendered":"http:\/\/www.waterworld-italy.com\/wp-admin\/?post_type=product&#038;p=6328"},"modified":"2024-11-27T15:44:31","modified_gmt":"2024-11-27T15:44:31","slug":"chiuveta-pentru-baie-chimicala-cu-pompa-cu-diafragma-actata-picior-4","status":"publish","type":"product","link":"https:\/\/www.waterworld-italy.com\/ro\/produse\/chimice-bai\/chimice-accesorii-baie\/chiuveta-pentru-baie-chimicala-cu-pompa-cu-diafragma-actata-picior-4\/","title":{"rendered":"Lavoar pentru baie chimic\u0103 cu pomp\u0103 cu diafragm\u0103 ac\u021bionat\u0103 cu piciorul"},"content":{"rendered":"<p>Chiuvet\u0103 cu pomp\u0103 cu diafragm\u0103 ac\u021bionat\u0103 cu piciorul, complet\u0103 cu capac de umplere pentru a fi instalat\u0103 ca accesoriu pe toaletele chimice. Capacitate de 60 de litri pentru 170 de utiliz\u0103ri.<\/p>\n","protected":false},"excerpt":{"rendered":"<p>Lavabo per bagno chimico con pompa a membrana azionata a pedale<\/p>\n","protected":false},"featured_media":6329,"comment_status":"open","ping_status":"open","template":"","meta":[],"product_brand":[],"product_cat":[254,266],"product_tag":[],"class_list":{"0":"post-6328","1":"product","2":"type-product","3":"status-publish","4":"has-post-thumbnail","6":"product_cat-chimice-bai","7":"product_cat-chimice-accesorii-baie","8":"pa_prezzo-spedizione-in-italia-inclusa-ro","10":"first","11":"instock","12":"shipping-taxable","13":"purchasable","14":"product-type-simple"},"_links":{"self":[{"href":"https:\/\/www.waterworld-italy.com\/ro\/wp-json\/wp\/v2\/product\/6328","targetHints":{"allow":["GET"]}}],"collection":[{"href":"https:\/\/www.waterworld-italy.com\/ro\/wp-json\/wp\/v2\/product"}],"about":[{"href":"https:\/\/www.waterworld-italy.com\/ro\/wp-json\/wp\/v2\/types\/product"}],"replies":[{"embeddable":true,"href":"https:\/\/www.waterworld-italy.com\/ro\/wp-json\/wp\/v2\/comments?post=6328"}],"wp:featuredmedia":[{"embeddable":true,"href":"https:\/\/www.waterworld-italy.com\/ro\/wp-json\/wp\/v2\/media\/6329"}],"wp:attachment":[{"href":"https:\/\/www.waterworld-italy.com\/ro\/wp-json\/wp\/v2\/media?parent=6328"}],"wp:term":[{"taxonomy":"product_brand","embeddable":true,"href":"https:\/\/www.waterworld-italy.com\/ro\/wp-json\/wp\/v2\/product_brand?post=6328"},{"taxonomy":"product_cat","embeddable":true,"href":"https:\/\/www.waterworld-italy.com\/ro\/wp-json\/wp\/v2\/product_cat?post=6328"},{"taxonomy":"product_tag","embeddable":true,"href":"https:\/\/www.waterworld-italy.com\/ro\/wp-json\/wp\/v2\/product_tag?post=6328"}],"curies":[{"name":"wp","href":"https:\/\/api.w.org\/{rel}","templated":true}]}}