{"id":6368,"date":"2021-05-06T09:19:31","date_gmt":"2021-05-06T09:19:31","guid":{"rendered":"http:\/\/www.waterworld-italy.com\/wp-admin\/?post_type=product&#038;p=6368"},"modified":"2024-11-27T15:44:32","modified_gmt":"2024-11-27T15:44:32","slug":"gel-de-spalare-maninile-pentru-baie-chimica-4","status":"publish","type":"product","link":"https:\/\/www.waterworld-italy.com\/ro\/produse\/chimice-bai\/chimice-accesorii-baie\/gel-de-spalare-maninile-pentru-baie-chimica-4\/","title":{"rendered":"Gel de spalat maini pentru bai chimice"},"content":{"rendered":"<p>Re\u00eenc\u0103rcare cu gel neutru pentru sp\u0103larea m\u00e2inilor, cu auto-uscare. Pachet de 18 buc\u0103\u021bi fiecare de 800 ml \u0219i n. 1600 de utiliz\u0103ri.<\/p>\n","protected":false},"excerpt":{"rendered":"<p>Refill gel lavamani auto asciugante neutro. Confezione da 18 pezzi.<\/p>\n","protected":false},"featured_media":6369,"comment_status":"open","ping_status":"open","template":"","meta":[],"product_brand":[],"product_cat":[254,266],"product_tag":[],"class_list":{"0":"post-6368","1":"product","2":"type-product","3":"status-publish","4":"has-post-thumbnail","6":"product_cat-chimice-bai","7":"product_cat-chimice-accesorii-baie","8":"pa_prezzo-spedizione-in-italia-inclusa-ro","10":"first","11":"instock","12":"shipping-taxable","13":"purchasable","14":"product-type-simple"},"_links":{"self":[{"href":"https:\/\/www.waterworld-italy.com\/ro\/wp-json\/wp\/v2\/product\/6368","targetHints":{"allow":["GET"]}}],"collection":[{"href":"https:\/\/www.waterworld-italy.com\/ro\/wp-json\/wp\/v2\/product"}],"about":[{"href":"https:\/\/www.waterworld-italy.com\/ro\/wp-json\/wp\/v2\/types\/product"}],"replies":[{"embeddable":true,"href":"https:\/\/www.waterworld-italy.com\/ro\/wp-json\/wp\/v2\/comments?post=6368"}],"wp:featuredmedia":[{"embeddable":true,"href":"https:\/\/www.waterworld-italy.com\/ro\/wp-json\/wp\/v2\/media\/6369"}],"wp:attachment":[{"href":"https:\/\/www.waterworld-italy.com\/ro\/wp-json\/wp\/v2\/media?parent=6368"}],"wp:term":[{"taxonomy":"product_brand","embeddable":true,"href":"https:\/\/www.waterworld-italy.com\/ro\/wp-json\/wp\/v2\/product_brand?post=6368"},{"taxonomy":"product_cat","embeddable":true,"href":"https:\/\/www.waterworld-italy.com\/ro\/wp-json\/wp\/v2\/product_cat?post=6368"},{"taxonomy":"product_tag","embeddable":true,"href":"https:\/\/www.waterworld-italy.com\/ro\/wp-json\/wp\/v2\/product_tag?post=6368"}],"curies":[{"name":"wp","href":"https:\/\/api.w.org\/{rel}","templated":true}]}}