{"id":6520,"date":"2023-03-24T10:10:24","date_gmt":"2023-03-24T10:10:24","guid":{"rendered":"http:\/\/www.waterworld-italy.com\/wp-admin\/?post_type=product&#038;p=6520"},"modified":"2024-11-27T15:44:38","modified_gmt":"2024-11-27T15:44:38","slug":"tub-imhoff-da-3-ae-4","status":"publish","type":"product","link":"https:\/\/www.waterworld-italy.com\/ro\/produse\/statii-epurare-ape-uzate\/rezervoare-imhoff-fila-scurgere-3\/tub-imhoff-da-3-ae-4\/","title":{"rendered":"imhoff cada 3 pe"},"content":{"rendered":"<table width=\"1011\">\n<tbody>\n<tr>\n<td width=\"1011\">Piscina imhoff de la etajul 3 este format\u0103 din dou\u0103 zone \u00eemp\u0103r\u021bite \u00eentre ele. \u00cen primul compartiment exist\u0103 o zon\u0103 numit\u0103 digestie \u00een timp ce \u00een al doilea asist\u0103m la a\u0219a-numita digestie a n\u0103molului care duce la degradarea apei uzate. Dimensiuni: 80 cm. X 80 cm. X 106 cm \u00een\u0103l\u021bime<\/td>\n<\/tr>\n<\/tbody>\n<p><\/tabel><\/p>\n","protected":false},"excerpt":{"rendered":"<p><strong><a title=\"SCHEDA\" href=\"http:\/\/www.waterworld-italy.com\/st\/IMF_L_500_DS .pdf\" target=\"_blank\" rel=\"noopene noopener\">SCHEDA TECNICA<\/a><br \/><\/strong><\/p>\n","protected":false},"featured_media":6521,"comment_status":"open","ping_status":"open","template":"","meta":[],"product_brand":[],"product_cat":[286],"product_tag":[],"class_list":{"0":"post-6520","1":"product","2":"type-product","3":"status-publish","4":"has-post-thumbnail","6":"product_cat-rezervoare-imhoff-fila-scurgere-3","8":"first","9":"instock","10":"shipping-taxable","11":"purchasable","12":"product-type-simple"},"_links":{"self":[{"href":"https:\/\/www.waterworld-italy.com\/ro\/wp-json\/wp\/v2\/product\/6520","targetHints":{"allow":["GET"]}}],"collection":[{"href":"https:\/\/www.waterworld-italy.com\/ro\/wp-json\/wp\/v2\/product"}],"about":[{"href":"https:\/\/www.waterworld-italy.com\/ro\/wp-json\/wp\/v2\/types\/product"}],"replies":[{"embeddable":true,"href":"https:\/\/www.waterworld-italy.com\/ro\/wp-json\/wp\/v2\/comments?post=6520"}],"wp:featuredmedia":[{"embeddable":true,"href":"https:\/\/www.waterworld-italy.com\/ro\/wp-json\/wp\/v2\/media\/6521"}],"wp:attachment":[{"href":"https:\/\/www.waterworld-italy.com\/ro\/wp-json\/wp\/v2\/media?parent=6520"}],"wp:term":[{"taxonomy":"product_brand","embeddable":true,"href":"https:\/\/www.waterworld-italy.com\/ro\/wp-json\/wp\/v2\/product_brand?post=6520"},{"taxonomy":"product_cat","embeddable":true,"href":"https:\/\/www.waterworld-italy.com\/ro\/wp-json\/wp\/v2\/product_cat?post=6520"},{"taxonomy":"product_tag","embeddable":true,"href":"https:\/\/www.waterworld-italy.com\/ro\/wp-json\/wp\/v2\/product_tag?post=6520"}],"curies":[{"name":"wp","href":"https:\/\/api.w.org\/{rel}","templated":true}]}}