{"id":6552,"date":"2023-03-24T10:30:40","date_gmt":"2023-03-24T10:30:40","guid":{"rendered":"http:\/\/www.waterworld-italy.com\/wp-admin\/?post_type=product&#038;p=6552"},"modified":"2024-11-27T15:44:39","modified_gmt":"2024-11-27T15:44:39","slug":"tub-imhoff-da-10-ae-4","status":"publish","type":"product","link":"https:\/\/www.waterworld-italy.com\/ro\/produse\/statii-epurare-ape-uzate\/rezervoare-imhoff-fila-scurgere-3\/tub-imhoff-da-10-ae-4\/","title":{"rendered":"Rezervor Imhoff de 10 A"},"content":{"rendered":"<table width=\"1011\">\n<tbody>\n<tr>\n<td width=\"1011\">Examina\u021bi 10 buc\u0103\u021bi pentru a elimina acest format \u00een dou\u0103 zone separate, una c\u00e2te una. In primul compartiment se afla o zona digestiva, unde tubul digestiv este prezent pentru a nu reduce degradarea alimentelor. Dimensiuni: 130 cm. X 130 cm. x 150 cm \u00een\u0103l\u021bime<\/td>\n<\/tr>\n<\/tbody>\n<p><\/tabel><\/p>\n","protected":false},"excerpt":{"rendered":"<p><strong><a title=\"CARD\" href=\"http:\/\/www.waterworld-italy.com\/st\/IMF_C_1400_DS.pdf\" target=\"_blank\" rel=\"noopene\">FOAIE<\/a><br \/><\/strong><\/p>\n","protected":false},"featured_media":6553,"comment_status":"open","ping_status":"open","template":"","meta":[],"product_brand":[],"product_cat":[286],"product_tag":[],"class_list":{"0":"post-6552","1":"product","2":"type-product","3":"status-publish","4":"has-post-thumbnail","6":"product_cat-rezervoare-imhoff-fila-scurgere-3","8":"first","9":"instock","10":"shipping-taxable","11":"purchasable","12":"product-type-simple"},"_links":{"self":[{"href":"https:\/\/www.waterworld-italy.com\/ro\/wp-json\/wp\/v2\/product\/6552","targetHints":{"allow":["GET"]}}],"collection":[{"href":"https:\/\/www.waterworld-italy.com\/ro\/wp-json\/wp\/v2\/product"}],"about":[{"href":"https:\/\/www.waterworld-italy.com\/ro\/wp-json\/wp\/v2\/types\/product"}],"replies":[{"embeddable":true,"href":"https:\/\/www.waterworld-italy.com\/ro\/wp-json\/wp\/v2\/comments?post=6552"}],"wp:featuredmedia":[{"embeddable":true,"href":"https:\/\/www.waterworld-italy.com\/ro\/wp-json\/wp\/v2\/media\/6553"}],"wp:attachment":[{"href":"https:\/\/www.waterworld-italy.com\/ro\/wp-json\/wp\/v2\/media?parent=6552"}],"wp:term":[{"taxonomy":"product_brand","embeddable":true,"href":"https:\/\/www.waterworld-italy.com\/ro\/wp-json\/wp\/v2\/product_brand?post=6552"},{"taxonomy":"product_cat","embeddable":true,"href":"https:\/\/www.waterworld-italy.com\/ro\/wp-json\/wp\/v2\/product_cat?post=6552"},{"taxonomy":"product_tag","embeddable":true,"href":"https:\/\/www.waterworld-italy.com\/ro\/wp-json\/wp\/v2\/product_tag?post=6552"}],"curies":[{"name":"wp","href":"https:\/\/api.w.org\/{rel}","templated":true}]}}